{"id":7572,"date":"2022-08-31T08:46:19","date_gmt":"2022-08-31T08:46:19","guid":{"rendered":"https:\/\/www.viskanspa.se\/?post_type=product&#038;p=7572"},"modified":"2025-12-05T08:03:09","modified_gmt":"2025-12-05T08:03:09","slug":"thermolock-svart-tyg","status":"publish","type":"product","link":"https:\/\/www.viskanspa.se\/en\/spabad\/tillbehor\/thermolock-svart-tyg\/","title":{"rendered":"Thermal Lid Black Fabric"},"content":{"rendered":"","protected":false},"excerpt":{"rendered":"<p><strong>Rek. pris: 8 995 kr<br \/>\n<\/strong><\/p>\n<p data-start=\"89\" data-end=\"321\"><strong data-start=\"89\" data-end=\"152\">V\u00e5ra lock \u00e4r byggda f\u00f6r att h\u00e5lla v\u00e4rmen \u2013 och h\u00e5lla l\u00e4nge.<\/strong><br data-start=\"152\" data-end=\"155\" \/>De har en kraftig k\u00e4rna av cellplast inplastad i aluminiumfolie som ger \u00f6verl\u00e4gsen isolering, \u00e5r efter \u00e5r. Tack vare en stabil f\u00f6rst\u00e4rkning beh\u00e5ller locket sin form och b\u00e5gnar inte.<\/p>\n<p data-start=\"323\" data-end=\"595\">\u00d6verdraget \u00e4r tillverkat i genomf\u00e4rgad polyesterv\u00e4v. Det \u00e4r flexibelt, t\u00e5ligt och utvecklat f\u00f6r nordiskt klimat. Materialet st\u00e5r emot UV-str\u00e5lning, vatten, m\u00f6gel och slitage \u2013 och h\u00e5ller sig snyggt utan att krympa eller t\u00f6jas. Kan enkelt borstas, sk\u00f6ljas eller tv\u00e4ttas av.<\/p>\n<p data-start=\"597\" data-end=\"724\"><strong data-start=\"652\" data-end=\"724\">Ett lock som skyddar ditt bad, sparar energi och \u00e4r snyggt.<\/strong><\/p>\n<p>V\u00e4lj den storlek som passar ditt spabad:<\/p>\n<p>200\u00d7200 cm<\/p>\n<p>210\u00d7210 cm<\/p>\n<p>Runt \u00d8210cm<\/p>\n<p>230\u00d7230 cm<\/p>\n<p>210\u00d7177 cm<\/p>\n<p>Kjolen som g\u00e5r ner p\u00e5 sidan av locket \u00e4r 10 cm och locken v\u00e4ger ca 17 kg.<\/p>\n<p>&nbsp;<\/p>\n<p>&nbsp;<\/p>","protected":false},"featured_media":14067,"template":"","meta":{"_acf_changed":false},"product_brand":[],"product_cat":[58,62],"product_tag":[],"class_list":{"0":"post-7572","1":"product","2":"type-product","3":"status-publish","4":"has-post-thumbnail","6":"product_cat-tillbehor","7":"product_cat-for-aterforsaljare","9":"first","10":"instock","11":"taxable","12":"shipping-taxable","13":"purchasable","14":"product-type-variable"},"acf":[],"_links":{"self":[{"href":"https:\/\/www.viskanspa.se\/en\/wp-json\/wp\/v2\/product\/7572","targetHints":{"allow":["GET"]}}],"collection":[{"href":"https:\/\/www.viskanspa.se\/en\/wp-json\/wp\/v2\/product"}],"about":[{"href":"https:\/\/www.viskanspa.se\/en\/wp-json\/wp\/v2\/types\/product"}],"wp:featuredmedia":[{"embeddable":true,"href":"https:\/\/www.viskanspa.se\/en\/wp-json\/wp\/v2\/media\/14067"}],"wp:attachment":[{"href":"https:\/\/www.viskanspa.se\/en\/wp-json\/wp\/v2\/media?parent=7572"}],"wp:term":[{"taxonomy":"product_brand","embeddable":true,"href":"https:\/\/www.viskanspa.se\/en\/wp-json\/wp\/v2\/product_brand?post=7572"},{"taxonomy":"product_cat","embeddable":true,"href":"https:\/\/www.viskanspa.se\/en\/wp-json\/wp\/v2\/product_cat?post=7572"},{"taxonomy":"product_tag","embeddable":true,"href":"https:\/\/www.viskanspa.se\/en\/wp-json\/wp\/v2\/product_tag?post=7572"}],"curies":[{"name":"wp","href":"https:\/\/api.w.org\/{rel}","templated":true}]}}