{"id":7253,"date":"2022-07-13T08:35:07","date_gmt":"2022-07-13T08:35:07","guid":{"rendered":"https:\/\/www.viskanspa.se\/?post_type=product&#038;p=7253"},"modified":"2023-05-09T06:33:06","modified_gmt":"2023-05-09T06:33:06","slug":"schampoo","status":"publish","type":"product","link":"https:\/\/www.viskanspa.se\/en\/spabad\/vardserie\/schampoo\/","title":{"rendered":"Schampoo"},"content":{"rendered":"","protected":false},"excerpt":{"rendered":"<p class=\"p1\">SpaCare Schampoo<\/p>\n<p>Exklusivt v\u00e5rdande schampo med en frisk doft av grapefrukt.\u00a0<strong>Fresh Grapefruit Shampoo<\/strong>\u00a0inneh\u00e5ller extrakt av aloe vera och \u00e4r berikat med proteiner och vitaminer som st\u00e4rker h\u00e5ret och bevarar den naturliga fuktigheten.\u00a0<strong>Fresh Grapefruit Shampoo<\/strong>\u00a0\u00e4r speciellt l\u00e4mpligt efter bad i spabad eller pooler, eftersom det tar bort klorlukten.<\/p>\n<p>F\u00f6rp. 250 ml<\/p>","protected":false},"featured_media":0,"template":"","meta":{"_acf_changed":false},"product_brand":[],"product_cat":[60],"product_tag":[],"class_list":{"0":"post-7253","1":"product","2":"type-product","3":"status-publish","5":"product_cat-vardserie","7":"first","8":"instock","9":"taxable","10":"shipping-taxable","11":"purchasable","12":"product-type-simple"},"acf":[],"_links":{"self":[{"href":"https:\/\/www.viskanspa.se\/en\/wp-json\/wp\/v2\/product\/7253","targetHints":{"allow":["GET"]}}],"collection":[{"href":"https:\/\/www.viskanspa.se\/en\/wp-json\/wp\/v2\/product"}],"about":[{"href":"https:\/\/www.viskanspa.se\/en\/wp-json\/wp\/v2\/types\/product"}],"wp:attachment":[{"href":"https:\/\/www.viskanspa.se\/en\/wp-json\/wp\/v2\/media?parent=7253"}],"wp:term":[{"taxonomy":"product_brand","embeddable":true,"href":"https:\/\/www.viskanspa.se\/en\/wp-json\/wp\/v2\/product_brand?post=7253"},{"taxonomy":"product_cat","embeddable":true,"href":"https:\/\/www.viskanspa.se\/en\/wp-json\/wp\/v2\/product_cat?post=7253"},{"taxonomy":"product_tag","embeddable":true,"href":"https:\/\/www.viskanspa.se\/en\/wp-json\/wp\/v2\/product_tag?post=7253"}],"curies":[{"name":"wp","href":"https:\/\/api.w.org\/{rel}","templated":true}]}}