{"id":7200,"date":"2022-07-13T06:31:49","date_gmt":"2022-07-13T06:31:49","guid":{"rendered":"https:\/\/www.viskanspa.se\/?post_type=product&#038;p=7200"},"modified":"2025-12-11T10:48:03","modified_gmt":"2025-12-11T10:48:03","slug":"bromintabletter","status":"publish","type":"product","link":"https:\/\/www.viskanspa.se\/en\/spabad\/vattenvard\/bromintabletter\/","title":{"rendered":"Bromin Tablets"},"content":{"rendered":"","protected":false},"excerpt":{"rendered":"<p>SpaCare Bromintabletter<\/p>\n<p>SpaCare Bromintabletter anv\u00e4nds f\u00f6r att s\u00e4kerst\u00e4lla vattenhygienen i spabad utomhus f\u00f6r att undvika klorlukt.<\/p>\n<p>Tabletterna tills\u00e4tts i en tabletth\u00e5llare eller ett doseringsr\u00f6r \u2013 aldrig direkt i vattnet. Ska anv\u00e4ndas tillsammans med SpaCare SpaChock.<\/p>\n<p>Vanlig dosering f\u00f6r ett spabad brukar vara kring 1-2 tabletter i veckan, men det viktigaste \u00e4r att justera s\u00e5 att bromniv\u00e5n ligger stabilt p\u00e5 3\u20135 ppm. Ligger det f\u00f6r h\u00f6gt, minska och ligger det f\u00f6r l\u00e5gt kan du l\u00e4gga i en extra tablett.<\/p>\n<p>F\u00f6rp. 1 kg<\/p>\n<p><strong>Rek.pris: 510kr<\/strong><\/p>","protected":false},"featured_media":8442,"template":"","meta":{"_acf_changed":false},"product_brand":[],"product_cat":[61,62],"product_tag":[],"class_list":{"0":"post-7200","1":"product","2":"type-product","3":"status-publish","4":"has-post-thumbnail","6":"product_cat-vattenvard","7":"product_cat-for-aterforsaljare","9":"first","10":"instock","11":"taxable","12":"shipping-taxable","13":"purchasable","14":"product-type-simple"},"acf":[],"_links":{"self":[{"href":"https:\/\/www.viskanspa.se\/en\/wp-json\/wp\/v2\/product\/7200","targetHints":{"allow":["GET"]}}],"collection":[{"href":"https:\/\/www.viskanspa.se\/en\/wp-json\/wp\/v2\/product"}],"about":[{"href":"https:\/\/www.viskanspa.se\/en\/wp-json\/wp\/v2\/types\/product"}],"wp:featuredmedia":[{"embeddable":true,"href":"https:\/\/www.viskanspa.se\/en\/wp-json\/wp\/v2\/media\/8442"}],"wp:attachment":[{"href":"https:\/\/www.viskanspa.se\/en\/wp-json\/wp\/v2\/media?parent=7200"}],"wp:term":[{"taxonomy":"product_brand","embeddable":true,"href":"https:\/\/www.viskanspa.se\/en\/wp-json\/wp\/v2\/product_brand?post=7200"},{"taxonomy":"product_cat","embeddable":true,"href":"https:\/\/www.viskanspa.se\/en\/wp-json\/wp\/v2\/product_cat?post=7200"},{"taxonomy":"product_tag","embeddable":true,"href":"https:\/\/www.viskanspa.se\/en\/wp-json\/wp\/v2\/product_tag?post=7200"}],"curies":[{"name":"wp","href":"https:\/\/api.w.org\/{rel}","templated":true}]}}