{"id":7184,"date":"2022-07-12T14:21:48","date_gmt":"2022-07-12T14:21:48","guid":{"rendered":"https:\/\/www.viskanspa.se\/?post_type=product&#038;p=7184"},"modified":"2025-12-11T10:20:23","modified_gmt":"2025-12-11T10:20:23","slug":"sunwac-12","status":"publish","type":"product","link":"https:\/\/www.viskanspa.se\/en\/spabad\/vattenvard\/sunwac-12\/","title":{"rendered":"Sunwac 12"},"content":{"rendered":"","protected":false},"excerpt":{"rendered":"<p class=\"p1\">SpaCare Sunwac 12<\/p>\n<p>SunWac 12 \u00e4r snabbl\u00f6sande klortabletter som anv\u00e4nds f\u00f6r att desinficera och h\u00e5lla spabadsvattnet rent och fr\u00e4scht. Med SunWac 12 f\u00e5r du rent och v\u00e4lluktande vatten i ditt spabad. Produkten har ett tillsatt mintextrakt, som ger vattnet en h\u00e4rlig, avslappnande doft. Tabletterna \u00e4r utvecklade i Danmark och passar till alla typer av vatten i Skandinavien. Tills\u00e4tt 1 tablett f\u00f6re bad och 1 tablett efter bad (f\u00f6r spabad med 1000\u20131500 liter vatten).<\/p>\n<p>F\u00f6rp. 100 tabletter<\/p>\n<p>Hur mycket ska du tills\u00e4tta? Anv\u00e4nd SpaCare\u00b4s\u00a0<a class=\"open-spaberegner\" href=\"https:\/\/spacare.se\/spabadsraknare\" target=\"_blank\" rel=\"noopener\">spabadsr\u00e4knare<\/a>.<\/p>\n<p>&nbsp;<\/p>","protected":false},"featured_media":8433,"template":"","meta":{"_acf_changed":false},"product_brand":[],"product_cat":[61,62,103],"product_tag":[],"class_list":{"0":"post-7184","1":"product","2":"type-product","3":"status-publish","4":"has-post-thumbnail","6":"product_cat-vattenvard","7":"product_cat-for-aterforsaljare","8":"product_cat-klor","10":"first","11":"instock","12":"taxable","13":"shipping-taxable","14":"purchasable","15":"product-type-simple"},"acf":[],"_links":{"self":[{"href":"https:\/\/www.viskanspa.se\/en\/wp-json\/wp\/v2\/product\/7184","targetHints":{"allow":["GET"]}}],"collection":[{"href":"https:\/\/www.viskanspa.se\/en\/wp-json\/wp\/v2\/product"}],"about":[{"href":"https:\/\/www.viskanspa.se\/en\/wp-json\/wp\/v2\/types\/product"}],"wp:featuredmedia":[{"embeddable":true,"href":"https:\/\/www.viskanspa.se\/en\/wp-json\/wp\/v2\/media\/8433"}],"wp:attachment":[{"href":"https:\/\/www.viskanspa.se\/en\/wp-json\/wp\/v2\/media?parent=7184"}],"wp:term":[{"taxonomy":"product_brand","embeddable":true,"href":"https:\/\/www.viskanspa.se\/en\/wp-json\/wp\/v2\/product_brand?post=7184"},{"taxonomy":"product_cat","embeddable":true,"href":"https:\/\/www.viskanspa.se\/en\/wp-json\/wp\/v2\/product_cat?post=7184"},{"taxonomy":"product_tag","embeddable":true,"href":"https:\/\/www.viskanspa.se\/en\/wp-json\/wp\/v2\/product_tag?post=7184"}],"curies":[{"name":"wp","href":"https:\/\/api.w.org\/{rel}","templated":true}]}}