{"id":618,"date":"2022-04-06T09:14:21","date_gmt":"2022-04-06T09:14:21","guid":{"rendered":"http:\/\/viskanspa-se.flywheelstaging.com\/?post_type=product&#038;p=618"},"modified":"2026-04-24T06:17:47","modified_gmt":"2026-04-24T06:17:47","slug":"viskan-sando","status":"publish","type":"product","link":"https:\/\/www.viskanspa.se\/en\/spabad\/for-aterforsaljare\/viskan-sando\/","title":{"rendered":"Viskan Sand\u00f6"},"content":{"rendered":"<p><strong>Number of seats<\/strong><br \/>\n<img decoding=\"async\" class=\"alignnone wp-image-6573\" src=\"https:\/\/www.viskanspa.se\/wp-content\/uploads\/2022\/04\/viskan_spa_antal_platser.png\" alt=\"\" width=\"24\" height=\"60\" srcset=\"https:\/\/www.viskanspa.se\/wp-content\/uploads\/2022\/04\/viskan_spa_antal_platser.png 40w, https:\/\/www.viskanspa.se\/wp-content\/uploads\/2022\/04\/viskan_spa_antal_platser-5x12.png 5w\" sizes=\"(max-width: 24px) 100vw, 24px\" \/><img decoding=\"async\" class=\"alignnone wp-image-6573\" src=\"https:\/\/www.viskanspa.se\/wp-content\/uploads\/2022\/04\/viskan_spa_antal_platser.png\" alt=\"\" width=\"24\" height=\"60\" srcset=\"https:\/\/www.viskanspa.se\/wp-content\/uploads\/2022\/04\/viskan_spa_antal_platser.png 40w, https:\/\/www.viskanspa.se\/wp-content\/uploads\/2022\/04\/viskan_spa_antal_platser-5x12.png 5w\" sizes=\"(max-width: 24px) 100vw, 24px\" \/><img decoding=\"async\" class=\"alignnone wp-image-6573\" src=\"https:\/\/www.viskanspa.se\/wp-content\/uploads\/2022\/04\/viskan_spa_antal_platser.png\" alt=\"\" width=\"24\" height=\"60\" srcset=\"https:\/\/www.viskanspa.se\/wp-content\/uploads\/2022\/04\/viskan_spa_antal_platser.png 40w, https:\/\/www.viskanspa.se\/wp-content\/uploads\/2022\/04\/viskan_spa_antal_platser-5x12.png 5w\" sizes=\"(max-width: 24px) 100vw, 24px\" \/><img decoding=\"async\" class=\"alignnone wp-image-6573\" src=\"https:\/\/www.viskanspa.se\/wp-content\/uploads\/2022\/04\/viskan_spa_antal_platser.png\" alt=\"\" width=\"24\" height=\"60\" srcset=\"https:\/\/www.viskanspa.se\/wp-content\/uploads\/2022\/04\/viskan_spa_antal_platser.png 40w, https:\/\/www.viskanspa.se\/wp-content\/uploads\/2022\/04\/viskan_spa_antal_platser-5x12.png 5w\" sizes=\"(max-width: 24px) 100vw, 24px\" \/><img decoding=\"async\" class=\"alignnone wp-image-6573\" src=\"https:\/\/www.viskanspa.se\/wp-content\/uploads\/2022\/04\/viskan_spa_antal_platser.png\" alt=\"\" width=\"24\" height=\"60\" srcset=\"https:\/\/www.viskanspa.se\/wp-content\/uploads\/2022\/04\/viskan_spa_antal_platser.png 40w, https:\/\/www.viskanspa.se\/wp-content\/uploads\/2022\/04\/viskan_spa_antal_platser-5x12.png 5w\" sizes=\"(max-width: 24px) 100vw, 24px\" \/><img decoding=\"async\" class=\"alignnone wp-image-6573\" src=\"https:\/\/www.viskanspa.se\/wp-content\/uploads\/2022\/04\/viskan_spa_antal_platser.png\" alt=\"\" width=\"24\" height=\"60\" srcset=\"https:\/\/www.viskanspa.se\/wp-content\/uploads\/2022\/04\/viskan_spa_antal_platser.png 40w, https:\/\/www.viskanspa.se\/wp-content\/uploads\/2022\/04\/viskan_spa_antal_platser-5x12.png 5w\" sizes=\"(max-width: 24px) 100vw, 24px\" \/><\/p>\n<p><strong>Type of seats<\/strong><br \/>\n<img decoding=\"async\" class=\"alignnone wp-image-6574\" src=\"https:\/\/www.viskanspa.se\/wp-content\/uploads\/2022\/04\/viskan_spa_platstyp_sittande.png\" alt=\"\" width=\"46\" height=\"60\" srcset=\"https:\/\/www.viskanspa.se\/wp-content\/uploads\/2022\/04\/viskan_spa_platstyp_sittande.png 76w, https:\/\/www.viskanspa.se\/wp-content\/uploads\/2022\/04\/viskan_spa_platstyp_sittande-64x83.png 64w, https:\/\/www.viskanspa.se\/wp-content\/uploads\/2022\/04\/viskan_spa_platstyp_sittande-9x12.png 9w\" sizes=\"(max-width: 46px) 100vw, 46px\" \/> <strong>x5<\/strong><img decoding=\"async\" class=\"alignnone wp-image-6575\" src=\"https:\/\/www.viskanspa.se\/wp-content\/uploads\/2022\/04\/viskan_spa_platstyp_liggande.png\" alt=\"\" width=\"90\" height=\"60\" srcset=\"https:\/\/www.viskanspa.se\/wp-content\/uploads\/2022\/04\/viskan_spa_platstyp_liggande.png 148w, https:\/\/www.viskanspa.se\/wp-content\/uploads\/2022\/04\/viskan_spa_platstyp_liggande-64x43.png 64w, https:\/\/www.viskanspa.se\/wp-content\/uploads\/2022\/04\/viskan_spa_platstyp_liggande-18x12.png 18w\" sizes=\"(max-width: 90px) 100vw, 90px\" \/><strong>x1<\/strong><\/p>\n<p><strong>Type of massage jets<\/strong><\/p>\n<div class=\"modells\">\n<div class=\"modell-col\">\n<div><img loading=\"lazy\" decoding=\"async\" class=\"\" src=\"\/wp-content\/uploads\/2022\/07\/viskan_spa_punktmassage.png\" alt=\"\" width=\"60\" height=\"60\" \/>Fixed, directional, single-point massage<\/div>\n<div><img loading=\"lazy\" decoding=\"async\" class=\"\" src=\"\/wp-content\/uploads\/2022\/07\/viskan_spa_knadande_massage.png\" alt=\"\" width=\"55\" height=\"55\" \/>Pummelling massage<\/div>\n<div><\/div>\n<div><strong>TILLVAL<\/strong><\/div>\n<div><img loading=\"lazy\" decoding=\"async\" class=\"\" src=\"\/wp-content\/uploads\/2022\/04\/viskan_spa__wifi_ikon.png\" alt=\"\" width=\"55\" height=\"54\" \/>Control the spa from a WiFi app on your mobile device. Available on this spa.<\/div>\n<div><img loading=\"lazy\" decoding=\"async\" class=\"alignnone wp-image-19011\" src=\"https:\/\/www.viskanspa.se\/wp-content\/uploads\/2026\/04\/Saltrening-88x88-1.png\" alt=\"Saltrening\" width=\"54\" height=\"54\" srcset=\"https:\/\/www.viskanspa.se\/wp-content\/uploads\/2026\/04\/Saltrening-88x88-1.png 88w, https:\/\/www.viskanspa.se\/wp-content\/uploads\/2026\/04\/Saltrening-88x88-1-12x12.png 12w, https:\/\/www.viskanspa.se\/wp-content\/uploads\/2026\/04\/Saltrening-88x88-1-64x64.png 64w\" sizes=\"(max-width: 54px) 100vw, 54px\" \/> Reng\u00f6r ditt spabad med saltrening. Finns som tillval p\u00e5 detta bad.<\/div>\n<div><\/div>\n<\/div>\n<\/div>\n<div>\n<div class=\"modells\">\n<div class=\"modell-col\">\n<div><strong>SHELL COLOUR<br \/>\n<img loading=\"lazy\" decoding=\"async\" class=\"alignnone wp-image-13735\" src=\"https:\/\/www.viskanspa.se\/wp-content\/uploads\/2022\/04\/Skalfarg_vit-300x237.jpg\" alt=\"\" width=\"80\" height=\"63\" srcset=\"https:\/\/www.viskanspa.se\/wp-content\/uploads\/2022\/04\/Skalfarg_vit-300x237.jpg 300w, https:\/\/www.viskanspa.se\/wp-content\/uploads\/2022\/04\/Skalfarg_vit-297x235.jpg 297w, https:\/\/www.viskanspa.se\/wp-content\/uploads\/2022\/04\/Skalfarg_vit-64x51.jpg 64w, https:\/\/www.viskanspa.se\/wp-content\/uploads\/2022\/04\/Skalfarg_vit-15x12.jpg 15w, https:\/\/www.viskanspa.se\/wp-content\/uploads\/2022\/04\/Skalfarg_vit.jpg 307w\" sizes=\"(max-width: 80px) 100vw, 80px\" \/><img loading=\"lazy\" decoding=\"async\" class=\"alignnone wp-image-13742\" src=\"https:\/\/www.viskanspa.se\/wp-content\/uploads\/2022\/04\/Sterling-skal.png\" alt=\"\" width=\"69\" height=\"69\" srcset=\"https:\/\/www.viskanspa.se\/wp-content\/uploads\/2022\/04\/Sterling-skal.png 113w, https:\/\/www.viskanspa.se\/wp-content\/uploads\/2022\/04\/Sterling-skal-100x100.png 100w, https:\/\/www.viskanspa.se\/wp-content\/uploads\/2022\/04\/Sterling-skal-64x64.png 64w, https:\/\/www.viskanspa.se\/wp-content\/uploads\/2022\/04\/Sterling-skal-12x12.png 12w\" sizes=\"(max-width: 69px) 100vw, 69px\" \/><img loading=\"lazy\" decoding=\"async\" class=\"alignnone wp-image-13748\" src=\"https:\/\/www.viskanspa.se\/wp-content\/uploads\/2022\/04\/Mystic-skal.png\" alt=\"\" width=\"70\" height=\"70\" srcset=\"https:\/\/www.viskanspa.se\/wp-content\/uploads\/2022\/04\/Mystic-skal.png 115w, https:\/\/www.viskanspa.se\/wp-content\/uploads\/2022\/04\/Mystic-skal-100x100.png 100w, https:\/\/www.viskanspa.se\/wp-content\/uploads\/2022\/04\/Mystic-skal-64x64.png 64w, https:\/\/www.viskanspa.se\/wp-content\/uploads\/2022\/04\/Mystic-skal-12x12.png 12w\" sizes=\"(max-width: 70px) 100vw, 70px\" \/><img loading=\"lazy\" decoding=\"async\" class=\"alignnone wp-image-13749\" src=\"https:\/\/www.viskanspa.se\/wp-content\/uploads\/2022\/04\/Midnight-skal.png\" alt=\"\" width=\"69\" height=\"70\" srcset=\"https:\/\/www.viskanspa.se\/wp-content\/uploads\/2022\/04\/Midnight-skal.png 114w, https:\/\/www.viskanspa.se\/wp-content\/uploads\/2022\/04\/Midnight-skal-100x100.png 100w, https:\/\/www.viskanspa.se\/wp-content\/uploads\/2022\/04\/Midnight-skal-64x65.png 64w, https:\/\/www.viskanspa.se\/wp-content\/uploads\/2022\/04\/Midnight-skal-12x12.png 12w\" sizes=\"(max-width: 69px) 100vw, 69px\" \/><br \/>\n<\/strong><\/div>\n<\/div>\n<\/div>\n<div>White\u00a0 \u00a0 \u00a0 \u00a0 \u00a0 Sterling\u00a0 \u00a0 \u00a0 \u00a0Mystic\u00a0 \u00a0 \u00a0 \u00a0 \u00a0Midnight<\/div>\n<div><b>PANEL OPTIONS<br \/>\n<img loading=\"lazy\" decoding=\"async\" class=\"alignnone wp-image-13708\" src=\"https:\/\/www.viskanspa.se\/wp-content\/uploads\/2023\/01\/Ny-Panel-Brun_3-300x300.png\" alt=\"\" width=\"107\" height=\"107\" srcset=\"https:\/\/www.viskanspa.se\/wp-content\/uploads\/2023\/01\/Ny-Panel-Brun_3-300x300.png 300w, https:\/\/www.viskanspa.se\/wp-content\/uploads\/2023\/01\/Ny-Panel-Brun_3-297x297.png 297w, https:\/\/www.viskanspa.se\/wp-content\/uploads\/2023\/01\/Ny-Panel-Brun_3-100x100.png 100w, https:\/\/www.viskanspa.se\/wp-content\/uploads\/2023\/01\/Ny-Panel-Brun_3-505x505.png 505w, https:\/\/www.viskanspa.se\/wp-content\/uploads\/2023\/01\/Ny-Panel-Brun_3-64x64.png 64w, https:\/\/www.viskanspa.se\/wp-content\/uploads\/2023\/01\/Ny-Panel-Brun_3-1024x1024.png 1024w, https:\/\/www.viskanspa.se\/wp-content\/uploads\/2023\/01\/Ny-Panel-Brun_3-150x150.png 150w, https:\/\/www.viskanspa.se\/wp-content\/uploads\/2023\/01\/Ny-Panel-Brun_3-768x768.png 768w, https:\/\/www.viskanspa.se\/wp-content\/uploads\/2023\/01\/Ny-Panel-Brun_3-12x12.png 12w, https:\/\/www.viskanspa.se\/wp-content\/uploads\/2023\/01\/Ny-Panel-Brun_3.png 1080w\" sizes=\"(max-width: 107px) 100vw, 107px\" \/>\u00a0 \u00a0 <img loading=\"lazy\" decoding=\"async\" class=\"alignnone wp-image-13711\" src=\"https:\/\/www.viskanspa.se\/wp-content\/uploads\/2023\/01\/Ny-panel-Svart_2-HIGH-RES-Svart-300x300.jpg\" alt=\"\" width=\"107\" height=\"107\" srcset=\"https:\/\/www.viskanspa.se\/wp-content\/uploads\/2023\/01\/Ny-panel-Svart_2-HIGH-RES-Svart-300x300.jpg 300w, https:\/\/www.viskanspa.se\/wp-content\/uploads\/2023\/01\/Ny-panel-Svart_2-HIGH-RES-Svart-297x297.jpg 297w, https:\/\/www.viskanspa.se\/wp-content\/uploads\/2023\/01\/Ny-panel-Svart_2-HIGH-RES-Svart-100x100.jpg 100w, https:\/\/www.viskanspa.se\/wp-content\/uploads\/2023\/01\/Ny-panel-Svart_2-HIGH-RES-Svart-505x505.jpg 505w, https:\/\/www.viskanspa.se\/wp-content\/uploads\/2023\/01\/Ny-panel-Svart_2-HIGH-RES-Svart-64x64.jpg 64w, https:\/\/www.viskanspa.se\/wp-content\/uploads\/2023\/01\/Ny-panel-Svart_2-HIGH-RES-Svart-1024x1024.jpg 1024w, https:\/\/www.viskanspa.se\/wp-content\/uploads\/2023\/01\/Ny-panel-Svart_2-HIGH-RES-Svart-150x150.jpg 150w, https:\/\/www.viskanspa.se\/wp-content\/uploads\/2023\/01\/Ny-panel-Svart_2-HIGH-RES-Svart-768x768.jpg 768w, https:\/\/www.viskanspa.se\/wp-content\/uploads\/2023\/01\/Ny-panel-Svart_2-HIGH-RES-Svart-12x12.jpg 12w, https:\/\/www.viskanspa.se\/wp-content\/uploads\/2023\/01\/Ny-panel-Svart_2-HIGH-RES-Svart.jpg 1080w\" sizes=\"(max-width: 107px) 100vw, 107px\" \/><br \/>\n<\/b><\/div>\n<div>Sand\u00a0 \u00a0 \u00a0 \u00a0 \u00a0 \u00a0 \u00a0 \u00a0 \u00a0 \u00a0 Svart<\/div>\n<\/div>","protected":false},"excerpt":{"rendered":"<div class=\"woocommerce-product-details__short-description\">\n<h4>Large spa and value for money<\/h4>\n<p>Sand\u00f6 \u00e4r ett riktigt prisv\u00e4rt spabad. Badet m\u00e4ter 230\u00d7230 cm och har ett h\u00e4rligt, djupt baddjup. Sand\u00f6 har 2 massagepumpar, dubbla filter, separat programmeringsbar cirkulationspump, 52 massagejets, undervattens- och niv\u00e5vattensbelysning i olika f\u00e4rger och en 3kW v\u00e4rmare. Sand\u00f6 har samma h\u00f6ga utrustningsniv\u00e5 som ni hittar i premiumklassen bland \u00f6vriga spabad p\u00e5 marknaden. Badet har \u00e4ven antibakteriell slang och UV-C-rening vilket underl\u00e4ttar sk\u00f6tseln av badvattnet och minskar behovet av kemikalier.<\/p>\n<p><strong>Rek.pris: 109 995 kr<\/strong><\/p>\n<p><a href=\"\/en\/valja-spabad\/\">See our guide on how to choose panel, shell color and cover here \u00bb<\/a><\/p>\n<\/div>","protected":false},"featured_media":619,"template":"","meta":{"_acf_changed":false},"product_brand":[],"product_cat":[62,55],"product_tag":[],"class_list":{"0":"post-618","1":"product","2":"type-product","3":"status-publish","4":"has-post-thumbnail","6":"product_cat-for-aterforsaljare","7":"product_cat-s-serien","9":"first","10":"instock","11":"taxable","12":"shipping-taxable","13":"purchasable","14":"product-type-simple"},"acf":[],"_links":{"self":[{"href":"https:\/\/www.viskanspa.se\/en\/wp-json\/wp\/v2\/product\/618","targetHints":{"allow":["GET"]}}],"collection":[{"href":"https:\/\/www.viskanspa.se\/en\/wp-json\/wp\/v2\/product"}],"about":[{"href":"https:\/\/www.viskanspa.se\/en\/wp-json\/wp\/v2\/types\/product"}],"wp:featuredmedia":[{"embeddable":true,"href":"https:\/\/www.viskanspa.se\/en\/wp-json\/wp\/v2\/media\/619"}],"wp:attachment":[{"href":"https:\/\/www.viskanspa.se\/en\/wp-json\/wp\/v2\/media?parent=618"}],"wp:term":[{"taxonomy":"product_brand","embeddable":true,"href":"https:\/\/www.viskanspa.se\/en\/wp-json\/wp\/v2\/product_brand?post=618"},{"taxonomy":"product_cat","embeddable":true,"href":"https:\/\/www.viskanspa.se\/en\/wp-json\/wp\/v2\/product_cat?post=618"},{"taxonomy":"product_tag","embeddable":true,"href":"https:\/\/www.viskanspa.se\/en\/wp-json\/wp\/v2\/product_tag?post=618"}],"curies":[{"name":"wp","href":"https:\/\/api.w.org\/{rel}","templated":true}]}}