{"id":19124,"date":"2026-05-05T09:44:14","date_gmt":"2026-05-05T09:44:14","guid":{"rendered":"https:\/\/www.viskanspa.se\/?post_type=product&#038;p=19124"},"modified":"2026-05-05T11:47:47","modified_gmt":"2026-05-05T11:47:47","slug":"purezone","status":"publish","type":"product","link":"https:\/\/www.viskanspa.se\/en\/spabad\/tillbehor\/purezone\/","title":{"rendered":"Purezone"},"content":{"rendered":"","protected":false},"excerpt":{"rendered":"<h1>Purezone\u00a0&#8211; smart kontroll p\u00e5 ditt spavatten<\/h1>\n<h3>Kristallklart vatten. Mindre gissningar. Mer avkoppling.<\/h3>\n<p>Purezone \u00e4r en uppkopplad enhet som automatiskt m\u00e4ter och analyserar vattenkvaliteten i ditt spa och skickar allt direkt till Purezone-appen. Du f\u00e5r tydliga statusrapporter och personliga rekommendationer i mobilen, s\u00e5 att du enkelt kan h\u00e5lla vattnet i perfekt balans \u2013 utan manuella teststickor och os\u00e4kerhet.<\/p>\n<p>Purezone finns i tv\u00e5 olika utf\u00f6randen, en som flyter l\u00f6st i badet och en som du f\u00e4ster p\u00e5 insidan av badet. De utbytbara m\u00e4tkasetterna r\u00e4cker i ca 60 dagar.<\/p>\n<p><strong>Rek.pris: 4 995 kr<\/strong><\/p>","protected":false},"featured_media":19126,"template":"","meta":{"_acf_changed":false},"product_brand":[],"product_cat":[58,62],"product_tag":[],"class_list":{"0":"post-19124","1":"product","2":"type-product","3":"status-publish","4":"has-post-thumbnail","6":"product_cat-tillbehor","7":"product_cat-for-aterforsaljare","9":"first","10":"instock","11":"taxable","12":"shipping-taxable","13":"purchasable","14":"product-type-simple"},"acf":[],"_links":{"self":[{"href":"https:\/\/www.viskanspa.se\/en\/wp-json\/wp\/v2\/product\/19124","targetHints":{"allow":["GET"]}}],"collection":[{"href":"https:\/\/www.viskanspa.se\/en\/wp-json\/wp\/v2\/product"}],"about":[{"href":"https:\/\/www.viskanspa.se\/en\/wp-json\/wp\/v2\/types\/product"}],"wp:featuredmedia":[{"embeddable":true,"href":"https:\/\/www.viskanspa.se\/en\/wp-json\/wp\/v2\/media\/19126"}],"wp:attachment":[{"href":"https:\/\/www.viskanspa.se\/en\/wp-json\/wp\/v2\/media?parent=19124"}],"wp:term":[{"taxonomy":"product_brand","embeddable":true,"href":"https:\/\/www.viskanspa.se\/en\/wp-json\/wp\/v2\/product_brand?post=19124"},{"taxonomy":"product_cat","embeddable":true,"href":"https:\/\/www.viskanspa.se\/en\/wp-json\/wp\/v2\/product_cat?post=19124"},{"taxonomy":"product_tag","embeddable":true,"href":"https:\/\/www.viskanspa.se\/en\/wp-json\/wp\/v2\/product_tag?post=19124"}],"curies":[{"name":"wp","href":"https:\/\/api.w.org\/{rel}","templated":true}]}}