{"id":18933,"date":"2026-04-16T07:36:51","date_gmt":"2026-04-16T07:36:51","guid":{"rendered":"https:\/\/www.viskanspa.se\/?post_type=product&#038;p=18933"},"modified":"2026-04-17T10:11:44","modified_gmt":"2026-04-17T10:11:44","slug":"viskan-nordo","status":"publish","type":"product","link":"https:\/\/www.viskanspa.se\/en\/spabad\/kall-varmbad\/viskan-nordo\/","title":{"rendered":"Viskan Nord\u00f6"},"content":{"rendered":"<p><strong>Number of seats<\/strong><\/p>\n<p><img decoding=\"async\" class=\"alignnone wp-image-6573\" src=\"https:\/\/www.viskanspa.se\/wp-content\/uploads\/2022\/04\/viskan_spa_antal_platser.png\" alt=\"\" width=\"23\" height=\"56\" srcset=\"https:\/\/www.viskanspa.se\/wp-content\/uploads\/2022\/04\/viskan_spa_antal_platser.png 40w, https:\/\/www.viskanspa.se\/wp-content\/uploads\/2022\/04\/viskan_spa_antal_platser-5x12.png 5w\" sizes=\"(max-width: 23px) 100vw, 23px\" \/><img decoding=\"async\" class=\"alignnone wp-image-6573\" src=\"https:\/\/www.viskanspa.se\/wp-content\/uploads\/2022\/04\/viskan_spa_antal_platser.png\" alt=\"\" width=\"23\" height=\"56\" srcset=\"https:\/\/www.viskanspa.se\/wp-content\/uploads\/2022\/04\/viskan_spa_antal_platser.png 40w, https:\/\/www.viskanspa.se\/wp-content\/uploads\/2022\/04\/viskan_spa_antal_platser-5x12.png 5w\" sizes=\"(max-width: 23px) 100vw, 23px\" \/><\/p>\n<p><strong>Type of seats<\/strong><\/p>\n<p><img decoding=\"async\" class=\"alignnone wp-image-6574\" src=\"https:\/\/www.viskanspa.se\/wp-content\/uploads\/2022\/04\/viskan_spa_platstyp_sittande.png\" alt=\"\" width=\"46\" height=\"60\" srcset=\"https:\/\/www.viskanspa.se\/wp-content\/uploads\/2022\/04\/viskan_spa_platstyp_sittande.png 76w, https:\/\/www.viskanspa.se\/wp-content\/uploads\/2022\/04\/viskan_spa_platstyp_sittande-64x83.png 64w, https:\/\/www.viskanspa.se\/wp-content\/uploads\/2022\/04\/viskan_spa_platstyp_sittande-9x12.png 9w\" sizes=\"(max-width: 46px) 100vw, 46px\" \/><\/p>\n<p><strong>DETTA ING\u00c5R<\/strong><\/p>\n<ul>\n<li>Luftv\u00e4rmepump f\u00f6r kyla alternativt v\u00e4rme<\/li>\n<li>Lock<\/li>\n<li>Svart f\u00f6rvaringsv\u00e4ska<\/li>\n<li>Handpump<\/li>\n<li>In- och utlopp f\u00f6r vattenslangar med snabbkoppling<\/li>\n<li>Reparations kit<\/li>\n<\/ul>","protected":false},"excerpt":{"rendered":"<div class=\"woocommerce-product-details__short-description\">\n<h4>Litet format. Stor upplevelse.<\/h4>\n<p>V\u00e5rt nya uppbl\u00e5sbara bad kombinerar flexibilitet och funktion i ett smidigt format. Anv\u00e4nd det som uppfriskande kallbad eller v\u00e4rm upp det f\u00f6r en avkopplande stund \u2013 du v\u00e4ljer sj\u00e4lv. Temperaturen g\u00e5r att st\u00e4lla in mellan 4 och 40 grader.<\/p>\n<p>Den kompakta designen g\u00f6r det enkelt att ta med och placera d\u00e4r det passar dig b\u00e4st. Perfekt f\u00f6r en person med gott om utrymme och det fungerar \u00e4ven f\u00f6r tv\u00e5 om ni inte har n\u00e5got emot att sitta n\u00e4ra.<\/p>\n<p><strong>Rek.pris: 24 995 kr<\/strong><\/p>\n<\/div>","protected":false},"featured_media":18934,"template":"","meta":{"_acf_changed":false},"product_brand":[],"product_cat":[113,62],"product_tag":[],"class_list":{"0":"post-18933","1":"product","2":"type-product","3":"status-publish","4":"has-post-thumbnail","6":"product_cat-kall-varmbad","7":"product_cat-for-aterforsaljare","9":"first","10":"instock","11":"taxable","12":"shipping-taxable","13":"purchasable","14":"product-type-simple"},"acf":[],"_links":{"self":[{"href":"https:\/\/www.viskanspa.se\/en\/wp-json\/wp\/v2\/product\/18933","targetHints":{"allow":["GET"]}}],"collection":[{"href":"https:\/\/www.viskanspa.se\/en\/wp-json\/wp\/v2\/product"}],"about":[{"href":"https:\/\/www.viskanspa.se\/en\/wp-json\/wp\/v2\/types\/product"}],"wp:featuredmedia":[{"embeddable":true,"href":"https:\/\/www.viskanspa.se\/en\/wp-json\/wp\/v2\/media\/18934"}],"wp:attachment":[{"href":"https:\/\/www.viskanspa.se\/en\/wp-json\/wp\/v2\/media?parent=18933"}],"wp:term":[{"taxonomy":"product_brand","embeddable":true,"href":"https:\/\/www.viskanspa.se\/en\/wp-json\/wp\/v2\/product_brand?post=18933"},{"taxonomy":"product_cat","embeddable":true,"href":"https:\/\/www.viskanspa.se\/en\/wp-json\/wp\/v2\/product_cat?post=18933"},{"taxonomy":"product_tag","embeddable":true,"href":"https:\/\/www.viskanspa.se\/en\/wp-json\/wp\/v2\/product_tag?post=18933"}],"curies":[{"name":"wp","href":"https:\/\/api.w.org\/{rel}","templated":true}]}}