{"id":18808,"date":"2026-04-10T07:52:46","date_gmt":"2026-04-10T07:52:46","guid":{"rendered":"https:\/\/www.viskanspa.se\/?post_type=product&#038;p=18808"},"modified":"2026-04-10T12:02:08","modified_gmt":"2026-04-10T12:02:08","slug":"viskan-havso-white-edition","status":"publish","type":"product","link":"https:\/\/www.viskanspa.se\/en\/spabad\/white-edition\/viskan-havso-white-edition\/","title":{"rendered":"Viskan Havs\u00f6 White Edition"},"content":{"rendered":"<p><strong>Number of seats<\/strong><\/p>\n<p><img decoding=\"async\" class=\"alignnone wp-image-6573\" src=\"https:\/\/www.viskanspa.se\/wp-content\/uploads\/2022\/04\/viskan_spa_antal_platser.png\" alt=\"\" width=\"23\" height=\"56\" srcset=\"https:\/\/www.viskanspa.se\/wp-content\/uploads\/2022\/04\/viskan_spa_antal_platser.png 40w, https:\/\/www.viskanspa.se\/wp-content\/uploads\/2022\/04\/viskan_spa_antal_platser-5x12.png 5w\" sizes=\"(max-width: 23px) 100vw, 23px\" \/><img decoding=\"async\" class=\"alignnone wp-image-6573\" src=\"https:\/\/www.viskanspa.se\/wp-content\/uploads\/2022\/04\/viskan_spa_antal_platser.png\" alt=\"\" width=\"23\" height=\"56\" srcset=\"https:\/\/www.viskanspa.se\/wp-content\/uploads\/2022\/04\/viskan_spa_antal_platser.png 40w, https:\/\/www.viskanspa.se\/wp-content\/uploads\/2022\/04\/viskan_spa_antal_platser-5x12.png 5w\" sizes=\"(max-width: 23px) 100vw, 23px\" \/><img decoding=\"async\" class=\"alignnone wp-image-6573\" src=\"https:\/\/www.viskanspa.se\/wp-content\/uploads\/2022\/04\/viskan_spa_antal_platser.png\" alt=\"\" width=\"23\" height=\"56\" srcset=\"https:\/\/www.viskanspa.se\/wp-content\/uploads\/2022\/04\/viskan_spa_antal_platser.png 40w, https:\/\/www.viskanspa.se\/wp-content\/uploads\/2022\/04\/viskan_spa_antal_platser-5x12.png 5w\" sizes=\"(max-width: 23px) 100vw, 23px\" \/><img decoding=\"async\" class=\"alignnone wp-image-6573\" src=\"https:\/\/www.viskanspa.se\/wp-content\/uploads\/2022\/04\/viskan_spa_antal_platser.png\" alt=\"\" width=\"23\" height=\"56\" srcset=\"https:\/\/www.viskanspa.se\/wp-content\/uploads\/2022\/04\/viskan_spa_antal_platser.png 40w, https:\/\/www.viskanspa.se\/wp-content\/uploads\/2022\/04\/viskan_spa_antal_platser-5x12.png 5w\" sizes=\"(max-width: 23px) 100vw, 23px\" \/><img decoding=\"async\" class=\"alignnone wp-image-6573\" src=\"https:\/\/www.viskanspa.se\/wp-content\/uploads\/2022\/04\/viskan_spa_antal_platser.png\" alt=\"\" width=\"23\" height=\"56\" srcset=\"https:\/\/www.viskanspa.se\/wp-content\/uploads\/2022\/04\/viskan_spa_antal_platser.png 40w, https:\/\/www.viskanspa.se\/wp-content\/uploads\/2022\/04\/viskan_spa_antal_platser-5x12.png 5w\" sizes=\"(max-width: 23px) 100vw, 23px\" \/><img decoding=\"async\" class=\"alignnone wp-image-6573\" src=\"https:\/\/www.viskanspa.se\/wp-content\/uploads\/2022\/04\/viskan_spa_antal_platser.png\" alt=\"\" width=\"23\" height=\"56\" srcset=\"https:\/\/www.viskanspa.se\/wp-content\/uploads\/2022\/04\/viskan_spa_antal_platser.png 40w, https:\/\/www.viskanspa.se\/wp-content\/uploads\/2022\/04\/viskan_spa_antal_platser-5x12.png 5w\" sizes=\"(max-width: 23px) 100vw, 23px\" \/><img decoding=\"async\" class=\"alignnone wp-image-6573\" src=\"https:\/\/www.viskanspa.se\/wp-content\/uploads\/2022\/04\/viskan_spa_antal_platser.png\" alt=\"\" width=\"23\" height=\"56\" srcset=\"https:\/\/www.viskanspa.se\/wp-content\/uploads\/2022\/04\/viskan_spa_antal_platser.png 40w, https:\/\/www.viskanspa.se\/wp-content\/uploads\/2022\/04\/viskan_spa_antal_platser-5x12.png 5w\" sizes=\"(max-width: 23px) 100vw, 23px\" \/><img decoding=\"async\" class=\"alignnone wp-image-6573\" src=\"https:\/\/www.viskanspa.se\/wp-content\/uploads\/2022\/04\/viskan_spa_antal_platser.png\" alt=\"\" width=\"23\" height=\"56\" srcset=\"https:\/\/www.viskanspa.se\/wp-content\/uploads\/2022\/04\/viskan_spa_antal_platser.png 40w, https:\/\/www.viskanspa.se\/wp-content\/uploads\/2022\/04\/viskan_spa_antal_platser-5x12.png 5w\" sizes=\"(max-width: 23px) 100vw, 23px\" \/><\/p>\n<p><strong>Type of seats<\/strong><\/p>\n<p><img decoding=\"async\" class=\"alignnone wp-image-6574\" src=\"https:\/\/www.viskanspa.se\/wp-content\/uploads\/2022\/04\/viskan_spa_platstyp_sittande.png\" alt=\"\" width=\"46\" height=\"60\" srcset=\"https:\/\/www.viskanspa.se\/wp-content\/uploads\/2022\/04\/viskan_spa_platstyp_sittande.png 76w, https:\/\/www.viskanspa.se\/wp-content\/uploads\/2022\/04\/viskan_spa_platstyp_sittande-64x83.png 64w, https:\/\/www.viskanspa.se\/wp-content\/uploads\/2022\/04\/viskan_spa_platstyp_sittande-9x12.png 9w\" sizes=\"(max-width: 46px) 100vw, 46px\" \/><\/p>\n<p><strong>Type of massage jets<\/strong><\/p>\n<div class=\"modells\">\n<div class=\"modell-col\">\n<div><img decoding=\"async\" class=\"\" src=\"\/wp-content\/uploads\/2022\/07\/viskan_spa_punktmassage.png\" alt=\"\" width=\"59\" height=\"59\" \/>Fixed, directional, single-point massage<\/div>\n<div><img loading=\"lazy\" decoding=\"async\" class=\"\" src=\"\/wp-content\/uploads\/2022\/07\/viskan_spa_knadande_massage.png\" alt=\"\" width=\"59\" height=\"59\" \/>Pummelling massage<\/div>\n<div><img loading=\"lazy\" decoding=\"async\" class=\"\" src=\"\/wp-content\/uploads\/2022\/07\/viskan_spa_pulserande_massage.png\" alt=\"\" width=\"56\" height=\"56\" \/>Pulsating massage<\/div>\n<\/div>\n<\/div>\n<div><\/div>\n<div class=\"modells\">\n<div class=\"modell-col\">\n<div><img loading=\"lazy\" decoding=\"async\" class=\"\" src=\"\/wp-content\/uploads\/2022\/04\/viskan_spa__wifi_ikon.png\" alt=\"\" width=\"43\" height=\"42\" \/>Control the spa from a WiFi app on your mobile device. Available on this spa.<\/div>\n<div><\/div>\n<div><strong>SHELL COLOUR<br \/>\n<img loading=\"lazy\" decoding=\"async\" class=\"alignnone wp-image-13735\" src=\"https:\/\/www.viskanspa.se\/wp-content\/uploads\/2022\/04\/Skalfarg_vit-300x237.jpg\" alt=\"\" width=\"86\" height=\"68\" srcset=\"https:\/\/www.viskanspa.se\/wp-content\/uploads\/2022\/04\/Skalfarg_vit-300x237.jpg 300w, https:\/\/www.viskanspa.se\/wp-content\/uploads\/2022\/04\/Skalfarg_vit-297x235.jpg 297w, https:\/\/www.viskanspa.se\/wp-content\/uploads\/2022\/04\/Skalfarg_vit-64x51.jpg 64w, https:\/\/www.viskanspa.se\/wp-content\/uploads\/2022\/04\/Skalfarg_vit-15x12.jpg 15w, https:\/\/www.viskanspa.se\/wp-content\/uploads\/2022\/04\/Skalfarg_vit.jpg 307w\" sizes=\"(max-width: 86px) 100vw, 86px\" \/><\/strong><\/div>\n<\/div>\n<\/div>\n<div><\/div>\n<div><b>PANEL OPTIONS<br \/>\n<\/b><img loading=\"lazy\" decoding=\"async\" class=\"alignnone wp-image-13733\" src=\"https:\/\/www.viskanspa.se\/wp-content\/uploads\/2022\/04\/gra-Ljus-alumi-300x230.jpg\" alt=\"\" width=\"91\" height=\"70\" srcset=\"https:\/\/www.viskanspa.se\/wp-content\/uploads\/2022\/04\/gra-Ljus-alumi-300x230.jpg 300w, https:\/\/www.viskanspa.se\/wp-content\/uploads\/2022\/04\/gra-Ljus-alumi-scaled-297x228.jpg 297w, https:\/\/www.viskanspa.se\/wp-content\/uploads\/2022\/04\/gra-Ljus-alumi-scaled-505x388.jpg 505w, https:\/\/www.viskanspa.se\/wp-content\/uploads\/2022\/04\/gra-Ljus-alumi-scaled-64x49.jpg 64w, https:\/\/www.viskanspa.se\/wp-content\/uploads\/2022\/04\/gra-Ljus-alumi-1024x786.jpg 1024w, https:\/\/www.viskanspa.se\/wp-content\/uploads\/2022\/04\/gra-Ljus-alumi-768x590.jpg 768w, https:\/\/www.viskanspa.se\/wp-content\/uploads\/2022\/04\/gra-Ljus-alumi-1536x1179.jpg 1536w, https:\/\/www.viskanspa.se\/wp-content\/uploads\/2022\/04\/gra-Ljus-alumi-2048x1572.jpg 2048w, https:\/\/www.viskanspa.se\/wp-content\/uploads\/2022\/04\/gra-Ljus-alumi-16x12.jpg 16w\" sizes=\"(max-width: 91px) 100vw, 91px\" \/> <img loading=\"lazy\" decoding=\"async\" class=\"alignnone wp-image-13734\" src=\"https:\/\/www.viskanspa.se\/wp-content\/uploads\/2022\/04\/black-300x218.jpg\" alt=\"\" width=\"96\" height=\"70\" srcset=\"https:\/\/www.viskanspa.se\/wp-content\/uploads\/2022\/04\/black-300x218.jpg 300w, https:\/\/www.viskanspa.se\/wp-content\/uploads\/2022\/04\/black-scaled-297x216.jpg 297w, https:\/\/www.viskanspa.se\/wp-content\/uploads\/2022\/04\/black-scaled-505x367.jpg 505w, https:\/\/www.viskanspa.se\/wp-content\/uploads\/2022\/04\/black-scaled-64x46.jpg 64w, https:\/\/www.viskanspa.se\/wp-content\/uploads\/2022\/04\/black-1024x743.jpg 1024w, https:\/\/www.viskanspa.se\/wp-content\/uploads\/2022\/04\/black-768x557.jpg 768w, https:\/\/www.viskanspa.se\/wp-content\/uploads\/2022\/04\/black-1536x1115.jpg 1536w, https:\/\/www.viskanspa.se\/wp-content\/uploads\/2022\/04\/black-2048x1486.jpg 2048w, https:\/\/www.viskanspa.se\/wp-content\/uploads\/2022\/04\/black-18x12.jpg 18w\" sizes=\"(max-width: 96px) 100vw, 96px\" \/><br \/>\nLjus alumi\u00a0 \u00a0 \u00a0 Svart alumi<\/div>","protected":false},"excerpt":{"rendered":"<h4>Stilrent uttryck. Full kontroll.<\/h4>\n<p>Med en White Edition modell p\u00e5 ett Viskan Havs\u00f6 f\u00e5r man en hel del f\u00f6rdelar. Det ing\u00e5r tv\u00e5 massagepumpar varav en \u00e4r Dual Speed d\u00e4r du sj\u00e4lv kan v\u00e4lja hastighet beroende p\u00e5 hur mycket kraft du \u00f6nskar i massagejetsen.<\/p>\n<p>\u2022 Touchpanel III<\/p>\n<p>\u2022 3,8kW Titaniumv\u00e4rmare<\/p>\n<p>\u2022 Dual Speed pump<\/p>\n<p>\u2022 Helvit skalskiva<\/p>\n<p>\u2022 Vita jets<\/p>\n<p>\u2022 Svart eller ljus alumipanel\u00a0med inbyggd LED belysning<\/p>\n<p>\u2022 Weather Shield lock i svart<\/p>\n<p><strong>Rek.pris: 129 995 kr<\/strong><del><strong><br \/>\n<\/strong><\/del><\/p>","protected":false},"featured_media":18809,"template":"","meta":{"_acf_changed":false},"product_brand":[],"product_cat":[57,62],"product_tag":[],"class_list":{"0":"post-18808","1":"product","2":"type-product","3":"status-publish","4":"has-post-thumbnail","6":"product_cat-white-edition","7":"product_cat-for-aterforsaljare","9":"first","10":"instock","11":"taxable","12":"shipping-taxable","13":"purchasable","14":"product-type-simple"},"acf":[],"_links":{"self":[{"href":"https:\/\/www.viskanspa.se\/en\/wp-json\/wp\/v2\/product\/18808","targetHints":{"allow":["GET"]}}],"collection":[{"href":"https:\/\/www.viskanspa.se\/en\/wp-json\/wp\/v2\/product"}],"about":[{"href":"https:\/\/www.viskanspa.se\/en\/wp-json\/wp\/v2\/types\/product"}],"wp:featuredmedia":[{"embeddable":true,"href":"https:\/\/www.viskanspa.se\/en\/wp-json\/wp\/v2\/media\/18809"}],"wp:attachment":[{"href":"https:\/\/www.viskanspa.se\/en\/wp-json\/wp\/v2\/media?parent=18808"}],"wp:term":[{"taxonomy":"product_brand","embeddable":true,"href":"https:\/\/www.viskanspa.se\/en\/wp-json\/wp\/v2\/product_brand?post=18808"},{"taxonomy":"product_cat","embeddable":true,"href":"https:\/\/www.viskanspa.se\/en\/wp-json\/wp\/v2\/product_cat?post=18808"},{"taxonomy":"product_tag","embeddable":true,"href":"https:\/\/www.viskanspa.se\/en\/wp-json\/wp\/v2\/product_tag?post=18808"}],"curies":[{"name":"wp","href":"https:\/\/api.w.org\/{rel}","templated":true}]}}