{"id":17832,"date":"2025-10-27T12:12:27","date_gmt":"2025-10-27T12:12:27","guid":{"rendered":"https:\/\/www.viskanspa.se\/?post_type=product&#038;p=17832"},"modified":"2025-11-10T14:58:39","modified_gmt":"2025-11-10T14:58:39","slug":"spa-care-cover-protect-500-ml","status":"publish","type":"product","link":"https:\/\/www.viskanspa.se\/en\/spabad\/vattenvard\/klor\/spa-care-cover-protect-500-ml\/","title":{"rendered":"Spa Care Cover Protect"},"content":{"rendered":"","protected":false},"excerpt":{"rendered":"<p><strong>Spa Care Cover Protect<\/strong><\/p>\n<p data-olk-copy-source=\"MessageBody\"><span data-olk-copy-source=\"MessageBody\">SpaCare Cover Protect anv\u00e4nds f\u00f6r att impregnera ditt spalock f\u00f6r att skydda och bevara vinylen.\u00a0<\/span><\/p>\n<p data-olk-copy-source=\"MessageBody\"><span data-huuid=\"16118809903169686091\">Reng\u00f6r f\u00f6rst med SpaCare Cover Cleaner och l\u00e4gg sedan p\u00e5 ett tunt lager med Cover Protection, f\u00f6r att ge locket en blank yta, skydda mot smuts och UV-str\u00e5lning fr\u00e5n solen och f\u00f6rl\u00e4ng d\u00e4rmed livsl\u00e4ngden. Upprepa g\u00e4rna ett par g\u00e5nger per \u00e5r.<\/span><\/p>\n<p><strong>Rek pris: 219 kr<\/strong><\/p>","protected":false},"featured_media":17838,"template":"","meta":{"_acf_changed":false},"product_brand":[],"product_cat":[103,62,61],"product_tag":[],"class_list":{"0":"post-17832","1":"product","2":"type-product","3":"status-publish","4":"has-post-thumbnail","6":"product_cat-klor","7":"product_cat-for-aterforsaljare","8":"product_cat-vattenvard","10":"first","11":"instock","12":"taxable","13":"shipping-taxable","14":"purchasable","15":"product-type-simple"},"acf":[],"_links":{"self":[{"href":"https:\/\/www.viskanspa.se\/en\/wp-json\/wp\/v2\/product\/17832","targetHints":{"allow":["GET"]}}],"collection":[{"href":"https:\/\/www.viskanspa.se\/en\/wp-json\/wp\/v2\/product"}],"about":[{"href":"https:\/\/www.viskanspa.se\/en\/wp-json\/wp\/v2\/types\/product"}],"wp:featuredmedia":[{"embeddable":true,"href":"https:\/\/www.viskanspa.se\/en\/wp-json\/wp\/v2\/media\/17838"}],"wp:attachment":[{"href":"https:\/\/www.viskanspa.se\/en\/wp-json\/wp\/v2\/media?parent=17832"}],"wp:term":[{"taxonomy":"product_brand","embeddable":true,"href":"https:\/\/www.viskanspa.se\/en\/wp-json\/wp\/v2\/product_brand?post=17832"},{"taxonomy":"product_cat","embeddable":true,"href":"https:\/\/www.viskanspa.se\/en\/wp-json\/wp\/v2\/product_cat?post=17832"},{"taxonomy":"product_tag","embeddable":true,"href":"https:\/\/www.viskanspa.se\/en\/wp-json\/wp\/v2\/product_tag?post=17832"}],"curies":[{"name":"wp","href":"https:\/\/api.w.org\/{rel}","templated":true}]}}