{"id":17830,"date":"2025-10-27T12:09:42","date_gmt":"2025-10-27T12:09:42","guid":{"rendered":"https:\/\/www.viskanspa.se\/?post_type=product&#038;p=17830"},"modified":"2025-10-27T12:39:22","modified_gmt":"2025-10-27T12:39:22","slug":"spa-care-cover-cleaner-500-ml","status":"publish","type":"product","link":"https:\/\/www.viskanspa.se\/en\/spabad\/vattenvard\/spa-care-cover-cleaner-500-ml\/","title":{"rendered":"Spa Care Cover Cleaner"},"content":{"rendered":"","protected":false},"excerpt":{"rendered":"<p><strong> Spa Care Cover Cleaner 500 ml<\/strong><\/p>\n<p data-olk-copy-source=\"MessageBody\">SpaCare Cover Cleaner anv\u00e4nds f\u00f6r att reng\u00f6ra termolocket p\u00e5 ditt spabad.\u00a0Efter reng\u00f6ring kan locket impregneras med Spa Care Cover Protect.<\/p>\n<p><strong>Rek pris: 179 kr<\/strong><\/p>","protected":false},"featured_media":17836,"template":"","meta":{"_acf_changed":false},"product_brand":[],"product_cat":[61,62],"product_tag":[],"class_list":{"0":"post-17830","1":"product","2":"type-product","3":"status-publish","4":"has-post-thumbnail","6":"product_cat-vattenvard","7":"product_cat-for-aterforsaljare","9":"first","10":"instock","11":"taxable","12":"shipping-taxable","13":"purchasable","14":"product-type-simple"},"acf":[],"_links":{"self":[{"href":"https:\/\/www.viskanspa.se\/en\/wp-json\/wp\/v2\/product\/17830","targetHints":{"allow":["GET"]}}],"collection":[{"href":"https:\/\/www.viskanspa.se\/en\/wp-json\/wp\/v2\/product"}],"about":[{"href":"https:\/\/www.viskanspa.se\/en\/wp-json\/wp\/v2\/types\/product"}],"wp:featuredmedia":[{"embeddable":true,"href":"https:\/\/www.viskanspa.se\/en\/wp-json\/wp\/v2\/media\/17836"}],"wp:attachment":[{"href":"https:\/\/www.viskanspa.se\/en\/wp-json\/wp\/v2\/media?parent=17830"}],"wp:term":[{"taxonomy":"product_brand","embeddable":true,"href":"https:\/\/www.viskanspa.se\/en\/wp-json\/wp\/v2\/product_brand?post=17830"},{"taxonomy":"product_cat","embeddable":true,"href":"https:\/\/www.viskanspa.se\/en\/wp-json\/wp\/v2\/product_cat?post=17830"},{"taxonomy":"product_tag","embeddable":true,"href":"https:\/\/www.viskanspa.se\/en\/wp-json\/wp\/v2\/product_tag?post=17830"}],"curies":[{"name":"wp","href":"https:\/\/api.w.org\/{rel}","templated":true}]}}