{"id":17828,"date":"2025-10-27T12:02:43","date_gmt":"2025-10-27T12:02:43","guid":{"rendered":"https:\/\/www.viskanspa.se\/?post_type=product&#038;p=17828"},"modified":"2025-10-27T12:40:41","modified_gmt":"2025-10-27T12:40:41","slug":"spa-care-beauty-polish-500-ml","status":"publish","type":"product","link":"https:\/\/www.viskanspa.se\/en\/spabad\/vattenvard\/spa-care-beauty-polish-500-ml\/","title":{"rendered":"Spa Care Beauty Polish"},"content":{"rendered":"","protected":false},"excerpt":{"rendered":"<p><strong>Spa Care Beauty Polish<\/strong><\/p>\n<p data-olk-copy-source=\"MessageBody\">SpaCare Beauty Polish g\u00f6r det enkelt att \u00e5terskapa glansen p\u00e5 ditt spabad. Spabadet fr\u00e4schas upp och ytorna f\u00f6rseglas och blir mer smutsavvisande. Reng\u00f6r badet och p\u00e5f\u00f6r sedan ett j\u00e4mnt lager med Beauty Polish med en torr trasa. Polera som avslutning. Kan med f\u00f6rdel anv\u00e4ndas tillsammans med Spa Care Cleansing Cream.<\/p>\n<p><strong>Rek pris: 159 kr<\/strong><\/p>\n<p>Inneh\u00e5ller 500 ml<\/p>","protected":false},"featured_media":17835,"template":"","meta":{"_acf_changed":false},"product_brand":[],"product_cat":[61,62],"product_tag":[],"class_list":{"0":"post-17828","1":"product","2":"type-product","3":"status-publish","4":"has-post-thumbnail","6":"product_cat-vattenvard","7":"product_cat-for-aterforsaljare","9":"first","10":"instock","11":"taxable","12":"shipping-taxable","13":"purchasable","14":"product-type-simple"},"acf":[],"_links":{"self":[{"href":"https:\/\/www.viskanspa.se\/en\/wp-json\/wp\/v2\/product\/17828","targetHints":{"allow":["GET"]}}],"collection":[{"href":"https:\/\/www.viskanspa.se\/en\/wp-json\/wp\/v2\/product"}],"about":[{"href":"https:\/\/www.viskanspa.se\/en\/wp-json\/wp\/v2\/types\/product"}],"wp:featuredmedia":[{"embeddable":true,"href":"https:\/\/www.viskanspa.se\/en\/wp-json\/wp\/v2\/media\/17835"}],"wp:attachment":[{"href":"https:\/\/www.viskanspa.se\/en\/wp-json\/wp\/v2\/media?parent=17828"}],"wp:term":[{"taxonomy":"product_brand","embeddable":true,"href":"https:\/\/www.viskanspa.se\/en\/wp-json\/wp\/v2\/product_brand?post=17828"},{"taxonomy":"product_cat","embeddable":true,"href":"https:\/\/www.viskanspa.se\/en\/wp-json\/wp\/v2\/product_cat?post=17828"},{"taxonomy":"product_tag","embeddable":true,"href":"https:\/\/www.viskanspa.se\/en\/wp-json\/wp\/v2\/product_tag?post=17828"}],"curies":[{"name":"wp","href":"https:\/\/api.w.org\/{rel}","templated":true}]}}