{"id":17826,"date":"2025-10-27T11:58:07","date_gmt":"2025-10-27T11:58:07","guid":{"rendered":"https:\/\/www.viskanspa.se\/?post_type=product&#038;p=17826"},"modified":"2025-12-10T09:36:15","modified_gmt":"2025-12-10T09:36:15","slug":"saniklar-safety-cover-chlorinator-cleaner-3-ltr","status":"publish","type":"product","link":"https:\/\/www.viskanspa.se\/en\/spabad\/vattenvard\/saniklar-safety-cover-chlorinator-cleaner-3-ltr\/","title":{"rendered":"Saniklar Safety Cover &#038; Chlorinator Cleaner"},"content":{"rendered":"","protected":false},"excerpt":{"rendered":"<p><b data-olk-copy-source=\"MessageBody\">Saniklar Safety Cover &amp; Chlorinator Cleaner\u00a0<\/b><\/p>\n<p>Saniklar Safety Cover &amp; Chlorinator Cleaner \u00e4r en \u201d2 i 1\u201d-produkt.<\/p>\n<p>Anv\u00e4nds till reng\u00f6ring och avkalkning av elektroderna (cellen) i en elektrolysanl\u00e4ggning. (Saltrening\/ IN.Clear)<\/p>\n<p>B\u00f6r g\u00f6ras en g\u00e5ng per \u00e5r.<\/p>\n<p>Inneh\u00e5ller 3 liter.<\/p>\n<p><strong>Rek pris: 599 kr<\/strong><\/p>\n<p>&nbsp;<\/p>\n<p>L\u00e4s mer om hur du anv\u00e4nder produkten <a href=\"https:\/\/www.viskanspa.se\/wp-content\/uploads\/2025\/12\/inclear_rengoring.pdf\">h\u00e4r.<\/a><\/p>\n<p>&nbsp;<\/p>\n<p>&nbsp;<\/p>","protected":false},"featured_media":17837,"template":"","meta":{"_acf_changed":false},"product_brand":[],"product_cat":[61,62],"product_tag":[],"class_list":{"0":"post-17826","1":"product","2":"type-product","3":"status-publish","4":"has-post-thumbnail","6":"product_cat-vattenvard","7":"product_cat-for-aterforsaljare","9":"first","10":"instock","11":"taxable","12":"shipping-taxable","13":"purchasable","14":"product-type-simple"},"acf":[],"_links":{"self":[{"href":"https:\/\/www.viskanspa.se\/en\/wp-json\/wp\/v2\/product\/17826","targetHints":{"allow":["GET"]}}],"collection":[{"href":"https:\/\/www.viskanspa.se\/en\/wp-json\/wp\/v2\/product"}],"about":[{"href":"https:\/\/www.viskanspa.se\/en\/wp-json\/wp\/v2\/types\/product"}],"wp:featuredmedia":[{"embeddable":true,"href":"https:\/\/www.viskanspa.se\/en\/wp-json\/wp\/v2\/media\/17837"}],"wp:attachment":[{"href":"https:\/\/www.viskanspa.se\/en\/wp-json\/wp\/v2\/media?parent=17826"}],"wp:term":[{"taxonomy":"product_brand","embeddable":true,"href":"https:\/\/www.viskanspa.se\/en\/wp-json\/wp\/v2\/product_brand?post=17826"},{"taxonomy":"product_cat","embeddable":true,"href":"https:\/\/www.viskanspa.se\/en\/wp-json\/wp\/v2\/product_cat?post=17826"},{"taxonomy":"product_tag","embeddable":true,"href":"https:\/\/www.viskanspa.se\/en\/wp-json\/wp\/v2\/product_tag?post=17826"}],"curies":[{"name":"wp","href":"https:\/\/api.w.org\/{rel}","templated":true}]}}