{"id":14620,"date":"2025-01-02T12:35:45","date_gmt":"2025-01-02T12:35:45","guid":{"rendered":"https:\/\/www.viskanspa.se\/?post_type=product&#038;p=14620"},"modified":"2025-12-12T08:38:50","modified_gmt":"2025-12-12T08:38:50","slug":"lockfasten-till-thermolock-2","status":"publish","type":"product","link":"https:\/\/www.viskanspa.se\/en\/spabad\/tillbehor\/lockfasten-till-thermolock-2\/","title":{"rendered":"Lockf\u00e4sten till Thermolock"},"content":{"rendered":"","protected":false},"excerpt":{"rendered":"<p>Lockf\u00e4sten med &#8221;center push&#8221;, vilket betyder att du trycker p\u00e5 knappen mitt p\u00e5 f\u00f6r att \u00f6ppna.<br \/>\nSetet inneh\u00e5ller 4 st clipps och skruvar.<\/p>\n<p><strong>Rek. pris: 279kr<\/strong><\/p>\n<p>&nbsp;<\/p>\n<p>&nbsp;<\/p>\n<p>&nbsp;<\/p>","protected":false},"featured_media":14621,"template":"","meta":{"_acf_changed":false},"product_brand":[],"product_cat":[58,62],"product_tag":[],"class_list":{"0":"post-14620","1":"product","2":"type-product","3":"status-publish","4":"has-post-thumbnail","6":"product_cat-tillbehor","7":"product_cat-for-aterforsaljare","9":"first","10":"instock","11":"taxable","12":"shipping-taxable","13":"purchasable","14":"product-type-simple"},"acf":[],"_links":{"self":[{"href":"https:\/\/www.viskanspa.se\/en\/wp-json\/wp\/v2\/product\/14620","targetHints":{"allow":["GET"]}}],"collection":[{"href":"https:\/\/www.viskanspa.se\/en\/wp-json\/wp\/v2\/product"}],"about":[{"href":"https:\/\/www.viskanspa.se\/en\/wp-json\/wp\/v2\/types\/product"}],"wp:featuredmedia":[{"embeddable":true,"href":"https:\/\/www.viskanspa.se\/en\/wp-json\/wp\/v2\/media\/14621"}],"wp:attachment":[{"href":"https:\/\/www.viskanspa.se\/en\/wp-json\/wp\/v2\/media?parent=14620"}],"wp:term":[{"taxonomy":"product_brand","embeddable":true,"href":"https:\/\/www.viskanspa.se\/en\/wp-json\/wp\/v2\/product_brand?post=14620"},{"taxonomy":"product_cat","embeddable":true,"href":"https:\/\/www.viskanspa.se\/en\/wp-json\/wp\/v2\/product_cat?post=14620"},{"taxonomy":"product_tag","embeddable":true,"href":"https:\/\/www.viskanspa.se\/en\/wp-json\/wp\/v2\/product_tag?post=14620"}],"curies":[{"name":"wp","href":"https:\/\/api.w.org\/{rel}","templated":true}]}}