{"id":6507,"date":"2022-06-28T13:47:57","date_gmt":"2022-06-28T13:47:57","guid":{"rendered":"https:\/\/www.viskanspa.se\/?page_id=6507"},"modified":"2026-01-08T13:55:39","modified_gmt":"2026-01-08T13:55:39","slug":"valja-spabad","status":"publish","type":"page","link":"https:\/\/www.viskanspa.se\/en\/valja-spabad\/","title":{"rendered":"Choosing Spa"},"content":{"rendered":"<div data-elementor-type=\"wp-page\" data-elementor-id=\"6507\" class=\"elementor elementor-6507\" data-elementor-post-type=\"page\">\n\t\t\t\t\t\t<section class=\"elementor-section elementor-top-section elementor-element elementor-element-0bb5549 elementor-section-full_width elementor-section-content-middle elementor-section-height-min-height elementor-section-height-default elementor-section-items-middle\" data-id=\"0bb5549\" data-element_type=\"section\" data-e-type=\"section\" data-settings=\"{&quot;background_background&quot;:&quot;classic&quot;}\">\n\t\t\t\t\t\t\t<div class=\"elementor-background-overlay\"><\/div>\n\t\t\t\t\t\t\t<div class=\"elementor-container elementor-column-gap-default\">\n\t\t\t\t\t<div class=\"elementor-column elementor-col-100 elementor-top-column elementor-element elementor-element-b664e83\" data-id=\"b664e83\" data-element_type=\"column\" data-e-type=\"column\" data-settings=\"{&quot;background_background&quot;:&quot;classic&quot;}\">\n\t\t\t<div class=\"elementor-widget-wrap elementor-element-populated\">\n\t\t\t\t\t\t<div class=\"elementor-element elementor-element-1068b95 elementor-cta--skin-cover elementor-widget__width-initial elementor-widget-tablet__width-initial elementor-cta--valign-middle elementor-widget elementor-widget-call-to-action\" data-id=\"1068b95\" data-element_type=\"widget\" data-e-type=\"widget\" data-widget_type=\"call-to-action.default\">\n\t\t\t\t<div class=\"elementor-widget-container\">\n\t\t\t\t\t\t\t<div class=\"elementor-cta\">\n\t\t\t\t\t<div class=\"elementor-cta__bg-wrapper\">\n\t\t\t\t<div class=\"elementor-cta__bg elementor-bg\" style=\"background-image: url();\" role=\"img\" aria-label=\"\"><\/div>\n\t\t\t\t<div class=\"elementor-cta__bg-overlay\"><\/div>\n\t\t\t<\/div>\n\t\t\t\t\t\t\t<div class=\"elementor-cta__content\">\n\t\t\t\t\n\t\t\t\t\t\t\t\t\t<h1 class=\"elementor-cta__title elementor-cta__content-item elementor-content-item\">\n\t\t\t\t\t\tTo Choose Spa Bath\t\t\t\t\t<\/h1>\n\t\t\t\t\n\t\t\t\t\n\t\t\t\t\t\t\t<\/div>\n\t\t\t\t\t\t<\/div>\n\t\t\t\t\t\t<\/div>\n\t\t\t\t<\/div>\n\t\t\t\t\t<\/div>\n\t\t<\/div>\n\t\t\t\t\t<\/div>\n\t\t<\/section>\n\t\t\t\t<section class=\"elementor-section elementor-top-section elementor-element elementor-element-f0c1ab6 elementor-section-height-min-height elementor-section-boxed elementor-section-height-default elementor-section-items-middle\" data-id=\"f0c1ab6\" data-element_type=\"section\" data-e-type=\"section\" data-settings=\"{&quot;background_background&quot;:&quot;classic&quot;}\">\n\t\t\t\t\t\t\t<div class=\"elementor-background-overlay\"><\/div>\n\t\t\t\t\t\t\t<div class=\"elementor-container elementor-column-gap-default\">\n\t\t\t\t\t<div class=\"elementor-column elementor-col-100 elementor-top-column elementor-element elementor-element-dcdb9d8\" data-id=\"dcdb9d8\" data-element_type=\"column\" data-e-type=\"column\" data-settings=\"{&quot;background_background&quot;:&quot;classic&quot;}\">\n\t\t\t<div class=\"elementor-widget-wrap elementor-element-populated\">\n\t\t\t\t\t\t<div class=\"elementor-element elementor-element-e468419 elementor-widget elementor-widget-text-editor\" data-id=\"e468419\" data-element_type=\"widget\" data-e-type=\"widget\" data-widget_type=\"text-editor.default\">\n\t\t\t\t<div class=\"elementor-widget-container\">\n\t\t\t\t\t\t\t\t\t<h2>1. Choose a model<\/h2><p>Choose a spa model that suits your needs in terms of size, design, equipment and massage features. The following symbols will help you find the type of massage you are looking for:<\/p><div><div><div><img decoding=\"async\" src=\"\/wp-content\/uploads\/2022\/07\/viskan_spa_punktmassage.png\" alt=\"\" \/>Fixed, directional, single-point massage<\/div><div><img decoding=\"async\" src=\"\/wp-content\/uploads\/2022\/07\/viskan_spa_knadande_massage.png\" alt=\"\" \/>Pummelling massage<\/div><\/div><div><div><img decoding=\"async\" src=\"\/wp-content\/uploads\/2022\/07\/viskan_spa_pulserande_massage.png\" alt=\"\" \/>Pulsating massage<\/div><div><img decoding=\"async\" src=\"\/wp-content\/uploads\/2022\/07\/viskan_spa_nackmassage.png\" alt=\"\" \/>Neck\/shoulder massage<\/div><\/div><\/div><h2>2. Choose a shell colour<\/h2><p>The market\u2019s thickest shell, from the best supplier. The shell plate is more than twice as thick as normal and is made of acrylic and ABS for the best strength and flexibility. Available in the following four colours.<\/p><p><img fetchpriority=\"high\" decoding=\"async\" class=\"alignnone wp-image-15525\" src=\"https:\/\/www.viskanspa.se\/wp-content\/uploads\/2025\/03\/Ny_Skalfarger_20-300x165.jpg\" alt=\"\" width=\"315\" height=\"173\" srcset=\"https:\/\/www.viskanspa.se\/wp-content\/uploads\/2025\/03\/Ny_Skalfarger_20-300x165.jpg 300w, https:\/\/www.viskanspa.se\/wp-content\/uploads\/2025\/03\/Ny_Skalfarger_20-18x10.jpg 18w, https:\/\/www.viskanspa.se\/wp-content\/uploads\/2025\/03\/Ny_Skalfarger_20-297x163.jpg 297w, https:\/\/www.viskanspa.se\/wp-content\/uploads\/2025\/03\/Ny_Skalfarger_20-64x35.jpg 64w, https:\/\/www.viskanspa.se\/wp-content\/uploads\/2025\/03\/Ny_Skalfarger_20.jpg 452w\" sizes=\"(max-width: 315px) 100vw, 315px\" \/> \u00a0<img decoding=\"async\" class=\"alignnone wp-image-15526\" src=\"https:\/\/www.viskanspa.se\/wp-content\/uploads\/2025\/03\/Ny_Skalfarger_202355-300x159.jpg\" alt=\"\" width=\"325\" height=\"173\" srcset=\"https:\/\/www.viskanspa.se\/wp-content\/uploads\/2025\/03\/Ny_Skalfarger_202355-300x159.jpg 300w, https:\/\/www.viskanspa.se\/wp-content\/uploads\/2025\/03\/Ny_Skalfarger_202355-18x10.jpg 18w, https:\/\/www.viskanspa.se\/wp-content\/uploads\/2025\/03\/Ny_Skalfarger_202355-297x157.jpg 297w, https:\/\/www.viskanspa.se\/wp-content\/uploads\/2025\/03\/Ny_Skalfarger_202355-64x34.jpg 64w, https:\/\/www.viskanspa.se\/wp-content\/uploads\/2025\/03\/Ny_Skalfarger_202355.jpg 469w\" sizes=\"(max-width: 325px) 100vw, 325px\" \/><br \/><em>\u00a0 \u00a0White\u00a0 \u00a0 \u00a0 \u00a0 \u00a0 \u00a0 \u00a0 \u00a0 \u00a0 \u00a0 \u00a0 \u00a0 \u00a0 \u00a0Sterling\u00a0 \u00a0 \u00a0 \u00a0 \u00a0 \u00a0 \u00a0 \u00a0 \u00a0 \u00a0 \u00a0 \u00a0 \u00a0\u00a0<\/em><em style=\"color: var( --e-global-color-text ); font-family: var( --e-global-typography-text-font-family ), Sans-serif; font-size: var( --e-global-typography-text-font-size ); font-weight: var( --e-global-typography-text-font-weight ); text-transform: var( --e-global-typography-text-text-transform );\">Mystic\u00a0 \u00a0 \u00a0 \u00a0 \u00a0 \u00a0 \u00a0 \u00a0 \u00a0 \u00a0 \u00a0 \u00a0 \u00a0<\/em><em style=\"color: var( --e-global-color-text ); font-family: var( --e-global-typography-text-font-family ), Sans-serif; font-size: var( --e-global-typography-text-font-size ); font-weight: var( --e-global-typography-text-font-weight ); text-transform: var( --e-global-typography-text-text-transform );\">Midnight<\/em><\/p><p><span style=\"color: inherit; font-family: inherit; font-size: 2rem; font-weight: 600; text-transform: var( --e-global-typography-text-text-transform );\">3. Choose panel colour<\/span><\/p><p>Avoid thinking that you have to oil the wood, or repaint the panel. Our panels are made of composite material or aluminium. They fit well with outdoor furniture and are maintenance-free. Should they become dirty, they are simply rinsed off with plain water. Choose between the following different versions:<\/p><h3>For the S-serie<\/h3><p>\u00a0<img decoding=\"async\" class=\"wp-image-13592 alignleft\" src=\"https:\/\/www.viskanspa.se\/wp-content\/uploads\/2024\/08\/Ny-Panel-Brun_2-HIGH-RES-300x300.jpg\" alt=\"\" width=\"234\" height=\"234\" srcset=\"https:\/\/www.viskanspa.se\/wp-content\/uploads\/2024\/08\/Ny-Panel-Brun_2-HIGH-RES-300x300.jpg 300w, https:\/\/www.viskanspa.se\/wp-content\/uploads\/2024\/08\/Ny-Panel-Brun_2-HIGH-RES-297x297.jpg 297w, https:\/\/www.viskanspa.se\/wp-content\/uploads\/2024\/08\/Ny-Panel-Brun_2-HIGH-RES-100x100.jpg 100w, https:\/\/www.viskanspa.se\/wp-content\/uploads\/2024\/08\/Ny-Panel-Brun_2-HIGH-RES-505x505.jpg 505w, https:\/\/www.viskanspa.se\/wp-content\/uploads\/2024\/08\/Ny-Panel-Brun_2-HIGH-RES-64x64.jpg 64w, https:\/\/www.viskanspa.se\/wp-content\/uploads\/2024\/08\/Ny-Panel-Brun_2-HIGH-RES-1024x1024.jpg 1024w, https:\/\/www.viskanspa.se\/wp-content\/uploads\/2024\/08\/Ny-Panel-Brun_2-HIGH-RES-150x150.jpg 150w, https:\/\/www.viskanspa.se\/wp-content\/uploads\/2024\/08\/Ny-Panel-Brun_2-HIGH-RES-768x768.jpg 768w, https:\/\/www.viskanspa.se\/wp-content\/uploads\/2024\/08\/Ny-Panel-Brun_2-HIGH-RES-12x12.jpg 12w, https:\/\/www.viskanspa.se\/wp-content\/uploads\/2024\/08\/Ny-Panel-Brun_2-HIGH-RES.jpg 1080w\" sizes=\"(max-width: 234px) 100vw, 234px\" \/><img loading=\"lazy\" decoding=\"async\" class=\"wp-image-13594 alignleft\" src=\"https:\/\/www.viskanspa.se\/wp-content\/uploads\/2024\/08\/Ny-Panel-Svart_1-HIGH-RES-300x300.jpg\" alt=\"\" width=\"245\" height=\"245\" srcset=\"https:\/\/www.viskanspa.se\/wp-content\/uploads\/2024\/08\/Ny-Panel-Svart_1-HIGH-RES-300x300.jpg 300w, https:\/\/www.viskanspa.se\/wp-content\/uploads\/2024\/08\/Ny-Panel-Svart_1-HIGH-RES-297x297.jpg 297w, https:\/\/www.viskanspa.se\/wp-content\/uploads\/2024\/08\/Ny-Panel-Svart_1-HIGH-RES-100x100.jpg 100w, https:\/\/www.viskanspa.se\/wp-content\/uploads\/2024\/08\/Ny-Panel-Svart_1-HIGH-RES-505x505.jpg 505w, https:\/\/www.viskanspa.se\/wp-content\/uploads\/2024\/08\/Ny-Panel-Svart_1-HIGH-RES-64x64.jpg 64w, https:\/\/www.viskanspa.se\/wp-content\/uploads\/2024\/08\/Ny-Panel-Svart_1-HIGH-RES-1024x1024.jpg 1024w, https:\/\/www.viskanspa.se\/wp-content\/uploads\/2024\/08\/Ny-Panel-Svart_1-HIGH-RES-150x150.jpg 150w, https:\/\/www.viskanspa.se\/wp-content\/uploads\/2024\/08\/Ny-Panel-Svart_1-HIGH-RES-768x768.jpg 768w, https:\/\/www.viskanspa.se\/wp-content\/uploads\/2024\/08\/Ny-Panel-Svart_1-HIGH-RES-12x12.jpg 12w, https:\/\/www.viskanspa.se\/wp-content\/uploads\/2024\/08\/Ny-Panel-Svart_1-HIGH-RES.jpg 1080w\" sizes=\"(max-width: 245px) 100vw, 245px\" \/><\/p><p><em>\u00a0<\/em><\/p><p><em>\u00a0<\/em><\/p><p><em>\u00a0<\/em><\/p><p><em>\u00a0<\/em><\/p><p><em>\u00a0<\/em><\/p><p><em>\u00a0<\/em><\/p><p><em>Sand horizontal panel or black horizontal panel.<\/em><\/p><h3><span style=\"color: inherit; font-family: inherit; font-size: 1.75rem; text-transform: var( --e-global-typography-text-text-transform );\">For the V-serie<\/span><\/h3><p><img loading=\"lazy\" decoding=\"async\" src=\"https:\/\/www.viskanspa.se\/wp-content\/uploads\/2023\/01\/Ljus_Svart_V_serien-300x84.jpg\" alt=\"\" width=\"500\" height=\"140\" \/><\/p><p><em>Alumi light wood or Alumi black<\/em><\/p><h2>4. Thermal lid<\/h2><p>We also have one of the very best covers on the market. As you know, heat rises. Our cover is thick and made of high-density plastic which, unlike most other covers on the market, provides very good insulation after a few years.<\/p><p>Included with our spa are our Weather Shield covers where the cover is a dyed polyester fabric that is designed to be flexible. Its coating increases the stability of the fabric and enables higher water resistance while minimizing the risk of shrinkage and stretching. Weather Shield has a high UV, water and mold resistance, excellent wear resistance and abrasion resistance.<\/p><p>They are easy to maintain and can either be washed or brushed and rinsed. This cover is available in either black or grey.<\/p><p>\u00a0<img loading=\"lazy\" decoding=\"async\" class=\"alignnone size-medium wp-image-14104\" src=\"https:\/\/www.viskanspa.se\/wp-content\/uploads\/2024\/09\/Lock-narbild-300x141.png\" alt=\"\" width=\"300\" height=\"141\" srcset=\"https:\/\/www.viskanspa.se\/wp-content\/uploads\/2024\/09\/Lock-narbild-300x141.png 300w, https:\/\/www.viskanspa.se\/wp-content\/uploads\/2024\/09\/Lock-narbild-297x140.png 297w, https:\/\/www.viskanspa.se\/wp-content\/uploads\/2024\/09\/Lock-narbild-505x237.png 505w, https:\/\/www.viskanspa.se\/wp-content\/uploads\/2024\/09\/Lock-narbild-64x30.png 64w, https:\/\/www.viskanspa.se\/wp-content\/uploads\/2024\/09\/Lock-narbild-1024x481.png 1024w, https:\/\/www.viskanspa.se\/wp-content\/uploads\/2024\/09\/Lock-narbild-768x361.png 768w, https:\/\/www.viskanspa.se\/wp-content\/uploads\/2024\/09\/Lock-narbild-1536x722.png 1536w, https:\/\/www.viskanspa.se\/wp-content\/uploads\/2024\/09\/Lock-narbild-2048x962.png 2048w, https:\/\/www.viskanspa.se\/wp-content\/uploads\/2024\/09\/Lock-narbild-18x8.png 18w\" sizes=\"(max-width: 300px) 100vw, 300px\" \/><br \/><em>The lid is black\u00a0<\/em><\/p>\t\t\t\t\t\t\t\t<\/div>\n\t\t\t\t<\/div>\n\t\t\t\t\t<\/div>\n\t\t<\/div>\n\t\t\t\t\t<\/div>\n\t\t<\/section>\n\t\t\t\t<\/div>","protected":false},"excerpt":{"rendered":"<p>Att v\u00e4lja spabad 1. V\u00e4lj modell Hitta en spabadsmodell som passar dina behov med avseende p\u00e5 storlek, utformning, utrustningsgrad och massagefunktioner. F\u00f6r att hitta den formen av massage just du \u00e4r ute efter, ta hj\u00e4lp av f\u00f6ljande symboler: Fast riktbar punktmassageKn\u00e5dande massagePulserande massageNackmassage 2. V\u00e4lj skalf\u00e4rg Marknadens tjockaste skalskiva, fr\u00e5n den b\u00e4sta leverant\u00f6ren. Skalskivan \u00e4r [&hellip;]<\/p>\n","protected":false},"author":1,"featured_media":0,"parent":0,"menu_order":0,"comment_status":"closed","ping_status":"closed","template":"","meta":{"_acf_changed":false,"footnotes":""},"class_list":["post-6507","page","type-page","status-publish","hentry"],"acf":[],"_links":{"self":[{"href":"https:\/\/www.viskanspa.se\/en\/wp-json\/wp\/v2\/pages\/6507","targetHints":{"allow":["GET"]}}],"collection":[{"href":"https:\/\/www.viskanspa.se\/en\/wp-json\/wp\/v2\/pages"}],"about":[{"href":"https:\/\/www.viskanspa.se\/en\/wp-json\/wp\/v2\/types\/page"}],"author":[{"embeddable":true,"href":"https:\/\/www.viskanspa.se\/en\/wp-json\/wp\/v2\/users\/1"}],"replies":[{"embeddable":true,"href":"https:\/\/www.viskanspa.se\/en\/wp-json\/wp\/v2\/comments?post=6507"}],"version-history":[{"count":34,"href":"https:\/\/www.viskanspa.se\/en\/wp-json\/wp\/v2\/pages\/6507\/revisions"}],"predecessor-version":[{"id":18289,"href":"https:\/\/www.viskanspa.se\/en\/wp-json\/wp\/v2\/pages\/6507\/revisions\/18289"}],"wp:attachment":[{"href":"https:\/\/www.viskanspa.se\/en\/wp-json\/wp\/v2\/media?parent=6507"}],"curies":[{"name":"wp","href":"https:\/\/api.w.org\/{rel}","templated":true}]}}