{"id":6505,"date":"2022-06-28T13:47:33","date_gmt":"2022-06-28T13:47:33","guid":{"rendered":"https:\/\/www.viskanspa.se\/?page_id=6505"},"modified":"2022-10-03T10:40:23","modified_gmt":"2022-10-03T10:40:23","slug":"varfor-spabad","status":"publish","type":"page","link":"https:\/\/www.viskanspa.se\/en\/varfor-spabad\/","title":{"rendered":"Why spa?"},"content":{"rendered":"<div data-elementor-type=\"wp-page\" data-elementor-id=\"6505\" class=\"elementor elementor-6505\" data-elementor-post-type=\"page\">\n\t\t\t\t\t\t<section class=\"elementor-section elementor-top-section elementor-element elementor-element-60d531e elementor-section-full_width elementor-section-content-middle elementor-section-height-min-height elementor-section-height-default elementor-section-items-middle\" data-id=\"60d531e\" data-element_type=\"section\" data-e-type=\"section\" data-settings=\"{&quot;background_background&quot;:&quot;classic&quot;}\">\n\t\t\t\t\t\t\t<div class=\"elementor-background-overlay\"><\/div>\n\t\t\t\t\t\t\t<div class=\"elementor-container elementor-column-gap-default\">\n\t\t\t\t\t<div class=\"elementor-column elementor-col-100 elementor-top-column elementor-element elementor-element-7bc8d02\" data-id=\"7bc8d02\" data-element_type=\"column\" data-e-type=\"column\" data-settings=\"{&quot;background_background&quot;:&quot;classic&quot;}\">\n\t\t\t<div class=\"elementor-widget-wrap elementor-element-populated\">\n\t\t\t\t\t\t<div class=\"elementor-element elementor-element-cde8894 elementor-widget elementor-widget-heading\" data-id=\"cde8894\" data-element_type=\"widget\" data-e-type=\"widget\" data-widget_type=\"heading.default\">\n\t\t\t\t<div class=\"elementor-widget-container\">\n\t\t\t\t\t<h1 class=\"elementor-heading-title elementor-size-default\">Why spa?<\/h1>\t\t\t\t<\/div>\n\t\t\t\t<\/div>\n\t\t\t\t\t<\/div>\n\t\t<\/div>\n\t\t\t\t\t<\/div>\n\t\t<\/section>\n\t\t\t\t<section class=\"elementor-section elementor-top-section elementor-element elementor-element-511dba1 elementor-section-height-min-height elementor-section-boxed elementor-section-height-default elementor-section-items-middle\" data-id=\"511dba1\" data-element_type=\"section\" data-e-type=\"section\" data-settings=\"{&quot;background_background&quot;:&quot;classic&quot;}\">\n\t\t\t\t\t\t\t<div class=\"elementor-background-overlay\"><\/div>\n\t\t\t\t\t\t\t<div class=\"elementor-container elementor-column-gap-default\">\n\t\t\t\t\t<div class=\"elementor-column elementor-col-100 elementor-top-column elementor-element elementor-element-3e01940\" data-id=\"3e01940\" data-element_type=\"column\" data-e-type=\"column\" data-settings=\"{&quot;background_background&quot;:&quot;classic&quot;}\">\n\t\t\t<div class=\"elementor-widget-wrap elementor-element-populated\">\n\t\t\t\t\t\t<div class=\"elementor-element elementor-element-8ac173c elementor-widget elementor-widget-text-editor\" data-id=\"8ac173c\" data-element_type=\"widget\" data-e-type=\"widget\" data-widget_type=\"text-editor.default\">\n\t\t\t\t<div class=\"elementor-widget-container\">\n\t\t\t\t\t\t\t\t\t<h2>Water therapy - An investment in your health<\/h2><p>Water is necessary for all life and that is perhaps why we human beings are naturally drawn to water. In water we feel weightless, full of life and peaceful at the same time. A spa is the perfect way to unwind and recover\u2028after a hectic day. Get into the water, let your body absorb the warmth and feel your muscles relax.<\/p><p>There are many health benefits to a hot massage tub. When the body warms up, blood circulation increases \u2028and makes blood vessels dilate. Lower blood pressure, less stress and temporary relief of joint and muscular \u2028pain are some of the effects that many people experience in their spa.<\/p><p>Having a spa as the natural heart of a group of people or as a social hub also gives a chance to free up quality time with family and friends, which also affects well-being and helps create an overall positive feeling. Get together for a while in a warm atmosphere free from everyday distractions and feel how the water massages you and releases endorphins \u2013 the body\u2019s own natural feel-good medicine.<\/p><ul><li>Natural remedy for insomnia<\/li><li>Reduction of stiffness and swelling<\/li><li>Aiding arthritis (but not all types of arthritis)<\/li><li>Relief in type-2 diabetes (reduced blood sugar levels, better sleep)<\/li><\/ul>\t\t\t\t\t\t\t\t<\/div>\n\t\t\t\t<\/div>\n\t\t\t\t\t<\/div>\n\t\t<\/div>\n\t\t\t\t\t<\/div>\n\t\t<\/section>\n\t\t\t\t<\/div>","protected":false},"excerpt":{"rendered":"<p>Varf\u00f6r spabad? Positiva h\u00e4lsobringande effekter Vatten \u00e4r en f\u00f6ruts\u00e4ttning f\u00f6r allt liv och det \u00e4r kanske d\u00e4rf\u00f6r vi m\u00e4nniskor har en naturlig dragning till vatten. I vattnet k\u00e4nner vi oss tyngdl\u00f6sa, livfulla och rofyllda p\u00e5 en och samma g\u00e5ng. Ett varmt spabad \u00e4r det perfekta s\u00e4ttet att varva ner och \u00e5terh\u00e4mta sig efter en intensiv [&hellip;]<\/p>\n","protected":false},"author":1,"featured_media":0,"parent":0,"menu_order":0,"comment_status":"closed","ping_status":"closed","template":"","meta":{"_acf_changed":false,"footnotes":""},"class_list":["post-6505","page","type-page","status-publish","hentry"],"acf":[],"_links":{"self":[{"href":"https:\/\/www.viskanspa.se\/en\/wp-json\/wp\/v2\/pages\/6505","targetHints":{"allow":["GET"]}}],"collection":[{"href":"https:\/\/www.viskanspa.se\/en\/wp-json\/wp\/v2\/pages"}],"about":[{"href":"https:\/\/www.viskanspa.se\/en\/wp-json\/wp\/v2\/types\/page"}],"author":[{"embeddable":true,"href":"https:\/\/www.viskanspa.se\/en\/wp-json\/wp\/v2\/users\/1"}],"replies":[{"embeddable":true,"href":"https:\/\/www.viskanspa.se\/en\/wp-json\/wp\/v2\/comments?post=6505"}],"version-history":[{"count":0,"href":"https:\/\/www.viskanspa.se\/en\/wp-json\/wp\/v2\/pages\/6505\/revisions"}],"wp:attachment":[{"href":"https:\/\/www.viskanspa.se\/en\/wp-json\/wp\/v2\/media?parent=6505"}],"curies":[{"name":"wp","href":"https:\/\/api.w.org\/{rel}","templated":true}]}}