{"id":480,"date":"2022-04-04T09:22:27","date_gmt":"2022-04-04T09:22:27","guid":{"rendered":"http:\/\/viskanspa-se.flywheelstaging.com\/?page_id=480"},"modified":"2025-08-14T12:10:18","modified_gmt":"2025-08-14T12:10:18","slug":"jobba-hos-oss","status":"publish","type":"page","link":"https:\/\/www.viskanspa.se\/en\/jobba-hos-oss\/","title":{"rendered":"Work with us"},"content":{"rendered":"<div data-elementor-type=\"wp-page\" data-elementor-id=\"480\" class=\"elementor elementor-480\" data-elementor-post-type=\"page\">\n\t\t\t\t\t\t<section class=\"elementor-section elementor-top-section elementor-element elementor-element-5aec1e2 elementor-section-full_width elementor-section-content-middle elementor-section-height-min-height elementor-section-height-default elementor-section-items-middle\" data-id=\"5aec1e2\" data-element_type=\"section\" data-e-type=\"section\" data-settings=\"{&quot;background_background&quot;:&quot;classic&quot;}\">\n\t\t\t\t\t\t\t<div class=\"elementor-background-overlay\"><\/div>\n\t\t\t\t\t\t\t<div class=\"elementor-container elementor-column-gap-default\">\n\t\t\t\t\t<div class=\"elementor-column elementor-col-100 elementor-top-column elementor-element elementor-element-59c5741\" data-id=\"59c5741\" data-element_type=\"column\" data-e-type=\"column\" data-settings=\"{&quot;background_background&quot;:&quot;classic&quot;}\">\n\t\t\t<div class=\"elementor-widget-wrap elementor-element-populated\">\n\t\t\t\t\t\t<div class=\"elementor-element elementor-element-b507b36 elementor-widget elementor-widget-heading\" data-id=\"b507b36\" data-element_type=\"widget\" data-e-type=\"widget\" data-widget_type=\"heading.default\">\n\t\t\t\t<div class=\"elementor-widget-container\">\n\t\t\t\t\t<h1 class=\"elementor-heading-title elementor-size-default\">Work with us<\/h1>\t\t\t\t<\/div>\n\t\t\t\t<\/div>\n\t\t\t\t\t<\/div>\n\t\t<\/div>\n\t\t\t\t\t<\/div>\n\t\t<\/section>\n\t\t\t\t<section class=\"elementor-section elementor-top-section elementor-element elementor-element-b5f4430 elementor-section-boxed elementor-section-height-default elementor-section-height-default\" data-id=\"b5f4430\" data-element_type=\"section\" data-e-type=\"section\" data-settings=\"{&quot;background_background&quot;:&quot;classic&quot;}\">\n\t\t\t\t\t\t<div class=\"elementor-container elementor-column-gap-default\">\n\t\t\t\t\t<div class=\"elementor-column elementor-col-100 elementor-top-column elementor-element elementor-element-25cb413\" data-id=\"25cb413\" data-element_type=\"column\" data-e-type=\"column\">\n\t\t\t<div class=\"elementor-widget-wrap elementor-element-populated\">\n\t\t\t\t\t\t<div class=\"elementor-element elementor-element-d1ec655 elementor-widget elementor-widget-heading\" data-id=\"d1ec655\" data-element_type=\"widget\" data-e-type=\"widget\" data-widget_type=\"heading.default\">\n\t\t\t\t<div class=\"elementor-widget-container\">\n\t\t\t\t\t<h2 class=\"elementor-heading-title elementor-size-default\">Lediga jobb just nu:<\/h2>\t\t\t\t<\/div>\n\t\t\t\t<\/div>\n\t\t\t\t<div class=\"elementor-element elementor-element-2a74f1e elementor-align-center elementor-widget__width-auto elementor-widget elementor-widget-button\" data-id=\"2a74f1e\" data-element_type=\"widget\" data-e-type=\"widget\" data-widget_type=\"button.default\">\n\t\t\t\t<div class=\"elementor-widget-container\">\n\t\t\t\t\t\t\t\t\t<div class=\"elementor-button-wrapper\">\n\t\t\t\t\t<a class=\"elementor-button elementor-button-link elementor-size-sm\" href=\"#maskinoperator\">\n\t\t\t\t\t\t<span class=\"elementor-button-content-wrapper\">\n\t\t\t\t\t\t\t\t\t<span class=\"elementor-button-text\">Maskinoperat\u00f6r<\/span>\n\t\t\t\t\t<\/span>\n\t\t\t\t\t<\/a>\n\t\t\t\t<\/div>\n\t\t\t\t\t\t\t\t<\/div>\n\t\t\t\t<\/div>\n\t\t\t\t<div class=\"elementor-element elementor-element-d5e4d58 elementor-align-center elementor-widget__width-auto elementor-widget elementor-widget-button\" data-id=\"d5e4d58\" data-element_type=\"widget\" data-e-type=\"widget\" data-widget_type=\"button.default\">\n\t\t\t\t<div class=\"elementor-widget-container\">\n\t\t\t\t\t\t\t\t\t<div class=\"elementor-button-wrapper\">\n\t\t\t\t\t<a class=\"elementor-button elementor-button-link elementor-size-sm\" href=\"#spontanansokan\">\n\t\t\t\t\t\t<span class=\"elementor-button-content-wrapper\">\n\t\t\t\t\t\t\t\t\t<span class=\"elementor-button-text\">Spontanans\u00f6kan<\/span>\n\t\t\t\t\t<\/span>\n\t\t\t\t\t<\/a>\n\t\t\t\t<\/div>\n\t\t\t\t\t\t\t\t<\/div>\n\t\t\t\t<\/div>\n\t\t\t\t<div class=\"elementor-element elementor-element-27b9e26 elementor-widget elementor-widget-menu-anchor\" data-id=\"27b9e26\" data-element_type=\"widget\" data-e-type=\"widget\" data-widget_type=\"menu-anchor.default\">\n\t\t\t\t<div class=\"elementor-widget-container\">\n\t\t\t\t\t\t\t<div class=\"elementor-menu-anchor\" id=\"maskinoperator\"><\/div>\n\t\t\t\t\t\t<\/div>\n\t\t\t\t<\/div>\n\t\t\t\t<div class=\"elementor-element elementor-element-ffe4b36 elementor-widget__width-initial elementor-widget elementor-widget-text-editor\" data-id=\"ffe4b36\" data-element_type=\"widget\" data-e-type=\"widget\" data-widget_type=\"text-editor.default\">\n\t\t\t\t<div class=\"elementor-widget-container\">\n\t\t\t\t\t\t\t\t\t<p><span style=\"background-color: var( --e-global-color-primary ); color: var( --e-global-color-text ); font-family: var( --e-global-typography-text-font-family ), Sans-serif; text-transform: var( --e-global-typography-text-text-transform ); font-size: 1.5rem; font-weight: 600;\">Vi s\u00f6ker maskinoperat\u00f6r<\/span><\/p><p style=\"text-align: left;\">Rollen inneb\u00e4r att jobba operativt och tekniskt men d\u00e4r den operativa delen \u00e4r i klar \u00f6vervikt. Det st\u00e4ller krav p\u00e5 att du kan rigga maskinerna och se till att produkten tillverkas med kvalitet. Du kommer \u00e4ven vara inblandad med att jobba i v\u00e5ra andra processer n\u00e4r m\u00f6jlighet finns. Du trivs med att jobba i team i industriella milj\u00f6n.<\/p><h6 style=\"text-align: left;\">\u00d6nskv\u00e4rda kvalifikationer:<\/h6><ul><li style=\"text-align: left;\">Ett par \u00e5rs erfarenhet som maskin\/CNC-operat\u00f6r.<\/li><li style=\"text-align: left;\">Kunna l\u00e4sa och tolka ritningar<\/li><li style=\"text-align: left;\">Kunna programmera<\/li><li style=\"text-align: left;\">Teknisk utbildning p\u00e5 gymnasieniv\u00e5.<\/li><li style=\"text-align: left;\">Ha fink\u00e4nsla och vara kvalitetsmedveten.<\/li><li style=\"text-align: left;\">Svenska i tal och skrift<\/li><\/ul><div><h6 style=\"text-align: left;\"><span translate=\"qualifications.section.merit-header\"><br \/><span style=\"text-decoration: underline;\">Meriterande<\/span><\/span><\/h6><div style=\"text-align: left;\">Maskinoperat\u00f6r, mekanisk verkstad &#8211;\u00a0 erfarenhet efterfr\u00e5gas<\/div><\/div><div><h6 style=\"text-align: left;\"><span style=\"text-decoration: underline;\">Utbildning<\/span><\/h6><p style=\"text-align: left;\">Gymnasial utbildning inom Teknik och teknisk industri<\/p><\/div><p style=\"text-align: left;\">Arbetstiden \u00e4r f\u00f6rlagd p\u00e5 dagtid, \u00f6vertidsarbete kan f\u00f6rekomma.<\/p><p style=\"text-align: left;\">Rekrytering kommer ske l\u00f6pande och tj\u00e4nsten kan komma att tills\u00e4ttas innan slutdatum &#8211; s\u00e5 tveka inte att s\u00f6ka nu!<br \/>Din ans\u00f6kan mailas till <a href=\"mailto:johan.eriksson@gmail.com\">johan.eriksson@gmail.com<\/a><\/p>\t\t\t\t\t\t\t\t<\/div>\n\t\t\t\t<\/div>\n\t\t\t\t<div class=\"elementor-element elementor-element-a5ed258 elementor-widget elementor-widget-menu-anchor\" data-id=\"a5ed258\" data-element_type=\"widget\" data-e-type=\"widget\" data-widget_type=\"menu-anchor.default\">\n\t\t\t\t<div class=\"elementor-widget-container\">\n\t\t\t\t\t\t\t<div class=\"elementor-menu-anchor\" id=\"spontanansokan\"><\/div>\n\t\t\t\t\t\t<\/div>\n\t\t\t\t<\/div>\n\t\t\t\t<div class=\"elementor-element elementor-element-dc15e8d elementor-widget__width-initial elementor-widget elementor-widget-text-editor\" data-id=\"dc15e8d\" data-element_type=\"widget\" data-e-type=\"widget\" data-widget_type=\"text-editor.default\">\n\t\t\t\t<div class=\"elementor-widget-container\">\n\t\t\t\t\t\t\t\t\t<p><span style=\"color: inherit; font-family: inherit; font-size: 1.5rem; font-weight: 600; text-transform: var( --e-global-typography-text-text-transform ); background-color: var( --e-global-color-primary );\">Spontanans\u00f6kan<\/span><\/p><p style=\"text-align: left;\">Du \u00e4r alltid v\u00e4lkommen att skicka in en spontanans\u00f6kan, vi ser fram emot att h\u00f6ra ifr\u00e5n dig!<\/p><p style=\"text-align: left;\">Skicka in din spontanans\u00f6kan till:\u00a0<a href=\"mailto:charlotte.lindblad@viskanspa.se\">charlotte.lindblad@viskanspa.se<\/a><\/p>\t\t\t\t\t\t\t\t<\/div>\n\t\t\t\t<\/div>\n\t\t\t\t\t<\/div>\n\t\t<\/div>\n\t\t\t\t\t<\/div>\n\t\t<\/section>\n\t\t\t\t<\/div>","protected":false},"excerpt":{"rendered":"<p>Jobba hos oss Lediga jobb just nu: Maskinoperat\u00f6r Spontanans\u00f6kan Vi s\u00f6ker maskinoperat\u00f6r Rollen inneb\u00e4r att jobba operativt och tekniskt men d\u00e4r den operativa delen \u00e4r i klar \u00f6vervikt. Det st\u00e4ller krav p\u00e5 att du kan rigga maskinerna och se till att produkten tillverkas med kvalitet. Du kommer \u00e4ven vara inblandad med att jobba i v\u00e5ra [&hellip;]<\/p>\n","protected":false},"author":1,"featured_media":0,"parent":0,"menu_order":0,"comment_status":"closed","ping_status":"closed","template":"","meta":{"_acf_changed":false,"footnotes":""},"class_list":["post-480","page","type-page","status-publish","hentry"],"acf":[],"_links":{"self":[{"href":"https:\/\/www.viskanspa.se\/en\/wp-json\/wp\/v2\/pages\/480","targetHints":{"allow":["GET"]}}],"collection":[{"href":"https:\/\/www.viskanspa.se\/en\/wp-json\/wp\/v2\/pages"}],"about":[{"href":"https:\/\/www.viskanspa.se\/en\/wp-json\/wp\/v2\/types\/page"}],"author":[{"embeddable":true,"href":"https:\/\/www.viskanspa.se\/en\/wp-json\/wp\/v2\/users\/1"}],"replies":[{"embeddable":true,"href":"https:\/\/www.viskanspa.se\/en\/wp-json\/wp\/v2\/comments?post=480"}],"version-history":[{"count":46,"href":"https:\/\/www.viskanspa.se\/en\/wp-json\/wp\/v2\/pages\/480\/revisions"}],"predecessor-version":[{"id":16583,"href":"https:\/\/www.viskanspa.se\/en\/wp-json\/wp\/v2\/pages\/480\/revisions\/16583"}],"wp:attachment":[{"href":"https:\/\/www.viskanspa.se\/en\/wp-json\/wp\/v2\/media?parent=480"}],"curies":[{"name":"wp","href":"https:\/\/api.w.org\/{rel}","templated":true}]}}