{"id":468,"date":"2022-04-04T09:16:49","date_gmt":"2022-04-04T09:16:49","guid":{"rendered":"http:\/\/viskanspa-se.flywheelstaging.com\/?page_id=468"},"modified":"2025-10-20T13:38:02","modified_gmt":"2025-10-20T13:38:02","slug":"aterforsaljare","status":"publish","type":"page","link":"https:\/\/www.viskanspa.se\/en\/aterforsaljare\/","title":{"rendered":"Reseller"},"content":{"rendered":"<div data-elementor-type=\"wp-page\" data-elementor-id=\"468\" class=\"elementor elementor-468\" data-elementor-post-type=\"page\">\n\t\t\t\t\t\t<section class=\"elementor-section elementor-top-section elementor-element elementor-element-6f5cb17 elementor-section-full_width elementor-section-content-middle elementor-section-height-min-height elementor-section-height-default elementor-section-items-middle\" data-id=\"6f5cb17\" data-element_type=\"section\" data-e-type=\"section\" data-settings=\"{&quot;background_background&quot;:&quot;classic&quot;}\">\n\t\t\t\t\t\t\t<div class=\"elementor-background-overlay\"><\/div>\n\t\t\t\t\t\t\t<div class=\"elementor-container elementor-column-gap-default\">\n\t\t\t\t\t<div class=\"elementor-column elementor-col-100 elementor-top-column elementor-element elementor-element-e677d68\" data-id=\"e677d68\" data-element_type=\"column\" data-e-type=\"column\" data-settings=\"{&quot;background_background&quot;:&quot;classic&quot;}\">\n\t\t\t<div class=\"elementor-widget-wrap elementor-element-populated\">\n\t\t\t\t\t\t<div class=\"elementor-element elementor-element-a4fb445 elementor-cta--skin-cover elementor-widget__width-initial elementor-widget-tablet__width-initial elementor-cta--valign-middle elementor-widget elementor-widget-call-to-action\" data-id=\"a4fb445\" data-element_type=\"widget\" data-e-type=\"widget\" data-widget_type=\"call-to-action.default\">\n\t\t\t\t<div class=\"elementor-widget-container\">\n\t\t\t\t\t\t\t<div class=\"elementor-cta\">\n\t\t\t\t\t<div class=\"elementor-cta__bg-wrapper\">\n\t\t\t\t<div class=\"elementor-cta__bg elementor-bg\" style=\"background-image: url();\" role=\"img\" aria-label=\"\"><\/div>\n\t\t\t\t<div class=\"elementor-cta__bg-overlay\"><\/div>\n\t\t\t<\/div>\n\t\t\t\t\t\t\t<div class=\"elementor-cta__content\">\n\t\t\t\t\n\t\t\t\t\t\t\t\t\t<h1 class=\"elementor-cta__title elementor-cta__content-item elementor-content-item\">\n\t\t\t\t\t\tReseller\t\t\t\t\t<\/h1>\n\t\t\t\t\n\t\t\t\t\n\t\t\t\t\t\t\t<\/div>\n\t\t\t\t\t\t<\/div>\n\t\t\t\t\t\t<\/div>\n\t\t\t\t<\/div>\n\t\t\t\t\t<\/div>\n\t\t<\/div>\n\t\t\t\t\t<\/div>\n\t\t<\/section>\n\t\t\t\t<section class=\"elementor-section elementor-top-section elementor-element elementor-element-efbfc97 elementor-section-boxed elementor-section-height-default elementor-section-height-default\" data-id=\"efbfc97\" data-element_type=\"section\" data-e-type=\"section\">\n\t\t\t\t\t\t<div class=\"elementor-container elementor-column-gap-default\">\n\t\t\t\t\t<div class=\"elementor-column elementor-col-100 elementor-top-column elementor-element elementor-element-ab010de\" data-id=\"ab010de\" data-element_type=\"column\" data-e-type=\"column\">\n\t\t\t<div class=\"elementor-widget-wrap elementor-element-populated\">\n\t\t\t\t\t\t<div class=\"elementor-element elementor-element-a2f210d elementor-widget__width-initial e-transform e-transform e-transform elementor-cta--skin-classic elementor-widget elementor-widget-call-to-action\" data-id=\"a2f210d\" data-element_type=\"widget\" data-e-type=\"widget\" data-settings=\"{&quot;_transform_rotateZ_effect&quot;:{&quot;unit&quot;:&quot;px&quot;,&quot;size&quot;:13,&quot;sizes&quot;:[]},&quot;_transform_rotateZ_effect_hover&quot;:{&quot;unit&quot;:&quot;px&quot;,&quot;size&quot;:0,&quot;sizes&quot;:[]},&quot;_transform_scale_effect_hover&quot;:{&quot;unit&quot;:&quot;px&quot;,&quot;size&quot;:1.05,&quot;sizes&quot;:[]},&quot;_transform_rotateZ_effect_tablet&quot;:{&quot;unit&quot;:&quot;deg&quot;,&quot;size&quot;:&quot;&quot;,&quot;sizes&quot;:[]},&quot;_transform_rotateZ_effect_mobile&quot;:{&quot;unit&quot;:&quot;deg&quot;,&quot;size&quot;:&quot;&quot;,&quot;sizes&quot;:[]},&quot;_transform_rotateZ_effect_hover_tablet&quot;:{&quot;unit&quot;:&quot;deg&quot;,&quot;size&quot;:&quot;&quot;,&quot;sizes&quot;:[]},&quot;_transform_rotateZ_effect_hover_mobile&quot;:{&quot;unit&quot;:&quot;deg&quot;,&quot;size&quot;:&quot;&quot;,&quot;sizes&quot;:[]},&quot;_transform_scale_effect_hover_tablet&quot;:{&quot;unit&quot;:&quot;px&quot;,&quot;size&quot;:&quot;&quot;,&quot;sizes&quot;:[]},&quot;_transform_scale_effect_hover_mobile&quot;:{&quot;unit&quot;:&quot;px&quot;,&quot;size&quot;:&quot;&quot;,&quot;sizes&quot;:[]}}\" data-widget_type=\"call-to-action.default\">\n\t\t\t\t<div class=\"elementor-widget-container\">\n\t\t\t\t\t\t\t<a class=\"elementor-cta\" href=\"\/en\/bli-aterforsaljare\/\">\n\t\t\t\t\t\t\t<div class=\"elementor-cta__content\">\n\t\t\t\t\n\t\t\t\t\t\t\t\t\t<h2 class=\"elementor-cta__title elementor-cta__content-item elementor-content-item\">\n\t\t\t\t\t\tVill ni bli \u00e5terf\u00f6rs\u00e4ljare?\t\t\t\t\t<\/h2>\n\t\t\t\t\n\t\t\t\t\n\t\t\t\t\t\t\t<\/div>\n\t\t\t\t\t\t<\/a>\n\t\t\t\t\t\t<\/div>\n\t\t\t\t<\/div>\n\t\t\t\t\t<\/div>\n\t\t<\/div>\n\t\t\t\t\t<\/div>\n\t\t<\/section>\n\t\t\t\t<section class=\"elementor-section elementor-top-section elementor-element elementor-element-c7ed748 elementor-section-boxed elementor-section-height-default elementor-section-height-default\" data-id=\"c7ed748\" data-element_type=\"section\" data-e-type=\"section\">\n\t\t\t\t\t\t<div class=\"elementor-container elementor-column-gap-default\">\n\t\t\t\t\t<div class=\"elementor-column elementor-col-100 elementor-top-column elementor-element elementor-element-9eb5f4e\" data-id=\"9eb5f4e\" data-element_type=\"column\" data-e-type=\"column\">\n\t\t\t<div class=\"elementor-widget-wrap elementor-element-populated\">\n\t\t\t\t\t\t<div class=\"elementor-element elementor-element-bd0643e elementor-widget elementor-widget-heading\" data-id=\"bd0643e\" data-element_type=\"widget\" data-e-type=\"widget\" data-widget_type=\"heading.default\">\n\t\t\t\t<div class=\"elementor-widget-container\">\n\t\t\t\t\t<h2 class=\"elementor-heading-title elementor-size-default\">Reseller<\/h2>\t\t\t\t<\/div>\n\t\t\t\t<\/div>\n\t\t\t\t<div class=\"elementor-element elementor-element-6998ade elementor-widget__width-inherit elementor-widget-mobile__width-inherit elementor-widget elementor-widget-shortcode\" data-id=\"6998ade\" data-element_type=\"widget\" data-e-type=\"widget\" data-widget_type=\"shortcode.default\">\n\t\t\t\t<div class=\"elementor-widget-container\">\n\t\t\t\t\t\t\t<div class=\"elementor-shortcode\"><div class=\"wpgmza-standalone-component wpgmza-auto-left\" style=\"width:100%; max-width:100%;\" ><div class=\"wpgmza-store-locator\" data-id=\"1\">\r\n\t<div class=\"wpgmza-address-container\">\r\n\t\t<label class=\"wpgmza-address\" data-name=\"addressLabel\" for=\"addressInput_1\">Enter your zip code or city to find your nearest Viskan Spa dealer<\/label>\r\n\t\t<input class=\"wpgmza-address addressInput\" type=\"text\" placeholder=\"Enter postcode or city here\" autocomplete=\"off\" data-name=\"defaultAddress\" value=\"\" id=\"addressInput_1\" aria-label=\"Enter your zip code or city to find your nearest Viskan Spa dealer\">\r\n\t<\/div>\r\n\t\r\n\t<div class=\"wpgmza-radius-container\">\r\n\t\t<label class=\"wpgmza-radius\" for=\"radiusSelect_1\">\r\n\t\t\tRadius:\t\t<\/label>\r\n\t\t<select class=\"wpgmza-radius\" id=\"radiusSelect_1\" aria-label=\"Radius:\"><option class=\"wpgmza-radius wpgmza_sl_select_option\" value=\"5\">5km<\/option><option class=\"wpgmza-radius wpgmza_sl_select_option\" value=\"10\" selected>10km<\/option><option class=\"wpgmza-radius wpgmza_sl_select_option\" value=\"30\">30km<\/option><option class=\"wpgmza-radius wpgmza_sl_select_option\" value=\"50\">50km<\/option><option class=\"wpgmza-radius wpgmza_sl_select_option\" value=\"100\">100km<\/option><\/select>\r\n\t<\/div>\r\n\r\n\t<svg width=\"40\" height=\"40\" viewbox=\"0 0 59 59\" fill=\"none\" xmlns=\"http:\/\/www.w3.org\/2000\/svg\" class=\"wpgmza-search wpgmza-aria-bridge\" title=\"Search\" aria-label=\"Search\" role=\"button\" tabindex=\"0\">\r\n\t\t<line x1=\"40.5183\" y1=\"40.5685\" x2=\"53.5685\" y2=\"53.6188\" stroke-width=\"7\" stroke-linecap=\"round\"><\/line>\r\n\t\t<circle cx=\"24.5\" cy=\"24.5\" r=\"21\" stroke-width=\"7\"><\/circle>\r\n\t<\/svg>\r\n\r\n\t<svg width=\"40\" height=\"40\" viewbox=\"0 0 60 60\" fill=\"none\" xmlns=\"http:\/\/www.w3.org\/2000\/svg\" class=\"wpgmza-loading\" role=\"status\">\r\n\t\t<mask id=\"path-1-inside-1\">\r\n\t\t\t<path d=\"M60 30C60 24.1471 58.2879 18.422 55.0747 13.53C51.8614 8.63797 47.2873 4.79275 41.9159 2.46799C36.5445 0.143228 30.6103 -0.55952 24.8445 0.446314C19.0786 1.45215 13.7329 4.12263 9.46589 8.12878L13.8401 12.7879C17.1982 9.6351 21.4051 7.53349 25.9427 6.74192C30.4803 5.95035 35.1503 6.5034 39.3775 8.33293C43.6047 10.1625 47.2044 13.1886 49.7332 17.0385C52.2619 20.8884 53.6093 25.3939 53.6093 30H60Z\"><\/path>\r\n\t\t<\/mask>\r\n\t\t<path d=\"M60 30C60 24.1471 58.2879 18.422 55.0747 13.53C51.8614 8.63797 47.2873 4.79275 41.9159 2.46799C36.5445 0.143228 30.6103 -0.55952 24.8445 0.446314C19.0786 1.45215 13.7329 4.12263 9.46589 8.12878L13.8401 12.7879C17.1982 9.6351 21.4051 7.53349 25.9427 6.74192C30.4803 5.95035 35.1503 6.5034 39.3775 8.33293C43.6047 10.1625 47.2044 13.1886 49.7332 17.0385C52.2619 20.8884 53.6093 25.3939 53.6093 30H60Z\" stroke-width=\"14\" stroke-linecap=\"round\" stroke-linejoin=\"round\" mask=\"url(#path-1-inside-1)\"><\/path>\r\n\t<\/svg>\r\n\r\n\r\n\t<svg width=\"40\" height=\"40\" viewbox=\"0 0 62 62\" fill=\"none\" xmlns=\"http:\/\/www.w3.org\/2000\/svg\" class=\"wpgmza-reset wpgmza-aria-bridge\" title=\"Reset\" aria-label=\"Reset\" role=\"button\" tabindex=\"0\">\r\n\t\t<line x1=\"4.94975\" y1=\"5\" x2=\"56.5685\" y2=\"56.6188\" stroke-width=\"7\" stroke-linecap=\"round\"><\/line>\r\n\t\t<line x1=\"5\" y1=\"56.6188\" x2=\"56.6188\" y2=\"5\" stroke-width=\"7\" stroke-linecap=\"round\"><\/line>\r\n\t<\/svg>\r\n\r\n\r\n\t\r\n\t<div class=\"wpgmza-error\"><\/div>\r\n<\/div><\/div><div id=\"wpgmza_map_1\" class=\"wpgmza_map wpgmza-auto-left\" style=\"display:block;width:100%;height:80vh;overflow:hidden;position:relative;\" data-map-id=\"1\" data-maps-engine=\"google-maps\" data-build-engine=\"atlas-novus\" data-shortcode-attributes=\"{&quot;id&quot;:&quot;1&quot;,&quot;zoom&quot;:false,&quot;width&quot;:false,&quot;height&quot;:false,&quot;marker&quot;:false,&quot;classname&quot;:false,&quot;mashup&quot;:false,&quot;mashup_ids&quot;:false,&quot;cat&quot;:false,&quot;type&quot;:&quot;default&quot;,&quot;parent_id&quot;:false,&quot;lat&quot;:false,&quot;lng&quot;:false,&quot;mark_center&quot;:false,&quot;enable_category&quot;:false,&quot;directions_from&quot;:false,&quot;directions_to&quot;:false,&quot;directions_waypoints&quot;:false,&quot;directions_auto&quot;:false,&quot;disable_vgm_form&quot;:false,&quot;redirect_to&quot;:false}\" data-settings=\"{&quot;map_title&quot;:&quot;\\u00c5terf\\u00f6rj\\u00e4lsare&quot;,&quot;map_width&quot;:&quot;100&quot;,&quot;map_height&quot;:&quot;80&quot;,&quot;map_start_lat&quot;:&quot;58.945017399999976&quot;,&quot;map_start_lng&quot;:&quot;11.18416789999999&quot;,&quot;map_start_location&quot;:&quot;45.950464398418106,-109.81550500000003&quot;,&quot;map_start_zoom&quot;:&quot;5&quot;,&quot;default_marker&quot;:&quot;&quot;,&quot;type&quot;:&quot;1&quot;,&quot;alignment&quot;:&quot;4&quot;,&quot;directions_enabled&quot;:&quot;0&quot;,&quot;styling_enabled&quot;:&quot;0&quot;,&quot;styling_json&quot;:&quot;&quot;,&quot;active&quot;:&quot;0&quot;,&quot;kml&quot;:&quot;&quot;,&quot;bicycle&quot;:&quot;0&quot;,&quot;traffic&quot;:&quot;0&quot;,&quot;dbox&quot;:&quot;1&quot;,&quot;dbox_width&quot;:&quot;&quot;,&quot;listmarkers&quot;:&quot;0&quot;,&quot;listmarkers_advanced&quot;:&quot;0&quot;,&quot;filterbycat&quot;:&quot;0&quot;,&quot;ugm_enabled&quot;:&quot;0&quot;,&quot;ugm_category_enabled&quot;:&quot;0&quot;,&quot;fusion&quot;:&quot;&quot;,&quot;map_width_type&quot;:&quot;%&quot;,&quot;map_height_type&quot;:&quot;vh&quot;,&quot;mass_marker_support&quot;:&quot;0&quot;,&quot;ugm_access&quot;:&quot;0&quot;,&quot;order_markers_by&quot;:&quot;7&quot;,&quot;order_markers_choice&quot;:&quot;1&quot;,&quot;show_user_location&quot;:&quot;0&quot;,&quot;default_to&quot;:&quot;&quot;,&quot;map_type&quot;:1,&quot;sl_stroke_color&quot;:&quot;#000000&quot;,&quot;sl_fill_color&quot;:&quot;#000000&quot;,&quot;sl_stroke_opacity&quot;:&quot;0&quot;,&quot;sl_fill_opacity&quot;:&quot;0&quot;,&quot;transport_layer&quot;:false,&quot;action&quot;:&quot;wpgmza_save_map&quot;,&quot;redirect_to&quot;:&quot;\\\/wp-admin\\\/admin-post.php&quot;,&quot;map_id&quot;:&quot;1&quot;,&quot;wpgmza_savemap&quot;:&quot;Spara Karta&quot;,&quot;http_referer&quot;:&quot;\\\/wp-admin\\\/admin.php?page=wp-google-maps-menu&amp;amp;action=edit&amp;amp;map_id=1&quot;,&quot;wpgmza_id&quot;:&quot;1&quot;,&quot;wpgmza_start_location&quot;:&quot;58.945017399999976,11.18416789999999&quot;,&quot;wpgmza_start_zoom&quot;:&quot;5&quot;,&quot;wpgmza_map_align&quot;:&quot;1&quot;,&quot;store_locator_enabled&quot;:true,&quot;store_locator_distance&quot;:false,&quot;store_locator_search_area&quot;:&quot;radial&quot;,&quot;wpgmza_store_locator_default_radius&quot;:&quot;100&quot;,&quot;store_locator_auto_area_max_zoom&quot;:&quot;&quot;,&quot;wpgmza_store_locator_radius_style&quot;:&quot;legacy&quot;,&quot;store_locator_component_anchor&quot;:&quot;9&quot;,&quot;wpgmza_store_locator_bounce&quot;:false,&quot;wpgmza_sl_animation&quot;:&quot;0&quot;,&quot;store_locator_query_string&quot;:&quot;Skriv in ditt postnummer eller ort f\\u00f6r att hitta din n\\u00e4rmaste Viskan Spa \\u00e5terf\\u00f6rs\\u00e4ljare&quot;,&quot;store_locator_default_address&quot;:&quot;&quot;,&quot;store_locator_name_search&quot;:false,&quot;store_locator_name_string&quot;:&quot;&quot;,&quot;store_locator_not_found_message&quot;:&quot;&quot;,&quot;store_locator_show_distance&quot;:true,&quot;store_locator_category&quot;:false,&quot;wpgmza_store_locator_use_their_location&quot;:true,&quot;wpgmza_store_locator_hide_before_search&quot;:false,&quot;store_locator_nearby_searches&quot;:false,&quot;wpgmza_theme_data&quot;:&quot;&quot;,&quot;custom_tile_enabled&quot;:false,&quot;custom_tile_image&quot;:&quot;&quot;,&quot;custom_tile_image_width&quot;:&quot;&quot;,&quot;custom_tile_image_height&quot;:&quot;&quot;,&quot;custom_tile_image_attribution&quot;:&quot;&quot;,&quot;iw_primary_color&quot;:&quot;#000000&quot;,&quot;iw_accent_color&quot;:&quot;#000000&quot;,&quot;iw_text_color&quot;:&quot;#000000&quot;,&quot;close_infowindow_on_map_click&quot;:true,&quot;marker_share_links&quot;:true,&quot;wpgmza_listmarkers_by&quot;:&quot;8&quot;,&quot;marker_listing_component_anchor&quot;:&quot;3&quot;,&quot;marker_listing_component_auto_open&quot;:true,&quot;dataTable_pagination_style&quot;:&quot;default&quot;,&quot;category_filter_component_anchor&quot;:&quot;0&quot;,&quot;zoom_level_on_marker_listing_override&quot;:false,&quot;zoom_level_on_marker_listing_click&quot;:&quot;&quot;,&quot;datatable_no_result_message&quot;:&quot;&quot;,&quot;remove_search_box_datables&quot;:false,&quot;datatable_search_string&quot;:&quot;&quot;,&quot;datatable_result_start&quot;:&quot;&quot;,&quot;datatable_result_of&quot;:&quot;&quot;,&quot;datatable_result_to&quot;:&quot;&quot;,&quot;datatable_result_total&quot;:&quot;&quot;,&quot;datatable_result_show&quot;:&quot;&quot;,&quot;datatable_result_entries&quot;:&quot;&quot;,&quot;category_legends_enabled&quot;:false,&quot;category_legends_component_anchor&quot;:&quot;8&quot;,&quot;jump_to_nearest_marker_on_initialization&quot;:false,&quot;click_open_link&quot;:false,&quot;wpgmza_zoom_on_marker_click&quot;:false,&quot;wpgmza_zoom_on_marker_click_slider&quot;:&quot;5&quot;,&quot;polygon_labels&quot;:false,&quot;disable_polygon_info_windows&quot;:false,&quot;fit_maps_bounds_to_markers&quot;:false,&quot;fit_maps_bounds_to_markers_after_filtering&quot;:false,&quot;automatically_pan_to_users_location&quot;:false,&quot;override_users_location_zoom_level&quot;:false,&quot;override_users_location_zoom_levels&quot;:&quot;5&quot;,&quot;show_distance_from_location&quot;:false,&quot;map_starts_in_streetview&quot;:false,&quot;map_starts_in_streetview_location&quot;:&quot;&quot;,&quot;map_starts_in_streetview_heading&quot;:&quot;&quot;,&quot;map_starts_in_streetview_pitch&quot;:&quot;&quot;,&quot;map_max_zoom&quot;:&quot;21&quot;,&quot;map_min_zoom&quot;:&quot;&quot;,&quot;hide_point_of_interest&quot;:false,&quot;disable_lightbox_images&quot;:false,&quot;use_Raw_Jpeg_Coordinates&quot;:false,&quot;enable_marker_ratings&quot;:false,&quot;only_load_markers_within_viewport&quot;:false,&quot;upload_default_sl_marker&quot;:&quot;&quot;,&quot;upload_default_sl_marker_retina&quot;:false,&quot;wpgmza_store_locator_restrict&quot;:&quot;se&quot;,&quot;directions_box_component_anchor&quot;:&quot;1&quot;,&quot;wpgmza_dbox_width_type&quot;:&quot;%&quot;,&quot;default_from&quot;:&quot;&quot;,&quot;directions_behaviour&quot;:&quot;default&quot;,&quot;force_google_directions_app&quot;:false,&quot;directions_route_origin_icon&quot;:&quot;https:\\\/\\\/viskanspase.local\\\/wp-content\\\/plugins\\\/wp-google-maps\\\/images\\\/spotlight-poi2.png&quot;,&quot;directions_origin_retina&quot;:false,&quot;directions_route_destination_icon&quot;:&quot;https:\\\/\\\/viskanspase.local\\\/wp-content\\\/plugins\\\/wp-google-maps\\\/images\\\/spotlight-poi2.png&quot;,&quot;directions_destination_retina&quot;:false,&quot;directions_route_stroke_color&quot;:&quot;#4d8df5&quot;,&quot;directions_route_stroke_weight&quot;:&quot;4&quot;,&quot;directions_route_stroke_opacity&quot;:&quot;0.8&quot;,&quot;directions_fit_bounds_to_route&quot;:false,&quot;wpgmza_iw_type&quot;:&quot;4&quot;,&quot;upload_default_ul_marker&quot;:&quot;&quot;,&quot;upload_default_ul_marker_retina&quot;:false,&quot;retina&quot;:false,&quot;enable_advanced_custom_fields_integration&quot;:false,&quot;enable_toolset_woocommerce_integration&quot;:false,&quot;enable_woo_product_integration&quot;:false,&quot;store_locator_location_placeholder&quot;:&quot;Ange postnummer eller ort h\\u00e4r&quot;,&quot;marker_listing_disable_zoom&quot;:false,&quot;zoom_level_mobile_override_enabled&quot;:false,&quot;zoom_level_mobile_override&quot;:&quot;&quot;,&quot;enable_advanced_custom_fields_integration_type&quot;:&quot;&quot;,&quot;enable_marker_labels&quot;:false,&quot;id&quot;:1}\" >\n<div class='wpgmza-inner-stack right'><div class='grouping'><div class='grouping-item' data-component='listing' ><div data-wpgmza-table data-wpgmza-php-class=\"WPGMZA\\MarkerListing\\Panel\" data-wpgmza-rest-api-route=\"\/marker-listing\/\" data-wpgmza-marker-listing=\"true\" class=\"wpgmza_marker_list_class\" style=\"width:100%;\" data-wpgmza-ajax-parameters='{\"map_id\":1}' id=\"wpgmza_marker_list_1\"><\/div><\/div><div class='grouping-item' data-component='infowindow' data-requires-feature='true'><div class=\"wpgmza-panel-info-window wpgmza-panel-view\" data-map=\"1\">\r\n\t<div class=\"wpgmza-panel-actions\">\r\n\t\t<svg class=\"wpgmza-close\" width=\"60\" height=\"60\" viewbox=\"0 0 60 60\" fill=\"none\" xmlns=\"http:\/\/www.w3.org\/2000\/svg\">\r\n\t\t\t<path d=\"M1.17157 27.1716C-0.390528 28.7337 -0.390528 31.2663 1.17157 32.8284L26.6274 58.2843C28.1895 59.8464 30.7222 59.8464 32.2843 58.2843C33.8464 56.7222 33.8464 54.1895 32.2843 52.6274L9.65685 30L32.2843 7.37258C33.8464 5.81049 33.8464 3.27783 32.2843 1.71573C30.7222 0.153632 28.1895 0.153632 26.6274 1.71573L1.17157 27.1716ZM64 26L4 26V34L64 34V26Z\"><\/path>\r\n\t\t\t<title>Close<\/title>\r\n\t\t<\/svg>\r\n\r\n\t\t<div class=\"wpgmza-panel-actions-right\">\r\n\r\n\t\t\t<svg width=\"60\" height=\"60\" viewbox=\"0 0 60 60\" fill=\"none\" xmlns=\"http:\/\/www.w3.org\/2000\/svg\" class=\"wpgmza-nearby wpgmza-hidden\">\r\n\t\t\t\t<g clip-path=\"url(#maskLeft)\">\r\n\t\t\t\t\t<circle cx=\"30\" cy=\"30\" r=\"27.5\" stroke-width=\"5\" class=\"circle-left\"><\/circle>\r\n\t\t\t\t<\/g>\r\n\t\t\t\t<g clip-path=\"url(#maskRight)\">\r\n\t\t\t\t\t<circle cx=\"30\" cy=\"30\" r=\"27.5\" stroke-width=\"5\" stroke-dasharray=\"8 6\" class=\"circle-right\"><\/circle>\r\n\t\t\t\t<\/g>\r\n\t\t\t\t<path d=\"M30 44.2353L21.3397 31L38.6603 31L30 44.2353Z\" class=\"mark-point\"><\/path>\r\n\t\t\t\t\r\n\t\t\t\t<circle cx=\"30\" cy=\"26\" r=\"7.5\" stroke-width=\"5\" class=\"mark-dot\"><\/circle>\r\n\t\t\t\t\r\n\t\t\t\t<defs>\r\n\t\t\t\t\t<clippath id=\"maskLeft\">\r\n\t\t\t\t\t\t<rect width=\"30\" height=\"60\"><\/rect>\r\n\t\t\t\t\t<\/clippath>\r\n\t\t\t\t\t<clippath id=\"maskRight\">\r\n\t\t\t\t\t\t<rect width=\"30\" height=\"60\" transform=\"translate(30)\"><\/rect>\r\n\t\t\t\t\t<\/clippath>\r\n\t\t\t\t<\/defs>\r\n\r\n\t\t\t\t<title>Find Nearby<\/title>\r\n\t\t\t<\/svg>\r\n\r\n\t\t\t<svg width=\"60\" height=\"60\" viewbox=\"0 0 60 60\" fill=\"none\" xmlns=\"http:\/\/www.w3.org\/2000\/svg\" class=\"wpgmza-share wpgmza-hidden\">\r\n\t\t\t\t<circle cx=\"51.5\" cy=\"51.5\" r=\"5.5\" stroke-width=\"6\" class=\"circle\"><\/circle>\r\n\t\t\t\t<circle cx=\"51.5\" cy=\"8.5\" r=\"5.5\" stroke-width=\"6\" class=\"circle\"><\/circle>\r\n\t\t\t\t<circle cx=\"8.5\" cy=\"30.5\" r=\"5.5\" stroke-width=\"6\" class=\"circle\"><\/circle>\r\n\t\t\t\t<line x1=\"16.3523\" y1=\"26.1565\" x2=\"43.8309\" y2=\"11.5458\" stroke-width=\"6\" stroke-linecap=\"square\" class=\"line\"><\/line>\r\n\t\t\t\t<line x1=\"17.0603\" y1=\"33.7538\" x2=\"43.7565\" y2=\"47.9485\" stroke-width=\"6\" stroke-linecap=\"square\" class=\"line\"><\/line>\r\n\r\n\t\t\t\t<title>Share Location<\/title>\r\n\t\t\t<\/svg>\r\n\r\n\r\n\r\n\r\n\t\t\t<svg class=\"wpgmza-directions wpgmza-directions-button wpgmza-hidden\" width=\"60\" height=\"60\" viewbox=\"0 0 60 60\" fill=\"none\" xmlns=\"http:\/\/www.w3.org\/2000\/svg\">\r\n\t\t\t\t<rect y=\"30\" width=\"42.4264\" height=\"42.4264\" rx=\"5\" transform=\"rotate(-45 0 30)\"><\/rect>\r\n\t\t\t\t<path d=\"M21 40V28H41\" stroke-width=\"5\" stroke-linejoin=\"round\" class=\"line\"><\/path>\r\n\t\t\t\t<path d=\"M47.2159 26.7687C47.6398 27.1641 47.6398 27.8359 47.2159 28.2313L39.9321 35.0245C39.2927 35.6208 38.25 35.1674 38.25 34.2932L38.25 20.7068C38.25 19.8326 39.2927 19.3792 39.932 19.9755L47.2159 26.7687Z\" class=\"arrow\"><\/path>\r\n\r\n\t\t\t\t<title>Get Directions<\/title>\r\n\t\t\t<\/svg>\r\n\t\t<\/div>\r\n\r\n\t<\/div>\r\n\t\r\n\t<div class=\"wpgmza-gallery-container\">\r\n\t\t<img class=\"wpgmza-marker-listing-pic\" data-name=\"pic\">\r\n\t<\/div>\r\n\t\t\t\r\n\t<div data-name=\"title\" class=\"wpgmza-title\"><\/div>\r\n\t<div data-name=\"categories\" class=\"wpgmza-categories\"><\/div>\r\n\t<div class=\"wpgmza-address\">\r\n\t\t<svg width=\"43\" height=\"60\" viewbox=\"0 0 43 60\" fill=\"none\" xmlns=\"http:\/\/www.w3.org\/2000\/svg\" class=\"wpgmza-mark\">\r\n\t\t\t<path d=\"M21.25 60L2.84696 31.875L39.653 31.875L21.25 60Z\"><\/path>\r\n\t\t\t<circle cx=\"21.25\" cy=\"21.25\" r=\"15.25\" stroke-width=\"12\"><\/circle>\r\n\t\t<\/svg>\r\n\t\t<span data-name=\"address\"><\/span>\r\n\t<\/div>\r\n\t<div data-name=\"description\" class=\"wpgmza-description\"><\/div>\r\n\t<div data-name=\"user-distance\" class=\"wpgmza-distance-from-location\"><\/div>\r\n\r\n\t<div data-name=\"link\" class=\"wpgmza-infowindow-link\"><a><\/a><\/div>\r\n\r\n\t<div data-name=\"custom_fields_html\" class=\"wpgmza-custom-fields\"><\/div>\r\n\r\n\t<div class=\"wpgmza-rating-container\"><\/div>\r\n<\/div><\/div><\/div><div class='grouping-handle'><div class='icon'><\/div><\/div><\/div><\/div><\/div>\n\t\t\t\t\t\t<\/div>\n\t\t\t\t<\/div>\n\t\t\t\t<div class=\"elementor-element elementor-element-39d34b1 elementor-widget__width-initial elementor-widget elementor-widget-text-editor\" data-id=\"39d34b1\" data-element_type=\"widget\" data-e-type=\"widget\" data-widget_type=\"text-editor.default\">\n\t\t\t\t<div class=\"elementor-widget-container\">\n\t\t\t\t\t\t\t\t\t<p>Below you will find all our resellers, in order based on city\/area.<\/p>\t\t\t\t\t\t\t\t<\/div>\n\t\t\t\t<\/div>\n\t\t\t\t<div class=\"elementor-element elementor-element-dbb03b5 elementor-widget-mobile__width-inherit elementor-widget elementor-widget-shortcode\" data-id=\"dbb03b5\" data-element_type=\"widget\" data-e-type=\"widget\" id=\"table-aterforsaljare\" data-widget_type=\"shortcode.default\">\n\t\t\t\t<div class=\"elementor-widget-container\">\n\t\t\t\t\t<style>.elementor-element-dbb03b5{display:none !important}<\/style>\t\t\t\t<\/div>\n\t\t\t\t<\/div>\n\t\t\t\t<div class=\"elementor-element elementor-element-d2255c2 elementor-widget-mobile__width-inherit elementor-widget elementor-widget-shortcode\" data-id=\"d2255c2\" data-element_type=\"widget\" data-e-type=\"widget\" data-widget_type=\"shortcode.default\">\n\t\t\t\t<div class=\"elementor-widget-container\">\n\t\t\t\t\t\t\t<div class=\"elementor-shortcode\"><div id=\"footable_parent_9592\"\n         class=\"footable_parent ninja_table_wrapper loading_ninja_table wp_table_data_press_parent semantic_ui\">\n                <table data-ninja_table_instance=\"ninja_table_instance_1\" data-footable_id=\"9592\" data-filter-delay=\"1000\" aria-label=\"Reseller table\"            id=\"footable_9592\"\n           data-unique_identifier=\"ninja_table_unique_id_794158848_9592\"\n           class=\"foo-table ninja_footable foo_table_9592 ninja_table_unique_id_794158848_9592 ui table  nt_type_ajax_table fixed selectable striped vertical_centered  footable-paging-right\">\n                <colgroup>\n                            <col class=\"ninja_column_0\">\n                            <col class=\"ninja_column_1\">\n                            <col class=\"ninja_column_2\">\n                            <col class=\"ninja_column_3\">\n                            <col class=\"ninja_column_4\">\n                            <col class=\"ninja_column_5\">\n                            <col class=\"ninja_column_6\">\n                    <\/colgroup>\n            <\/table>\n    \n    \n    \n<\/div>\n<\/div>\n\t\t\t\t\t\t<\/div>\n\t\t\t\t<\/div>\n\t\t\t\t\t<\/div>\n\t\t<\/div>\n\t\t\t\t\t<\/div>\n\t\t<\/section>\n\t\t\t\t<\/div>","protected":false},"excerpt":{"rendered":"<p>\u00c5terf\u00f6rs\u00e4ljare Vill ni bli \u00e5terf\u00f6rs\u00e4ljare? Nedan hittar du \u00e5terf\u00f6rs\u00e4ljare av Viskan spabad: Genom att anv\u00e4nda kartan kan ni p\u00e5 ett smidigt s\u00e4tt hitta den n\u00e4rmsta \u00e5terf\u00f6rs\u00e4ljaren av v\u00e5ra produkter. P\u00e5 v\u00e5r webshop h\u00e4r p\u00e5 Viskan Spa kan du handla reservdelar till ert spabad.\u00a0 \u00c5terf\u00f6rs\u00e4ljare Nedan finner du alla v\u00e5ra \u00e5terf\u00f6rs\u00e4ljare i ordning efter ort\/stad<\/p>","protected":false},"author":1,"featured_media":0,"parent":0,"menu_order":0,"comment_status":"closed","ping_status":"closed","template":"","meta":{"_acf_changed":false,"footnotes":""},"class_list":["post-468","page","type-page","status-publish","hentry"],"acf":[],"_links":{"self":[{"href":"https:\/\/www.viskanspa.se\/en\/wp-json\/wp\/v2\/pages\/468","targetHints":{"allow":["GET"]}}],"collection":[{"href":"https:\/\/www.viskanspa.se\/en\/wp-json\/wp\/v2\/pages"}],"about":[{"href":"https:\/\/www.viskanspa.se\/en\/wp-json\/wp\/v2\/types\/page"}],"author":[{"embeddable":true,"href":"https:\/\/www.viskanspa.se\/en\/wp-json\/wp\/v2\/users\/1"}],"replies":[{"embeddable":true,"href":"https:\/\/www.viskanspa.se\/en\/wp-json\/wp\/v2\/comments?post=468"}],"version-history":[{"count":74,"href":"https:\/\/www.viskanspa.se\/en\/wp-json\/wp\/v2\/pages\/468\/revisions"}],"predecessor-version":[{"id":18460,"href":"https:\/\/www.viskanspa.se\/en\/wp-json\/wp\/v2\/pages\/468\/revisions\/18460"}],"wp:attachment":[{"href":"https:\/\/www.viskanspa.se\/en\/wp-json\/wp\/v2\/media?parent=468"}],"curies":[{"name":"wp","href":"https:\/\/api.w.org\/{rel}","templated":true}]}}