{"id":390,"date":"2022-04-04T07:46:32","date_gmt":"2022-04-04T07:46:32","guid":{"rendered":"http:\/\/viskanspa-se.flywheelstaging.com\/cart\/"},"modified":"2022-07-11T13:08:35","modified_gmt":"2022-07-11T13:08:35","slug":"cart","status":"publish","type":"page","link":"https:\/\/www.viskanspa.se\/en\/cart\/","title":{"rendered":"Varukorg\u200b"},"content":{"rendered":"<div data-elementor-type=\"wp-page\" data-elementor-id=\"390\" class=\"elementor elementor-390\" data-elementor-post-type=\"page\">\n\t\t\t\t\t\t<section class=\"elementor-section elementor-top-section elementor-element elementor-element-3a8de140 elementor-section-boxed elementor-section-height-default elementor-section-height-default\" data-id=\"3a8de140\" data-element_type=\"section\" data-e-type=\"section\">\n\t\t\t\t\t\t<div class=\"elementor-container elementor-column-gap-default\">\n\t\t\t\t\t<div class=\"elementor-column elementor-col-100 elementor-top-column elementor-element elementor-element-4adbabd8\" data-id=\"4adbabd8\" data-element_type=\"column\" data-e-type=\"column\">\n\t\t\t<div class=\"elementor-widget-wrap elementor-element-populated\">\n\t\t\t\t\t\t<div class=\"elementor-element elementor-element-115c93a elementor-widget elementor-widget-heading\" data-id=\"115c93a\" data-element_type=\"widget\" data-e-type=\"widget\" data-widget_type=\"heading.default\">\n\t\t\t\t<div class=\"elementor-widget-container\">\n\t\t\t\t\t<h1 class=\"elementor-heading-title elementor-size-default\">Varukorg<\/h1>\t\t\t\t<\/div>\n\t\t\t\t<\/div>\n\t\t\t\t\t<\/div>\n\t\t<\/div>\n\t\t\t\t\t<\/div>\n\t\t<\/section>\n\t\t\t\t<\/div>","protected":false},"excerpt":{"rendered":"<p>Varukorg &nbsp; &nbsp; Produkt Pris Antal Delsumma &times; Viskan Signum 1.00&#107;&#114; Viskan Signum m\u00e4ngd 1.00&#107;&#114; Varukorg totalt Delsumma 1.00&#107;&#114; Frakt Free shipping Frakt till Mariedalsgatan 5, 50338 Bor\u00e5s. \u00c4ndra adress V\u00e4lj land\/region\u2026Afghanistan\u00c5landAlbanienAlgerietAmerikanska Jungfru\u00f6arnaAmerikanska SamoaAndorraAngolaAnguillaAntarktisAntigua och BarbudaArgentinaArmenienArubaAustralienAzerbajdzjanBahamasBahrainBangladeshBarbadosBelarusBelauBelgienBelizeBeninBermudaBhutanBoliviaBonaire, Saint Eustatius och SabaBosnien HercegovinaBotswanaBouvet\u00f6nBrasilienBrittiska Jungfru\u00f6arnaBrittiska territoriet i Indiska oceanenBruneiBulgarienBurkina FasoBurundiCap VerdeCayman\u00f6arnaCentralafrikanska republikenChileColombiaCook\u00f6arnaCosta RicaCura&ccedil;aoCypernDanmarkDjiboutiDominicaDominikanska RepublikenEcuadorEgyptenEkvatorialguineaEl SalvadorElfenbenskustenEritreaEstlandEswatiniEtiopienFalklands\u00f6arnaFaroe\u00f6arnaFijiFilippinernaFinlandF\u00f6renade ArabemiratenFrankrikeFranska GuianaFranska polynesienFranska [&hellip;]<\/p>\n","protected":false},"author":1,"featured_media":0,"parent":0,"menu_order":0,"comment_status":"closed","ping_status":"closed","template":"","meta":{"_acf_changed":false,"footnotes":""},"class_list":["post-390","page","type-page","status-publish","hentry"],"acf":[],"_links":{"self":[{"href":"https:\/\/www.viskanspa.se\/en\/wp-json\/wp\/v2\/pages\/390","targetHints":{"allow":["GET"]}}],"collection":[{"href":"https:\/\/www.viskanspa.se\/en\/wp-json\/wp\/v2\/pages"}],"about":[{"href":"https:\/\/www.viskanspa.se\/en\/wp-json\/wp\/v2\/types\/page"}],"author":[{"embeddable":true,"href":"https:\/\/www.viskanspa.se\/en\/wp-json\/wp\/v2\/users\/1"}],"replies":[{"embeddable":true,"href":"https:\/\/www.viskanspa.se\/en\/wp-json\/wp\/v2\/comments?post=390"}],"version-history":[{"count":0,"href":"https:\/\/www.viskanspa.se\/en\/wp-json\/wp\/v2\/pages\/390\/revisions"}],"wp:attachment":[{"href":"https:\/\/www.viskanspa.se\/en\/wp-json\/wp\/v2\/media?parent=390"}],"curies":[{"name":"wp","href":"https:\/\/api.w.org\/{rel}","templated":true}]}}