{"id":13005,"date":"2024-05-08T09:23:11","date_gmt":"2024-05-08T09:23:11","guid":{"rendered":"https:\/\/www.viskanspa.se\/?page_id=13005"},"modified":"2024-05-13T09:39:14","modified_gmt":"2024-05-13T09:39:14","slug":"stockholm","status":"publish","type":"page","link":"https:\/\/www.viskanspa.se\/en\/spabad\/stockholm\/","title":{"rendered":"Belgum"},"content":{"rendered":"<div data-elementor-type=\"wp-page\" data-elementor-id=\"13005\" class=\"elementor elementor-13005\" data-elementor-post-type=\"page\">\n\t\t\t\t\t\t<section class=\"elementor-section elementor-top-section elementor-element elementor-element-3e1e642 elementor-section-full_width elementor-section-content-middle elementor-section-height-min-height elementor-section-height-default elementor-section-items-middle\" data-id=\"3e1e642\" data-element_type=\"section\" data-e-type=\"section\" data-settings=\"{&quot;background_background&quot;:&quot;classic&quot;}\">\n\t\t\t\t\t\t\t<div class=\"elementor-background-overlay\"><\/div>\n\t\t\t\t\t\t\t<div class=\"elementor-container elementor-column-gap-default\">\n\t\t\t\t\t<div class=\"elementor-column elementor-col-100 elementor-top-column elementor-element elementor-element-e39001f\" data-id=\"e39001f\" data-element_type=\"column\" data-e-type=\"column\" data-settings=\"{&quot;background_background&quot;:&quot;classic&quot;}\">\n\t\t\t<div class=\"elementor-widget-wrap elementor-element-populated\">\n\t\t\t\t\t\t<div class=\"elementor-element elementor-element-af5ae0e elementor-widget elementor-widget-heading\" data-id=\"af5ae0e\" data-element_type=\"widget\" data-e-type=\"widget\" data-widget_type=\"heading.default\">\n\t\t\t\t<div class=\"elementor-widget-container\">\n\t\t\t\t\t<h1 class=\"elementor-heading-title elementor-size-default\">Spabad Stockholm<\/h1>\t\t\t\t<\/div>\n\t\t\t\t<\/div>\n\t\t\t\t\t<\/div>\n\t\t<\/div>\n\t\t\t\t\t<\/div>\n\t\t<\/section>\n\t\t\t\t<section class=\"elementor-section elementor-top-section elementor-element elementor-element-c3db270 elementor-section-content-middle elementor-section-boxed elementor-section-height-default elementor-section-height-default\" data-id=\"c3db270\" data-element_type=\"section\" data-e-type=\"section\">\n\t\t\t\t\t\t<div class=\"elementor-container elementor-column-gap-default\">\n\t\t\t\t\t<div class=\"elementor-column elementor-col-50 elementor-top-column elementor-element elementor-element-d39497e\" data-id=\"d39497e\" data-element_type=\"column\" data-e-type=\"column\">\n\t\t\t<div class=\"elementor-widget-wrap elementor-element-populated\">\n\t\t\t\t\t\t<div class=\"elementor-element elementor-element-c6abe1c elementor-widget elementor-widget-heading\" data-id=\"c6abe1c\" data-element_type=\"widget\" data-e-type=\"widget\" data-widget_type=\"heading.default\">\n\t\t\t\t<div class=\"elementor-widget-container\">\n\t\t\t\t\t<h2 class=\"elementor-heading-title elementor-size-default\">Viskan Spa: Din Destination f\u00f6r Spabad i Stockholm<\/h2>\t\t\t\t<\/div>\n\t\t\t\t<\/div>\n\t\t\t\t<div class=\"elementor-element elementor-element-1babc0a elementor-widget elementor-widget-text-editor\" data-id=\"1babc0a\" data-element_type=\"widget\" data-e-type=\"widget\" data-widget_type=\"text-editor.default\">\n\t\t\t\t<div class=\"elementor-widget-container\">\n\t\t\t\t\t\t\t\t\t<p>Stockholm, Sveriges pulserande huvudstad, \u00e4r k\u00e4nd f\u00f6r sin sk\u00f6nhet och h\u00f6ga livskvalitet. F\u00f6r de som s\u00f6ker efter det d\u00e4r lilla extra f\u00f6r att f\u00f6rh\u00f6ja sitt hem och sitt v\u00e4lbefinnande, erbjuder Viskan Spa en exklusiv upplevelse med v\u00e5ra lyxiga spabad. Viskan Spa, som \u00e4r en ledande leverant\u00f6r av spabad i Stockholm, f\u00f6rst\u00e5r vikten av kvalitet, h\u00e5llbarhet och design. V\u00e5rt sortiment av spabad \u00e4r utformat f\u00f6r att m\u00f6ta v\u00e5ra kunders h\u00f6ga f\u00f6rv\u00e4ntningar och passa perfekt in i den skandinaviska livsstilen.<\/p>\t\t\t\t\t\t\t\t<\/div>\n\t\t\t\t<\/div>\n\t\t\t\t\t<\/div>\n\t\t<\/div>\n\t\t\t\t<div class=\"elementor-column elementor-col-50 elementor-top-column elementor-element elementor-element-4b5b809\" data-id=\"4b5b809\" data-element_type=\"column\" data-e-type=\"column\">\n\t\t\t<div class=\"elementor-widget-wrap elementor-element-populated\">\n\t\t\t\t\t\t<div class=\"elementor-element elementor-element-c8a23be elementor-widget elementor-widget-image\" data-id=\"c8a23be\" data-element_type=\"widget\" data-e-type=\"widget\" data-widget_type=\"image.default\">\n\t\t\t\t<div class=\"elementor-widget-container\">\n\t\t\t\t\t\t\t\t\t\t\t\t\t\t\t<img fetchpriority=\"high\" decoding=\"async\" width=\"640\" height=\"425\" src=\"https:\/\/www.viskanspa.se\/wp-content\/uploads\/2024\/05\/pexels-janzidlicky-3030468.jpg\" class=\"attachment-large size-large wp-image-13011\" alt=\"\" srcset=\"https:\/\/www.viskanspa.se\/wp-content\/uploads\/2024\/05\/pexels-janzidlicky-3030468.jpg 640w, https:\/\/www.viskanspa.se\/wp-content\/uploads\/2024\/05\/pexels-janzidlicky-3030468-297x197.jpg 297w, https:\/\/www.viskanspa.se\/wp-content\/uploads\/2024\/05\/pexels-janzidlicky-3030468-505x335.jpg 505w, https:\/\/www.viskanspa.se\/wp-content\/uploads\/2024\/05\/pexels-janzidlicky-3030468-64x43.jpg 64w, https:\/\/www.viskanspa.se\/wp-content\/uploads\/2024\/05\/pexels-janzidlicky-3030468-300x199.jpg 300w, https:\/\/www.viskanspa.se\/wp-content\/uploads\/2024\/05\/pexels-janzidlicky-3030468-18x12.jpg 18w\" sizes=\"(max-width: 640px) 100vw, 640px\" \/>\t\t\t\t\t\t\t\t\t\t\t\t\t\t\t<\/div>\n\t\t\t\t<\/div>\n\t\t\t\t\t<\/div>\n\t\t<\/div>\n\t\t\t\t\t<\/div>\n\t\t<\/section>\n\t\t\t\t<section class=\"elementor-section elementor-top-section elementor-element elementor-element-9616a8a elementor-section-content-middle elementor-reverse-tablet elementor-reverse-mobile elementor-section-boxed elementor-section-height-default elementor-section-height-default\" data-id=\"9616a8a\" data-element_type=\"section\" data-e-type=\"section\">\n\t\t\t\t\t\t<div class=\"elementor-container elementor-column-gap-default\">\n\t\t\t\t\t<div class=\"elementor-column elementor-col-50 elementor-top-column elementor-element elementor-element-bba8ea9\" data-id=\"bba8ea9\" data-element_type=\"column\" data-e-type=\"column\">\n\t\t\t<div class=\"elementor-widget-wrap elementor-element-populated\">\n\t\t\t\t\t\t<div class=\"elementor-element elementor-element-04415dd elementor-widget elementor-widget-image\" data-id=\"04415dd\" data-element_type=\"widget\" data-e-type=\"widget\" data-widget_type=\"image.default\">\n\t\t\t\t<div class=\"elementor-widget-container\">\n\t\t\t\t\t\t\t\t\t\t\t\t\t\t\t<img decoding=\"async\" width=\"800\" height=\"560\" src=\"https:\/\/www.viskanspa.se\/wp-content\/uploads\/2022\/10\/Screenshot-2022-10-03-at-11.42.42-e1664790220177.jpg\" class=\"attachment-large size-large wp-image-7664\" alt=\"\" srcset=\"https:\/\/www.viskanspa.se\/wp-content\/uploads\/2022\/10\/Screenshot-2022-10-03-at-11.42.42-e1664790220177.jpg 800w, https:\/\/www.viskanspa.se\/wp-content\/uploads\/2022\/10\/Screenshot-2022-10-03-at-11.42.42-e1664790220177-297x208.jpg 297w, https:\/\/www.viskanspa.se\/wp-content\/uploads\/2022\/10\/Screenshot-2022-10-03-at-11.42.42-e1664790220177-505x354.jpg 505w, https:\/\/www.viskanspa.se\/wp-content\/uploads\/2022\/10\/Screenshot-2022-10-03-at-11.42.42-e1664790220177-64x45.jpg 64w, https:\/\/www.viskanspa.se\/wp-content\/uploads\/2022\/10\/Screenshot-2022-10-03-at-11.42.42-e1664790220177-300x210.jpg 300w, https:\/\/www.viskanspa.se\/wp-content\/uploads\/2022\/10\/Screenshot-2022-10-03-at-11.42.42-e1664790220177-768x538.jpg 768w\" sizes=\"(max-width: 800px) 100vw, 800px\" \/>\t\t\t\t\t\t\t\t\t\t\t\t\t\t\t<\/div>\n\t\t\t\t<\/div>\n\t\t\t\t\t<\/div>\n\t\t<\/div>\n\t\t\t\t<div class=\"elementor-column elementor-col-50 elementor-top-column elementor-element elementor-element-bf30aad\" data-id=\"bf30aad\" data-element_type=\"column\" data-e-type=\"column\">\n\t\t\t<div class=\"elementor-widget-wrap elementor-element-populated\">\n\t\t\t\t\t\t<div class=\"elementor-element elementor-element-a0d8071 elementor-widget elementor-widget-heading\" data-id=\"a0d8071\" data-element_type=\"widget\" data-e-type=\"widget\" data-widget_type=\"heading.default\">\n\t\t\t\t<div class=\"elementor-widget-container\">\n\t\t\t\t\t<h2 class=\"elementor-heading-title elementor-size-default\">Varf\u00f6r ska man v\u00e4lja Viskan Spa?<\/h2>\t\t\t\t<\/div>\n\t\t\t\t<\/div>\n\t\t\t\t<div class=\"elementor-element elementor-element-5563b89 elementor-widget elementor-widget-text-editor\" data-id=\"5563b89\" data-element_type=\"widget\" data-e-type=\"widget\" data-widget_type=\"text-editor.default\">\n\t\t\t\t<div class=\"elementor-widget-container\">\n\t\t\t\t\t\t\t\t\t<h5>Skr\u00e4ddarsydda L\u00f6sningar<\/h5>\n<p>Varje kund \u00e4r unik, och d\u00e4rf\u00f6r erbjuder vi skr\u00e4ddarsydda l\u00f6sningar som anpassas efter individuella behov och \u00f6nskem\u00e5l. Oavsett om du har en stor terrass eller en mindre balkong, kan Viskan Spa erbjuda dig ett spabad som passar perfekt in i din utemilj\u00f6.<\/p>\n<h5>Svensk Kvalitet och Design<\/h5>\n<p>Som ett svenskt f\u00f6retag l\u00e4gger vi stor vikt vid kvalitet och design. V\u00e5ra spabad \u00e4r inte bara estetiskt tilltalande utan ocks\u00e5 byggda f\u00f6r att t\u00e5la det svenska klimatet, vilket inneb\u00e4r att de kan anv\u00e4ndas \u00e5ret runt, oavsett v\u00e4der.<\/p>\n<h5>H\u00e5llbarhet och Milj\u00f6<\/h5>\n<p>Vi \u00e4r dedikerade till h\u00e5llbarhet. V\u00e5ra spabad \u00e4r energieffektiva och konstruerade med milj\u00f6v\u00e4nliga material. Detta bidrar inte bara till l\u00e4gre driftskostnader utan ocks\u00e5 till en minskad milj\u00f6p\u00e5verkan.<\/p>\t\t\t\t\t\t\t\t<\/div>\n\t\t\t\t<\/div>\n\t\t\t\t\t<\/div>\n\t\t<\/div>\n\t\t\t\t\t<\/div>\n\t\t<\/section>\n\t\t\t\t<section class=\"elementor-section elementor-top-section elementor-element elementor-element-088f879 elementor-section-content-middle elementor-section-boxed elementor-section-height-default elementor-section-height-default\" data-id=\"088f879\" data-element_type=\"section\" data-e-type=\"section\">\n\t\t\t\t\t\t<div class=\"elementor-container elementor-column-gap-default\">\n\t\t\t\t\t<div class=\"elementor-column elementor-col-50 elementor-top-column elementor-element elementor-element-5f1e207\" data-id=\"5f1e207\" data-element_type=\"column\" data-e-type=\"column\">\n\t\t\t<div class=\"elementor-widget-wrap elementor-element-populated\">\n\t\t\t\t\t\t<div class=\"elementor-element elementor-element-c623a12 elementor-widget elementor-widget-heading\" data-id=\"c623a12\" data-element_type=\"widget\" data-e-type=\"widget\" data-widget_type=\"heading.default\">\n\t\t\t\t<div class=\"elementor-widget-container\">\n\t\t\t\t\t<h2 class=\"elementor-heading-title elementor-size-default\">Utforska V\u00e5rt Sortiment av Spabad i Stockholm<\/h2>\t\t\t\t<\/div>\n\t\t\t\t<\/div>\n\t\t\t\t<div class=\"elementor-element elementor-element-778cf9d elementor-widget elementor-widget-text-editor\" data-id=\"778cf9d\" data-element_type=\"widget\" data-e-type=\"widget\" data-widget_type=\"text-editor.default\">\n\t\t\t\t<div class=\"elementor-widget-container\">\n\t\t\t\t\t\t\t\t\t<h5>Spabad f\u00f6r Alla Tillf\u00e4llen<\/h5><p>Oavsett om det \u00e4r f\u00f6r avkoppling efter en l\u00e5ng arbetsdag, underh\u00e5llning av g\u00e4ster, eller f\u00f6r terapeutiska \u00e4ndam\u00e5l, har vi det perfekta spabadet f\u00f6r dig. V\u00e5rt utbud inkluderar allt fr\u00e5n kompakta modeller f\u00f6r den lilla stadsbostaden till stora, lyxiga spabad som kan rymma flera personer.<\/p><h5>Avancerade Funktioner<\/h5><p>V\u00e5ra spabad i Stockholm kommer utrustade med de senaste teknologierna inom vattenrening och hydromassage. Avancerade filtersystem och v\u00e4rmeelement s\u00e4kerst\u00e4ller att vattnet alltid \u00e4r rent och inbjudande, medan kraftfulla jetstr\u00e5lar erbjuder ultimat avkoppling och muskelavslappning.<\/p><h5>Designalternativ<\/h5><p>Vi f\u00f6rst\u00e5r att estetik \u00e4r viktig f\u00f6r v\u00e5ra kunder. D\u00e4rf\u00f6r erbjuder vi ocks\u00e5 en rad olika designalternativ, fr\u00e5n klassiskt till modernt, f\u00f6r att v\u00e5ra spabad ska kunna integreras s\u00f6ml\u00f6st i varje hemmilj\u00f6.<\/p>\t\t\t\t\t\t\t\t<\/div>\n\t\t\t\t<\/div>\n\t\t\t\t\t<\/div>\n\t\t<\/div>\n\t\t\t\t<div class=\"elementor-column elementor-col-50 elementor-top-column elementor-element elementor-element-6d3fc67\" data-id=\"6d3fc67\" data-element_type=\"column\" data-e-type=\"column\">\n\t\t\t<div class=\"elementor-widget-wrap elementor-element-populated\">\n\t\t\t\t\t\t<div class=\"elementor-element elementor-element-0cf29ad elementor-widget elementor-widget-image\" data-id=\"0cf29ad\" data-element_type=\"widget\" data-e-type=\"widget\" data-widget_type=\"image.default\">\n\t\t\t\t<div class=\"elementor-widget-container\">\n\t\t\t\t\t\t\t\t\t\t\t\t\t\t\t<img decoding=\"async\" width=\"800\" height=\"533\" src=\"https:\/\/www.viskanspa.se\/wp-content\/uploads\/2022\/10\/Sanna_5-1-1024x682.jpg\" class=\"attachment-large size-large wp-image-7672\" alt=\"\" srcset=\"https:\/\/www.viskanspa.se\/wp-content\/uploads\/2022\/10\/Sanna_5-1-1024x682.jpg 1024w, https:\/\/www.viskanspa.se\/wp-content\/uploads\/2022\/10\/Sanna_5-1-297x198.jpg 297w, https:\/\/www.viskanspa.se\/wp-content\/uploads\/2022\/10\/Sanna_5-1-505x337.jpg 505w, https:\/\/www.viskanspa.se\/wp-content\/uploads\/2022\/10\/Sanna_5-1-64x43.jpg 64w, https:\/\/www.viskanspa.se\/wp-content\/uploads\/2022\/10\/Sanna_5-1-300x200.jpg 300w, https:\/\/www.viskanspa.se\/wp-content\/uploads\/2022\/10\/Sanna_5-1-768x512.jpg 768w, https:\/\/www.viskanspa.se\/wp-content\/uploads\/2022\/10\/Sanna_5-1-1536x1024.jpg 1536w, https:\/\/www.viskanspa.se\/wp-content\/uploads\/2022\/10\/Sanna_5-1.jpg 2000w\" sizes=\"(max-width: 800px) 100vw, 800px\" \/>\t\t\t\t\t\t\t\t\t\t\t\t\t\t\t<\/div>\n\t\t\t\t<\/div>\n\t\t\t\t\t<\/div>\n\t\t<\/div>\n\t\t\t\t\t<\/div>\n\t\t<\/section>\n\t\t\t\t<section class=\"elementor-section elementor-top-section elementor-element elementor-element-07e20c5 elementor-section-content-middle elementor-reverse-tablet elementor-reverse-mobile elementor-section-boxed elementor-section-height-default elementor-section-height-default\" data-id=\"07e20c5\" data-element_type=\"section\" data-e-type=\"section\">\n\t\t\t\t\t\t<div class=\"elementor-container elementor-column-gap-default\">\n\t\t\t\t\t<div class=\"elementor-column elementor-col-50 elementor-top-column elementor-element elementor-element-c701e42\" data-id=\"c701e42\" data-element_type=\"column\" data-e-type=\"column\">\n\t\t\t<div class=\"elementor-widget-wrap elementor-element-populated\">\n\t\t\t\t\t\t<div class=\"elementor-element elementor-element-2c1dab6 elementor-widget elementor-widget-image\" data-id=\"2c1dab6\" data-element_type=\"widget\" data-e-type=\"widget\" data-widget_type=\"image.default\">\n\t\t\t\t<div class=\"elementor-widget-container\">\n\t\t\t\t\t\t\t\t\t\t\t\t\t\t\t<img loading=\"lazy\" decoding=\"async\" width=\"566\" height=\"574\" src=\"https:\/\/www.viskanspa.se\/wp-content\/uploads\/2022\/09\/1-copy.jpg\" class=\"attachment-large size-large wp-image-7634\" alt=\"\" srcset=\"https:\/\/www.viskanspa.se\/wp-content\/uploads\/2022\/09\/1-copy.jpg 566w, https:\/\/www.viskanspa.se\/wp-content\/uploads\/2022\/09\/1-copy-297x301.jpg 297w, https:\/\/www.viskanspa.se\/wp-content\/uploads\/2022\/09\/1-copy-100x100.jpg 100w, https:\/\/www.viskanspa.se\/wp-content\/uploads\/2022\/09\/1-copy-505x512.jpg 505w, https:\/\/www.viskanspa.se\/wp-content\/uploads\/2022\/09\/1-copy-64x65.jpg 64w, https:\/\/www.viskanspa.se\/wp-content\/uploads\/2022\/09\/1-copy-296x300.jpg 296w\" sizes=\"(max-width: 566px) 100vw, 566px\" \/>\t\t\t\t\t\t\t\t\t\t\t\t\t\t\t<\/div>\n\t\t\t\t<\/div>\n\t\t\t\t\t<\/div>\n\t\t<\/div>\n\t\t\t\t<div class=\"elementor-column elementor-col-50 elementor-top-column elementor-element elementor-element-7b158e2\" data-id=\"7b158e2\" data-element_type=\"column\" data-e-type=\"column\">\n\t\t\t<div class=\"elementor-widget-wrap elementor-element-populated\">\n\t\t\t\t\t\t<div class=\"elementor-element elementor-element-88f42be elementor-widget elementor-widget-heading\" data-id=\"88f42be\" data-element_type=\"widget\" data-e-type=\"widget\" data-widget_type=\"heading.default\">\n\t\t\t\t<div class=\"elementor-widget-container\">\n\t\t\t\t\t<h2 class=\"elementor-heading-title elementor-size-default\">Installation och Underh\u00e5ll<\/h2>\t\t\t\t<\/div>\n\t\t\t\t<\/div>\n\t\t\t\t<div class=\"elementor-element elementor-element-5836f35 elementor-widget elementor-widget-text-editor\" data-id=\"5836f35\" data-element_type=\"widget\" data-e-type=\"widget\" data-widget_type=\"text-editor.default\">\n\t\t\t\t<div class=\"elementor-widget-container\">\n\t\t\t\t\t\t\t\t\t<h5>Professionell Installation<\/h5><p>Vi vet att korrekt installation \u00e4r nyckeln till ett problemfritt spabads\u00e4gande. Vi har m\u00e5nga duktiga \u00e5terf\u00f6rs\u00e4ljare i Stockholm som kan garantera en professionell installation av ditt spabad, med minimal st\u00f6rning av din dagliga rutin.<\/p><h5>Underh\u00e5ll och Support<\/h5><p>De flesta \u00e5terf\u00f6rs\u00e4ljare erbjuder ocks\u00e5 regelbunden service och underh\u00e5ll f\u00f6r att s\u00e4kerst\u00e4lla att ditt spabad alltid fungerar optimalt.<\/p>\t\t\t\t\t\t\t\t<\/div>\n\t\t\t\t<\/div>\n\t\t\t\t\t<\/div>\n\t\t<\/div>\n\t\t\t\t\t<\/div>\n\t\t<\/section>\n\t\t\t\t<section class=\"elementor-section elementor-top-section elementor-element elementor-element-8a4af52 elementor-section-boxed elementor-section-height-default elementor-section-height-default\" data-id=\"8a4af52\" data-element_type=\"section\" data-e-type=\"section\">\n\t\t\t\t\t\t<div class=\"elementor-container elementor-column-gap-default\">\n\t\t\t\t\t<div class=\"elementor-column elementor-col-100 elementor-top-column elementor-element elementor-element-ca833dd\" data-id=\"ca833dd\" data-element_type=\"column\" data-e-type=\"column\">\n\t\t\t<div class=\"elementor-widget-wrap elementor-element-populated\">\n\t\t\t\t\t\t<div class=\"elementor-element elementor-element-691eec0 elementor-widget elementor-widget-heading\" data-id=\"691eec0\" data-element_type=\"widget\" data-e-type=\"widget\" data-widget_type=\"heading.default\">\n\t\t\t\t<div class=\"elementor-widget-container\">\n\t\t\t\t\t<h2 class=\"elementor-heading-title elementor-size-default\">Vanliga fr\u00e5gor om spabad i Stockholm<\/h2>\t\t\t\t<\/div>\n\t\t\t\t<\/div>\n\t\t\t\t<div class=\"elementor-element elementor-element-06cbdfb elementor-widget elementor-widget-text-editor\" data-id=\"06cbdfb\" data-element_type=\"widget\" data-e-type=\"widget\" data-widget_type=\"text-editor.default\">\n\t\t\t\t<div class=\"elementor-widget-container\">\n\t\t\t\t\t\t\t\t\t<ul><li><p><strong>Hur f\u00f6rbereder jag min bostad f\u00f6r installation av spabad?<\/strong> V\u00e5rt team hj\u00e4lper dig att utv\u00e4rdera din plats och ger r\u00e5d om de b\u00e4sta f\u00f6rberedelserna f\u00f6r installation.<\/p><\/li><li><p><strong>Vad ing\u00e5r i underh\u00e5llet av ett spabad?<\/strong> Regelbunden reng\u00f6ring av filter, kontroll av vattenkemi och kontroll av spabadets fysiska skick \u00e4r vitala delar av underh\u00e5llet.<\/p><\/li><li><p><strong>Hur energieffektivt \u00e4r ett spabad fr\u00e5n Viskan Spa?<\/strong> V\u00e5ra spabad \u00e4r designade f\u00f6r att vara energieffektiva med avancerad isolering och energisn\u00e5la pumpar och v\u00e4rmesystem.<\/p><\/li><\/ul><p>Att v\u00e4lja ett spabad fr\u00e5n Viskan Spa i Stockholm \u00e4r ett beslut som f\u00f6renar lyx med praktisk funktionalitet. Bes\u00f6k v\u00e5r hemsida eller v\u00e5rt showroom i Stockholm f\u00f6r att se hur vi kan f\u00f6rvandla din vardag med ett exceptionellt spabad.<\/p>\t\t\t\t\t\t\t\t<\/div>\n\t\t\t\t<\/div>\n\t\t\t\t<div class=\"elementor-element elementor-element-8dbc06d elementor-widget elementor-widget-heading\" data-id=\"8dbc06d\" data-element_type=\"widget\" data-e-type=\"widget\" data-widget_type=\"heading.default\">\n\t\t\t\t<div class=\"elementor-widget-container\">\n\t\t\t\t\t<h2 class=\"elementor-heading-title elementor-size-default\">Hitta din n\u00e4rmaste \u00e5terf\u00f6rs\u00e4ljare h\u00e4r<\/h2>\t\t\t\t<\/div>\n\t\t\t\t<\/div>\n\t\t\t\t<div class=\"elementor-element elementor-element-bf7ea6b elementor-align-center elementor-widget elementor-widget-button\" data-id=\"bf7ea6b\" data-element_type=\"widget\" data-e-type=\"widget\" data-widget_type=\"button.default\">\n\t\t\t\t<div class=\"elementor-widget-container\">\n\t\t\t\t\t\t\t\t\t<div class=\"elementor-button-wrapper\">\n\t\t\t\t\t<a class=\"elementor-button elementor-button-link elementor-size-sm\" href=\"\/en\/aterforsaljare\/\">\n\t\t\t\t\t\t<span class=\"elementor-button-content-wrapper\">\n\t\t\t\t\t\t\t\t\t<span class=\"elementor-button-text\">Se v\u00e5ra \u00e5terf\u00f6rs\u00e4ljare i stockholm<\/span>\n\t\t\t\t\t<\/span>\n\t\t\t\t\t<\/a>\n\t\t\t\t<\/div>\n\t\t\t\t\t\t\t\t<\/div>\n\t\t\t\t<\/div>\n\t\t\t\t\t<\/div>\n\t\t<\/div>\n\t\t\t\t\t<\/div>\n\t\t<\/section>\n\t\t\t\t<\/div>","protected":false},"excerpt":{"rendered":"<p>Spabad Stockholm Viskan Spa: Din Destination f\u00f6r Spabad i Stockholm Stockholm, Sveriges pulserande huvudstad, \u00e4r k\u00e4nd f\u00f6r sin sk\u00f6nhet och h\u00f6ga livskvalitet. F\u00f6r de som s\u00f6ker efter det d\u00e4r lilla extra f\u00f6r att f\u00f6rh\u00f6ja sitt hem och sitt v\u00e4lbefinnande, erbjuder Viskan Spa en exklusiv upplevelse med v\u00e5ra lyxiga spabad. Viskan Spa, som \u00e4r en ledande [&hellip;]<\/p>\n","protected":false},"author":1,"featured_media":0,"parent":1812,"menu_order":0,"comment_status":"closed","ping_status":"closed","template":"","meta":{"_acf_changed":false,"footnotes":""},"class_list":["post-13005","page","type-page","status-publish","hentry"],"acf":[],"_links":{"self":[{"href":"https:\/\/www.viskanspa.se\/en\/wp-json\/wp\/v2\/pages\/13005","targetHints":{"allow":["GET"]}}],"collection":[{"href":"https:\/\/www.viskanspa.se\/en\/wp-json\/wp\/v2\/pages"}],"about":[{"href":"https:\/\/www.viskanspa.se\/en\/wp-json\/wp\/v2\/types\/page"}],"author":[{"embeddable":true,"href":"https:\/\/www.viskanspa.se\/en\/wp-json\/wp\/v2\/users\/1"}],"replies":[{"embeddable":true,"href":"https:\/\/www.viskanspa.se\/en\/wp-json\/wp\/v2\/comments?post=13005"}],"version-history":[{"count":12,"href":"https:\/\/www.viskanspa.se\/en\/wp-json\/wp\/v2\/pages\/13005\/revisions"}],"predecessor-version":[{"id":13048,"href":"https:\/\/www.viskanspa.se\/en\/wp-json\/wp\/v2\/pages\/13005\/revisions\/13048"}],"up":[{"embeddable":true,"href":"https:\/\/www.viskanspa.se\/en\/wp-json\/wp\/v2\/pages\/1812"}],"wp:attachment":[{"href":"https:\/\/www.viskanspa.se\/en\/wp-json\/wp\/v2\/media?parent=13005"}],"curies":[{"name":"wp","href":"https:\/\/api.w.org\/{rel}","templated":true}]}}