{"id":12695,"date":"2024-03-25T11:29:54","date_gmt":"2024-03-25T11:29:54","guid":{"rendered":"https:\/\/www.viskanspa.se\/?page_id=12695"},"modified":"2026-04-10T14:21:53","modified_gmt":"2026-04-10T14:21:53","slug":"kampanj","status":"publish","type":"page","link":"https:\/\/www.viskanspa.se\/en\/kampanj\/","title":{"rendered":"Campaign"},"content":{"rendered":"\t\t<div data-elementor-type=\"wp-page\" data-elementor-id=\"12695\" class=\"elementor elementor-12695\" data-elementor-post-type=\"page\">\n\t\t\t\t\t\t<section class=\"elementor-section elementor-top-section elementor-element elementor-element-34fa0eb elementor-section-full_width elementor-section-content-middle elementor-section-height-min-height elementor-section-height-default elementor-section-items-middle\" data-id=\"34fa0eb\" data-element_type=\"section\" data-e-type=\"section\" data-settings=\"{&quot;background_background&quot;:&quot;classic&quot;}\">\n\t\t\t\t\t\t\t<div class=\"elementor-background-overlay\"><\/div>\n\t\t\t\t\t\t\t<div class=\"elementor-container elementor-column-gap-default\">\n\t\t\t\t\t<div class=\"elementor-column elementor-col-100 elementor-top-column elementor-element elementor-element-902ad08\" data-id=\"902ad08\" data-element_type=\"column\" data-e-type=\"column\" data-settings=\"{&quot;background_background&quot;:&quot;classic&quot;}\">\n\t\t\t<div class=\"elementor-widget-wrap elementor-element-populated\">\n\t\t\t\t\t\t\t<\/div>\n\t\t<\/div>\n\t\t\t\t\t<\/div>\n\t\t<\/section>\n\t\t<div class=\"elementor-element elementor-element-d49397e e-flex e-con-boxed e-con e-parent\" data-id=\"d49397e\" data-element_type=\"container\" data-e-type=\"container\">\n\t\t\t\t\t<div class=\"e-con-inner\">\n\t\t<div class=\"elementor-element elementor-element-3162935 e-con-full e-flex e-con e-child\" data-id=\"3162935\" data-element_type=\"container\" data-e-type=\"container\">\n\t\t\t\t<div class=\"elementor-element elementor-element-e6f058e elementor-widget elementor-widget-text-editor\" data-id=\"e6f058e\" data-element_type=\"widget\" data-e-type=\"widget\" data-widget_type=\"text-editor.default\">\n\t\t\t\t<div class=\"elementor-widget-container\">\n\t\t\t\t\t\t\t\t\t<h3><b>Nu startar v\u00e5rens stora kampanj!<\/b><\/h3>\n<h5>Passa p\u00e5 och k\u00f6p ditt spabad redan nu f\u00f6r m\u00e5nga njutningsfyllda v\u00e5rkv\u00e4llar. Under kampanjperioden f\u00e5r du <b>10.000 kr rabatt<\/b> p\u00e5 alla v\u00e5ra spabad i&nbsp;<a href=\"https:\/\/www.viskanspa.se\/spabad\/kategori\/v-serien\/\" target=\"_blank\" rel=\"noopener\">V-serien<\/a>&nbsp;och&nbsp;<a href=\"https:\/\/www.viskanspa.se\/spabad\/kategori\/white-edition\/\" target=\"_blank\" rel=\"noopener\">White Edition<\/a>&nbsp;och <b>5.000 kr rabatt<\/b> p\u00e5 de nya spabaden i S-serien;&nbsp;<a href=\"https:\/\/www.viskanspa.se\/spabad\/s-serien\/viskan-havso\/\" target=\"_blank\" rel=\"noopener\">Havs\u00f6&nbsp;<\/a>och&nbsp;<a href=\"https:\/\/www.viskanspa.se\/spabad\/s-serien\/viskan-klippo\/\" target=\"_blank\" rel=\"noopener\">Klipp\u00f6<\/a>.&nbsp;<\/h5>\n<div><i>Kampanjen p\u00e5g\u00e5r 2026-04-13 &#8211; 2026-05-31. Erbjudandet g\u00e5r inte att kombinera med andra erbjudanden.<br><br><\/i><\/div>\n<p data-start=\"458\" data-end=\"610\">\ud83d\udc49 Kontakta din&nbsp;<a href=\"https:\/\/www.viskanspa.se\/aterforsaljare\/\" target=\"_blank\" rel=\"noopener\">\u00e5terf\u00f6rs\u00e4ljare&nbsp;<\/a>f\u00f6r mer information och best\u00e4llning!<\/p>\n<p data-start=\"458\" data-end=\"610\">\ud83d\udc49 Eller fyll i nedan formul\u00e4r, s\u00e5 hj\u00e4lper vi dig vidare:<\/p>\t\t\t\t\t\t\t\t<\/div>\n\t\t\t\t<\/div>\n\t\t\t\t<div class=\"elementor-element elementor-element-cc30fad elementor-button-align-stretch elementor-widget elementor-widget-form\" data-id=\"cc30fad\" data-element_type=\"widget\" data-e-type=\"widget\" data-settings=\"{&quot;step_next_label&quot;:&quot;N\\u00e4sta&quot;,&quot;step_previous_label&quot;:&quot;F\\u00f6reg\\u00e5ende&quot;,&quot;button_width&quot;:&quot;100&quot;,&quot;step_type&quot;:&quot;number_text&quot;,&quot;step_icon_shape&quot;:&quot;circle&quot;}\" data-widget_type=\"form.default\">\n\t\t\t\t<div class=\"elementor-widget-container\">\n\t\t\t\t\t\t\t<form class=\"elementor-form\" method=\"post\" name=\"Nytt formul\u00e4r\" aria-label=\"Nytt formul\u00e4r\">\n\t\t\t<input type=\"hidden\" name=\"post_id\" value=\"12695\"\/>\n\t\t\t<input type=\"hidden\" name=\"form_id\" value=\"cc30fad\"\/>\n\t\t\t<input type=\"hidden\" name=\"referer_title\" value=\"Kampanj Spabad - Viskan Spa\" \/>\n\n\t\t\t\t\t\t\t<input type=\"hidden\" name=\"queried_id\" value=\"12695\"\/>\n\t\t\t\n\t\t\t<div class=\"elementor-form-fields-wrapper elementor-labels-above\">\n\t\t\t\t\t\t\t\t<div class=\"elementor-field-type-text elementor-field-group elementor-column elementor-field-group-name elementor-col-100\">\n\t\t\t\t\t\t\t\t\t\t\t\t<label for=\"form-field-name\" class=\"elementor-field-label\">\n\t\t\t\t\t\t\t\tNamn\t\t\t\t\t\t\t<\/label>\n\t\t\t\t\t\t\t\t\t\t\t\t\t\t<input size=\"1\" type=\"text\" name=\"form_fields[name]\" id=\"form-field-name\" class=\"elementor-field elementor-size-sm  elementor-field-textual\" placeholder=\"Namn\">\n\t\t\t\t\t\t\t\t\t\t\t<\/div>\n\t\t\t\t\t\t\t\t<div class=\"elementor-field-type-email elementor-field-group elementor-column elementor-field-group-email elementor-col-100 elementor-field-required\">\n\t\t\t\t\t\t\t\t\t\t\t\t<label for=\"form-field-email\" class=\"elementor-field-label\">\n\t\t\t\t\t\t\t\tE-post\t\t\t\t\t\t\t<\/label>\n\t\t\t\t\t\t\t\t\t\t\t\t\t\t<input size=\"1\" type=\"email\" name=\"form_fields[email]\" id=\"form-field-email\" class=\"elementor-field elementor-size-sm  elementor-field-textual\" placeholder=\"E-post\" required=\"required\">\n\t\t\t\t\t\t\t\t\t\t\t<\/div>\n\t\t\t\t\t\t\t\t<div class=\"elementor-field-type-textarea elementor-field-group elementor-column elementor-field-group-message elementor-col-100\">\n\t\t\t\t\t\t\t\t\t\t\t\t<label for=\"form-field-message\" class=\"elementor-field-label\">\n\t\t\t\t\t\t\t\tMeddelande\t\t\t\t\t\t\t<\/label>\n\t\t\t\t\t\t<textarea class=\"elementor-field-textual elementor-field  elementor-size-sm\" name=\"form_fields[message]\" id=\"form-field-message\" rows=\"4\" placeholder=\"Meddelande\"><\/textarea>\t\t\t\t<\/div>\n\t\t\t\t\t\t\t\t<div class=\"elementor-field-group elementor-column elementor-field-type-submit elementor-col-100 e-form__buttons\">\n\t\t\t\t\t<button class=\"elementor-button elementor-size-sm\" type=\"submit\">\n\t\t\t\t\t\t<span class=\"elementor-button-content-wrapper\">\n\t\t\t\t\t\t\t\t\t\t\t\t\t\t\t\t\t\t\t\t\t\t<span class=\"elementor-button-text\">Skicka<\/span>\n\t\t\t\t\t\t\t\t\t\t\t\t\t<\/span>\n\t\t\t\t\t<\/button>\n\t\t\t\t<\/div>\n\t\t\t<\/div>\n\t\t<\/form>\n\t\t\t\t\t\t<\/div>\n\t\t\t\t<\/div>\n\t\t\t\t<\/div>\n\t\t<div class=\"elementor-element elementor-element-af0fee9 e-con-full e-flex e-con e-child\" data-id=\"af0fee9\" data-element_type=\"container\" data-e-type=\"container\">\n\t\t\t\t<div class=\"elementor-element elementor-element-00e8a3d elementor-widget elementor-widget-image\" data-id=\"00e8a3d\" data-element_type=\"widget\" data-e-type=\"widget\" data-widget_type=\"image.default\">\n\t\t\t\t<div class=\"elementor-widget-container\">\n\t\t\t\t\t\t\t\t\t\t\t\t\t\t\t<img fetchpriority=\"high\" decoding=\"async\" width=\"576\" height=\"1024\" src=\"https:\/\/www.viskanspa.se\/wp-content\/uploads\/2026\/04\/Webb-Var-kampanj-1080x1920-1-576x1024.png\" class=\"attachment-large size-large wp-image-18877\" alt=\"V\u00e5rens nyheter i S-serien\" srcset=\"https:\/\/www.viskanspa.se\/wp-content\/uploads\/2026\/04\/Webb-Var-kampanj-1080x1920-1-576x1024.png 576w, https:\/\/www.viskanspa.se\/wp-content\/uploads\/2026\/04\/Webb-Var-kampanj-1080x1920-1-169x300.png 169w, https:\/\/www.viskanspa.se\/wp-content\/uploads\/2026\/04\/Webb-Var-kampanj-1080x1920-1-768x1365.png 768w, https:\/\/www.viskanspa.se\/wp-content\/uploads\/2026\/04\/Webb-Var-kampanj-1080x1920-1-864x1536.png 864w, https:\/\/www.viskanspa.se\/wp-content\/uploads\/2026\/04\/Webb-Var-kampanj-1080x1920-1-7x12.png 7w, https:\/\/www.viskanspa.se\/wp-content\/uploads\/2026\/04\/Webb-Var-kampanj-1080x1920-1-297x528.png 297w, https:\/\/www.viskanspa.se\/wp-content\/uploads\/2026\/04\/Webb-Var-kampanj-1080x1920-1-505x898.png 505w, https:\/\/www.viskanspa.se\/wp-content\/uploads\/2026\/04\/Webb-Var-kampanj-1080x1920-1-64x114.png 64w, https:\/\/www.viskanspa.se\/wp-content\/uploads\/2026\/04\/Webb-Var-kampanj-1080x1920-1.png 1080w\" sizes=\"(max-width: 576px) 100vw, 576px\" \/>\t\t\t\t\t\t\t\t\t\t\t\t\t\t\t<\/div>\n\t\t\t\t<\/div>\n\t\t\t\t<\/div>\n\t\t\t\t\t<\/div>\n\t\t\t\t<\/div>\n\t\t\t\t<section class=\"elementor-section elementor-top-section elementor-element elementor-element-9af1ec9 elementor-section-boxed elementor-section-height-default elementor-section-height-default\" data-id=\"9af1ec9\" data-element_type=\"section\" data-e-type=\"section\">\n\t\t\t\t\t\t<div class=\"elementor-container elementor-column-gap-default\">\n\t\t\t\t\t<div class=\"elementor-column elementor-col-100 elementor-top-column elementor-element elementor-element-26569c2\" data-id=\"26569c2\" data-element_type=\"column\" data-e-type=\"column\">\n\t\t\t<div class=\"elementor-widget-wrap elementor-element-populated\">\n\t\t\t\t\t\t<div class=\"elementor-element elementor-element-3cfd369 elementor-widget elementor-widget-spacer\" data-id=\"3cfd369\" data-element_type=\"widget\" data-e-type=\"widget\" data-widget_type=\"spacer.default\">\n\t\t\t\t<div class=\"elementor-widget-container\">\n\t\t\t\t\t\t\t<div class=\"elementor-spacer\">\n\t\t\t<div class=\"elementor-spacer-inner\"><\/div>\n\t\t<\/div>\n\t\t\t\t\t\t<\/div>\n\t\t\t\t<\/div>\n\t\t\t\t\t<\/div>\n\t\t<\/div>\n\t\t\t\t\t<\/div>\n\t\t<\/section>\n\t\t<div class=\"elementor-element elementor-element-c54846a e-flex e-con-boxed e-con e-parent\" data-id=\"c54846a\" data-element_type=\"container\" data-e-type=\"container\">\n\t\t\t\t\t<div class=\"e-con-inner\">\n\t\t\t\t\t<\/div>\n\t\t\t\t<\/div>\n\t\t\t\t<\/div>\n\t\t","protected":false},"excerpt":{"rendered":"<p>Nu startar v\u00e5rens stora kampanj! Passa p\u00e5 och k\u00f6p ditt spabad redan nu f\u00f6r m\u00e5nga njutningsfyllda v\u00e5rkv\u00e4llar. Under kampanjperioden f\u00e5r du 10.000 kr rabatt p\u00e5 alla v\u00e5ra spabad i&nbsp;V-serien&nbsp;och&nbsp;White Edition&nbsp;och 5.000 kr rabatt p\u00e5 de nya spabaden i S-serien;&nbsp;Havs\u00f6&nbsp;och&nbsp;Klipp\u00f6.&nbsp; Kampanjen p\u00e5g\u00e5r 2026-04-13 &#8211; 2026-05-31. Erbjudandet g\u00e5r inte att kombinera med andra erbjudanden. \ud83d\udc49 Kontakta din&nbsp;\u00e5terf\u00f6rs\u00e4ljare&nbsp;f\u00f6r [&hellip;]<\/p>\n","protected":false},"author":1,"featured_media":0,"parent":0,"menu_order":0,"comment_status":"closed","ping_status":"closed","template":"","meta":{"_acf_changed":false,"footnotes":""},"class_list":["post-12695","page","type-page","status-publish","hentry"],"acf":[],"_links":{"self":[{"href":"https:\/\/www.viskanspa.se\/en\/wp-json\/wp\/v2\/pages\/12695","targetHints":{"allow":["GET"]}}],"collection":[{"href":"https:\/\/www.viskanspa.se\/en\/wp-json\/wp\/v2\/pages"}],"about":[{"href":"https:\/\/www.viskanspa.se\/en\/wp-json\/wp\/v2\/types\/page"}],"author":[{"embeddable":true,"href":"https:\/\/www.viskanspa.se\/en\/wp-json\/wp\/v2\/users\/1"}],"replies":[{"embeddable":true,"href":"https:\/\/www.viskanspa.se\/en\/wp-json\/wp\/v2\/comments?post=12695"}],"version-history":[{"count":143,"href":"https:\/\/www.viskanspa.se\/en\/wp-json\/wp\/v2\/pages\/12695\/revisions"}],"predecessor-version":[{"id":18896,"href":"https:\/\/www.viskanspa.se\/en\/wp-json\/wp\/v2\/pages\/12695\/revisions\/18896"}],"wp:attachment":[{"href":"https:\/\/www.viskanspa.se\/en\/wp-json\/wp\/v2\/media?parent=12695"}],"curies":[{"name":"wp","href":"https:\/\/api.w.org\/{rel}","templated":true}]}}