{"id":10262,"date":"2023-05-30T06:30:33","date_gmt":"2023-05-30T06:30:33","guid":{"rendered":"https:\/\/www.viskanspa.se\/?page_id=10262"},"modified":"2024-11-26T10:27:49","modified_gmt":"2024-11-26T10:27:49","slug":"bli-aterforsaljare","status":"publish","type":"page","link":"https:\/\/www.viskanspa.se\/en\/bli-aterforsaljare\/","title":{"rendered":"Become a reseller"},"content":{"rendered":"<div data-elementor-type=\"wp-page\" data-elementor-id=\"10262\" class=\"elementor elementor-10262\" data-elementor-post-type=\"page\">\n\t\t\t\t\t\t<section class=\"elementor-section elementor-top-section elementor-element elementor-element-3e1e642 elementor-section-full_width elementor-section-content-middle elementor-section-height-min-height elementor-section-height-default elementor-section-items-middle\" data-id=\"3e1e642\" data-element_type=\"section\" data-e-type=\"section\" data-settings=\"{&quot;background_background&quot;:&quot;classic&quot;}\">\n\t\t\t\t\t\t\t<div class=\"elementor-background-overlay\"><\/div>\n\t\t\t\t\t\t\t<div class=\"elementor-container elementor-column-gap-default\">\n\t\t\t\t\t<div class=\"elementor-column elementor-col-100 elementor-top-column elementor-element elementor-element-e39001f\" data-id=\"e39001f\" data-element_type=\"column\" data-e-type=\"column\" data-settings=\"{&quot;background_background&quot;:&quot;classic&quot;}\">\n\t\t\t<div class=\"elementor-widget-wrap elementor-element-populated\">\n\t\t\t\t\t\t<div class=\"elementor-element elementor-element-af5ae0e elementor-widget elementor-widget-heading\" data-id=\"af5ae0e\" data-element_type=\"widget\" data-e-type=\"widget\" data-widget_type=\"heading.default\">\n\t\t\t\t<div class=\"elementor-widget-container\">\n\t\t\t\t\t<h1 class=\"elementor-heading-title elementor-size-default\">Become a reseller<\/h1>\t\t\t\t<\/div>\n\t\t\t\t<\/div>\n\t\t\t\t\t<\/div>\n\t\t<\/div>\n\t\t\t\t\t<\/div>\n\t\t<\/section>\n\t\t\t\t<section class=\"elementor-section elementor-top-section elementor-element elementor-element-c3db270 elementor-section-content-middle elementor-section-boxed elementor-section-height-default elementor-section-height-default\" data-id=\"c3db270\" data-element_type=\"section\" data-e-type=\"section\">\n\t\t\t\t\t\t<div class=\"elementor-container elementor-column-gap-default\">\n\t\t\t\t\t<div class=\"elementor-column elementor-col-50 elementor-top-column elementor-element elementor-element-d39497e\" data-id=\"d39497e\" data-element_type=\"column\" data-e-type=\"column\">\n\t\t\t<div class=\"elementor-widget-wrap elementor-element-populated\">\n\t\t\t\t\t\t<div class=\"elementor-element elementor-element-c6abe1c elementor-widget elementor-widget-heading\" data-id=\"c6abe1c\" data-element_type=\"widget\" data-e-type=\"widget\" data-widget_type=\"heading.default\">\n\t\t\t\t<div class=\"elementor-widget-container\">\n\t\t\t\t\t<h2 class=\"elementor-heading-title elementor-size-default\">Kvalit\u00e9 och Passion: Viskan Spa S\u00f6ker Nya \u00c5terf\u00f6rs\u00e4ljare<\/h2>\t\t\t\t<\/div>\n\t\t\t\t<\/div>\n\t\t\t\t<div class=\"elementor-element elementor-element-1babc0a elementor-widget elementor-widget-text-editor\" data-id=\"1babc0a\" data-element_type=\"widget\" data-e-type=\"widget\" data-widget_type=\"text-editor.default\">\n\t\t\t\t<div class=\"elementor-widget-container\">\n\t\t\t\t\t\t\t\t\t<p class=\"p1\">Viskan Spa \u00e4r en av Europas st\u00f6rsta tillverkare av Spabad och har f\u00f6r avsikt att v\u00e4xa \u00e4n st\u00f6rre och starkare. Grunden f\u00f6r detta \u00e4r i duktiga och engagerade medarbetare och \u00e5terf\u00f6rs\u00e4ljare som brinner f\u00f6r v\u00e5ra produkter och f\u00f6r det merv\u00e4rde och livskvalit\u00e9 vi vill f\u00f6rmedla genom dessa.<\/p><p class=\"p1\">Skulle du vilja vara en del av Viskan Spa och brinner f\u00f6r att driva butik s\u00e5 h\u00f6r g\u00e4rna av dig till oss f\u00f6r mer information om hur vi eventuellt kan hitta ett givande samarbete.<span class=\"Apple-converted-space\">\u00a0<\/span><\/p><p class=\"p1\"><b>Just nu s\u00f6ker vi \u00e5terf\u00f6rs\u00e4ljare i:<\/b><\/p><p class=\"p1\">Belgum<span class=\"Apple-converted-space\">\u00a0<\/span><\/p><p class=\"p1\">Norrk\u00f6ping<\/p><p class=\"p1\">Om du har en befintlig butik eller vill \u00f6ppna en butik i n\u00e5gon av dessa st\u00e4der s\u00e5 vv kontakta v\u00e5r f\u00f6rs\u00e4ljningschef Johan Eriksson via mail: <a style=\"color: orange;\" href=\"mailto:johan.eriksson@viskanspa.se\">johan.eriksson@viskanspa.se<\/a><\/p><p class=\"p1\">Vi st\u00e5r f\u00f6r utbildning och visst markandsmaterial till butiken. Vi har \u00e4ven f\u00f6rdelaktiga finansieringsl\u00f6sningar g\u00e4llande utst\u00e4llningsbad.<\/p>\t\t\t\t\t\t\t\t<\/div>\n\t\t\t\t<\/div>\n\t\t\t\t\t<\/div>\n\t\t<\/div>\n\t\t\t\t<div class=\"elementor-column elementor-col-50 elementor-top-column elementor-element elementor-element-4b5b809\" data-id=\"4b5b809\" data-element_type=\"column\" data-e-type=\"column\">\n\t\t\t<div class=\"elementor-widget-wrap elementor-element-populated\">\n\t\t\t\t\t\t<div class=\"elementor-element elementor-element-c8a23be elementor-widget elementor-widget-image\" data-id=\"c8a23be\" data-element_type=\"widget\" data-e-type=\"widget\" data-widget_type=\"image.default\">\n\t\t\t\t<div class=\"elementor-widget-container\">\n\t\t\t\t\t\t\t\t\t\t\t\t\t\t\t<img fetchpriority=\"high\" decoding=\"async\" width=\"800\" height=\"560\" src=\"https:\/\/www.viskanspa.se\/wp-content\/uploads\/2022\/10\/Screenshot-2022-10-03-at-11.42.42-e1664790220177.jpg\" class=\"attachment-large size-large wp-image-7664\" alt=\"\" srcset=\"https:\/\/www.viskanspa.se\/wp-content\/uploads\/2022\/10\/Screenshot-2022-10-03-at-11.42.42-e1664790220177.jpg 800w, https:\/\/www.viskanspa.se\/wp-content\/uploads\/2022\/10\/Screenshot-2022-10-03-at-11.42.42-e1664790220177-297x208.jpg 297w, https:\/\/www.viskanspa.se\/wp-content\/uploads\/2022\/10\/Screenshot-2022-10-03-at-11.42.42-e1664790220177-505x354.jpg 505w, https:\/\/www.viskanspa.se\/wp-content\/uploads\/2022\/10\/Screenshot-2022-10-03-at-11.42.42-e1664790220177-64x45.jpg 64w, https:\/\/www.viskanspa.se\/wp-content\/uploads\/2022\/10\/Screenshot-2022-10-03-at-11.42.42-e1664790220177-300x210.jpg 300w, https:\/\/www.viskanspa.se\/wp-content\/uploads\/2022\/10\/Screenshot-2022-10-03-at-11.42.42-e1664790220177-768x538.jpg 768w\" sizes=\"(max-width: 800px) 100vw, 800px\" \/>\t\t\t\t\t\t\t\t\t\t\t\t\t\t\t<\/div>\n\t\t\t\t<\/div>\n\t\t\t\t\t<\/div>\n\t\t<\/div>\n\t\t\t\t\t<\/div>\n\t\t<\/section>\n\t\t\t\t<section class=\"elementor-section elementor-top-section elementor-element elementor-element-f7f20f9 elementor-section-content-middle elementor-section-boxed elementor-section-height-default elementor-section-height-default\" data-id=\"f7f20f9\" data-element_type=\"section\" data-e-type=\"section\">\n\t\t\t\t\t\t<div class=\"elementor-container elementor-column-gap-default\">\n\t\t\t\t\t<div class=\"elementor-column elementor-col-100 elementor-top-column elementor-element elementor-element-92eb3dc\" data-id=\"92eb3dc\" data-element_type=\"column\" data-e-type=\"column\">\n\t\t\t<div class=\"elementor-widget-wrap elementor-element-populated\">\n\t\t\t\t\t\t<div class=\"elementor-element elementor-element-844c684 elementor-widget elementor-widget-heading\" data-id=\"844c684\" data-element_type=\"widget\" data-e-type=\"widget\" data-widget_type=\"heading.default\">\n\t\t\t\t<div class=\"elementor-widget-container\">\n\t\t\t\t\t<h2 class=\"elementor-heading-title elementor-size-default\">Du kan ocks\u00e5 kontakta v\u00e5r s\u00e4ljansvarige h\u00e4r<\/h2>\t\t\t\t<\/div>\n\t\t\t\t<\/div>\n\t\t\t\t<div class=\"elementor-element elementor-element-287effd elementor-align-center elementor-widget elementor-widget-button\" data-id=\"287effd\" data-element_type=\"widget\" data-e-type=\"widget\" data-widget_type=\"button.default\">\n\t\t\t\t<div class=\"elementor-widget-container\">\n\t\t\t\t\t\t\t\t\t<div class=\"elementor-button-wrapper\">\n\t\t\t\t\t<a class=\"elementor-button elementor-button-link elementor-size-sm\" href=\"mailto:johan.eriksson@viskanspa.se\">\n\t\t\t\t\t\t<span class=\"elementor-button-content-wrapper\">\n\t\t\t\t\t\t\t\t\t<span class=\"elementor-button-text\">S\u00e4ljansvarig Viskan Spa<\/span>\n\t\t\t\t\t<\/span>\n\t\t\t\t\t<\/a>\n\t\t\t\t<\/div>\n\t\t\t\t\t\t\t\t<\/div>\n\t\t\t\t<\/div>\n\t\t\t\t\t<\/div>\n\t\t<\/div>\n\t\t\t\t\t<\/div>\n\t\t<\/section>\n\t\t\t\t<\/div>","protected":false},"excerpt":{"rendered":"<p>Bli \u00e5terf\u00f6rs\u00e4ljare Kvalit\u00e9 och Passion: Viskan Spa S\u00f6ker Nya \u00c5terf\u00f6rs\u00e4ljare Viskan Spa \u00e4r en av Europas st\u00f6rsta tillverkare av Spabad och har f\u00f6r avsikt att v\u00e4xa \u00e4n st\u00f6rre och starkare. Grunden f\u00f6r detta \u00e4r i duktiga och engagerade medarbetare och \u00e5terf\u00f6rs\u00e4ljare som brinner f\u00f6r v\u00e5ra produkter och f\u00f6r det merv\u00e4rde och livskvalit\u00e9 vi vill f\u00f6rmedla [&hellip;]<\/p>\n","protected":false},"author":1,"featured_media":0,"parent":0,"menu_order":0,"comment_status":"closed","ping_status":"closed","template":"","meta":{"_acf_changed":false,"footnotes":""},"class_list":["post-10262","page","type-page","status-publish","hentry"],"acf":[],"_links":{"self":[{"href":"https:\/\/www.viskanspa.se\/en\/wp-json\/wp\/v2\/pages\/10262","targetHints":{"allow":["GET"]}}],"collection":[{"href":"https:\/\/www.viskanspa.se\/en\/wp-json\/wp\/v2\/pages"}],"about":[{"href":"https:\/\/www.viskanspa.se\/en\/wp-json\/wp\/v2\/types\/page"}],"author":[{"embeddable":true,"href":"https:\/\/www.viskanspa.se\/en\/wp-json\/wp\/v2\/users\/1"}],"replies":[{"embeddable":true,"href":"https:\/\/www.viskanspa.se\/en\/wp-json\/wp\/v2\/comments?post=10262"}],"version-history":[{"count":30,"href":"https:\/\/www.viskanspa.se\/en\/wp-json\/wp\/v2\/pages\/10262\/revisions"}],"predecessor-version":[{"id":14486,"href":"https:\/\/www.viskanspa.se\/en\/wp-json\/wp\/v2\/pages\/10262\/revisions\/14486"}],"wp:attachment":[{"href":"https:\/\/www.viskanspa.se\/en\/wp-json\/wp\/v2\/media?parent=10262"}],"curies":[{"name":"wp","href":"https:\/\/api.w.org\/{rel}","templated":true}]}}